{"id":618,"date":"2021-11-24T19:32:56","date_gmt":"2021-11-24T18:32:56","guid":{"rendered":"https:\/\/www.humusformen.de\/?page_id=618"},"modified":"2022-01-17T12:06:57","modified_gmt":"2022-01-17T11:06:57","slug":"pechmoder-amp","status":"publish","type":"page","link":"https:\/\/www.humusformen.de\/?page_id=618","title":{"rendered":"Pechmoder"},"content":{"rendered":"<p>In der subalpinen bis alpinen H\u00f6henstufe kann sich unter Heidevegetation und lichten W\u00e4ldern auf Kalk- und Mergelgestein sowie zwischen Kalk- und Mergelsteinschutt ein m\u00e4chtiger stark belebter Oxh-Horizont entwickeln, der \u00fcberwiegend aus Exkrementen der Mesofauna (Springschw\u00e4nze, Hornmilben, Enchytr\u00e4en, Insektenlarven) besteht. Der Oxh-Horizont ist feinkr\u00fcmelig und gut basenversorgt.<\/p>\n<ul>\n<li>Ol-Horizont vorhanden und<\/li>\n<li>Of-Horizont vorhanden und<\/li>\n<li>Oxh-Horizont vorhanden, entweder dem Festgestein unmittelbar aufliegend oder Hohlr\u00e4ume zwischen Gesteinsschutt f\u00fcllend oder in Einzelf\u00e4llen auf Mineralb\u00f6den aufliegend<\/li>\n<\/ul>\n","protected":false},"excerpt":{"rendered":"<p>In der subalpinen bis alpinen H\u00f6henstufe kann sich unter Heidevegetation und lichten W\u00e4ldern auf Kalk- und Mergelgestein sowie zwischen Kalk- und Mergelsteinschutt ein m\u00e4chtiger stark belebter Oxh-Horizont entwickeln, der \u00fcberwiegend aus Exkrementen der Mesofauna (Springschw\u00e4nze, Hornmilben, Enchytr\u00e4en, Insektenlarven) besteht. Der &hellip; <a href=\"https:\/\/www.humusformen.de\/?page_id=618\">Weiterlesen <span class=\"meta-nav\">&rarr;<\/span><\/a><\/p>\n","protected":false},"author":1,"featured_media":0,"parent":229,"menu_order":4,"comment_status":"closed","ping_status":"closed","template":"","meta":{"footnotes":""},"yoast_head":"<!-- This site is optimized with the Yoast SEO plugin v21.7 - https:\/\/yoast.com\/wordpress\/plugins\/seo\/ -->\n<title>Pechmoder - Humusformen<\/title>\n<meta name=\"robots\" content=\"index, follow, max-snippet:-1, max-image-preview:large, max-video-preview:-1\" \/>\n<link rel=\"canonical\" href=\"https:\/\/www.humusformen.de\/?page_id=618\" \/>\n<meta property=\"og:locale\" content=\"de_DE\" \/>\n<meta property=\"og:type\" content=\"article\" \/>\n<meta property=\"og:title\" content=\"Pechmoder - Humusformen\" \/>\n<meta property=\"og:description\" content=\"In der subalpinen bis alpinen H\u00f6henstufe kann sich unter Heidevegetation und lichten W\u00e4ldern auf Kalk- und Mergelgestein sowie zwischen Kalk- und Mergelsteinschutt ein m\u00e4chtiger stark belebter Oxh-Horizont entwickeln, der \u00fcberwiegend aus Exkrementen der Mesofauna (Springschw\u00e4nze, Hornmilben, Enchytr\u00e4en, Insektenlarven) besteht. Der &hellip; Weiterlesen &rarr;\" \/>\n<meta property=\"og:url\" content=\"https:\/\/www.humusformen.de\/?page_id=618\" \/>\n<meta property=\"og:site_name\" content=\"Humusformen\" \/>\n<meta property=\"article:modified_time\" content=\"2022-01-17T11:06:57+00:00\" \/>\n<meta name=\"twitter:card\" content=\"summary_large_image\" \/>\n<script type=\"application\/ld+json\" class=\"yoast-schema-graph\">{\"@context\":\"https:\/\/schema.org\",\"@graph\":[{\"@type\":\"WebPage\",\"@id\":\"https:\/\/www.humusformen.de\/?page_id=618\",\"url\":\"https:\/\/www.humusformen.de\/?page_id=618\",\"name\":\"Pechmoder - Humusformen\",\"isPartOf\":{\"@id\":\"https:\/\/www.humusformen.de\/#website\"},\"datePublished\":\"2021-11-24T18:32:56+00:00\",\"dateModified\":\"2022-01-17T11:06:57+00:00\",\"breadcrumb\":{\"@id\":\"https:\/\/www.humusformen.de\/?page_id=618#breadcrumb\"},\"inLanguage\":\"de-DE\",\"potentialAction\":[{\"@type\":\"ReadAction\",\"target\":[\"https:\/\/www.humusformen.de\/?page_id=618\"]}]},{\"@type\":\"BreadcrumbList\",\"@id\":\"https:\/\/www.humusformen.de\/?page_id=618#breadcrumb\",\"itemListElement\":[{\"@type\":\"ListItem\",\"position\":1,\"name\":\"Startseite\",\"item\":\"https:\/\/www.humusformen.de\/\"},{\"@type\":\"ListItem\",\"position\":2,\"name\":\"Humusformen\",\"item\":\"https:\/\/www.humusformen.de\/?page_id=113\"},{\"@type\":\"ListItem\",\"position\":3,\"name\":\"Auflage-Humusformen\",\"item\":\"https:\/\/www.humusformen.de\/?page_id=170\"},{\"@type\":\"ListItem\",\"position\":4,\"name\":\"Moder\",\"item\":\"https:\/\/www.humusformen.de\/?page_id=229\"},{\"@type\":\"ListItem\",\"position\":5,\"name\":\"Pechmoder\"}]},{\"@type\":\"WebSite\",\"@id\":\"https:\/\/www.humusformen.de\/#website\",\"url\":\"https:\/\/www.humusformen.de\/\",\"name\":\"Humusformen\",\"description\":\"AG Humusformen der Deutschen Bodenkundlichen Gesellschaft\",\"potentialAction\":[{\"@type\":\"SearchAction\",\"target\":{\"@type\":\"EntryPoint\",\"urlTemplate\":\"https:\/\/www.humusformen.de\/?s={search_term_string}\"},\"query-input\":\"required name=search_term_string\"}],\"inLanguage\":\"de-DE\"}]}<\/script>\n<!-- \/ Yoast SEO plugin. -->","yoast_head_json":{"title":"Pechmoder - Humusformen","robots":{"index":"index","follow":"follow","max-snippet":"max-snippet:-1","max-image-preview":"max-image-preview:large","max-video-preview":"max-video-preview:-1"},"canonical":"https:\/\/www.humusformen.de\/?page_id=618","og_locale":"de_DE","og_type":"article","og_title":"Pechmoder - Humusformen","og_description":"In der subalpinen bis alpinen H\u00f6henstufe kann sich unter Heidevegetation und lichten W\u00e4ldern auf Kalk- und Mergelgestein sowie zwischen Kalk- und Mergelsteinschutt ein m\u00e4chtiger stark belebter Oxh-Horizont entwickeln, der \u00fcberwiegend aus Exkrementen der Mesofauna (Springschw\u00e4nze, Hornmilben, Enchytr\u00e4en, Insektenlarven) besteht. Der &hellip; Weiterlesen &rarr;","og_url":"https:\/\/www.humusformen.de\/?page_id=618","og_site_name":"Humusformen","article_modified_time":"2022-01-17T11:06:57+00:00","twitter_card":"summary_large_image","schema":{"@context":"https:\/\/schema.org","@graph":[{"@type":"WebPage","@id":"https:\/\/www.humusformen.de\/?page_id=618","url":"https:\/\/www.humusformen.de\/?page_id=618","name":"Pechmoder - Humusformen","isPartOf":{"@id":"https:\/\/www.humusformen.de\/#website"},"datePublished":"2021-11-24T18:32:56+00:00","dateModified":"2022-01-17T11:06:57+00:00","breadcrumb":{"@id":"https:\/\/www.humusformen.de\/?page_id=618#breadcrumb"},"inLanguage":"de-DE","potentialAction":[{"@type":"ReadAction","target":["https:\/\/www.humusformen.de\/?page_id=618"]}]},{"@type":"BreadcrumbList","@id":"https:\/\/www.humusformen.de\/?page_id=618#breadcrumb","itemListElement":[{"@type":"ListItem","position":1,"name":"Startseite","item":"https:\/\/www.humusformen.de\/"},{"@type":"ListItem","position":2,"name":"Humusformen","item":"https:\/\/www.humusformen.de\/?page_id=113"},{"@type":"ListItem","position":3,"name":"Auflage-Humusformen","item":"https:\/\/www.humusformen.de\/?page_id=170"},{"@type":"ListItem","position":4,"name":"Moder","item":"https:\/\/www.humusformen.de\/?page_id=229"},{"@type":"ListItem","position":5,"name":"Pechmoder"}]},{"@type":"WebSite","@id":"https:\/\/www.humusformen.de\/#website","url":"https:\/\/www.humusformen.de\/","name":"Humusformen","description":"AG Humusformen der Deutschen Bodenkundlichen Gesellschaft","potentialAction":[{"@type":"SearchAction","target":{"@type":"EntryPoint","urlTemplate":"https:\/\/www.humusformen.de\/?s={search_term_string}"},"query-input":"required name=search_term_string"}],"inLanguage":"de-DE"}]}},"_links":{"self":[{"href":"https:\/\/www.humusformen.de\/index.php?rest_route=\/wp\/v2\/pages\/618"}],"collection":[{"href":"https:\/\/www.humusformen.de\/index.php?rest_route=\/wp\/v2\/pages"}],"about":[{"href":"https:\/\/www.humusformen.de\/index.php?rest_route=\/wp\/v2\/types\/page"}],"author":[{"embeddable":true,"href":"https:\/\/www.humusformen.de\/index.php?rest_route=\/wp\/v2\/users\/1"}],"replies":[{"embeddable":true,"href":"https:\/\/www.humusformen.de\/index.php?rest_route=%2Fwp%2Fv2%2Fcomments&post=618"}],"version-history":[{"count":3,"href":"https:\/\/www.humusformen.de\/index.php?rest_route=\/wp\/v2\/pages\/618\/revisions"}],"predecessor-version":[{"id":896,"href":"https:\/\/www.humusformen.de\/index.php?rest_route=\/wp\/v2\/pages\/618\/revisions\/896"}],"up":[{"embeddable":true,"href":"https:\/\/www.humusformen.de\/index.php?rest_route=\/wp\/v2\/pages\/229"}],"wp:attachment":[{"href":"https:\/\/www.humusformen.de\/index.php?rest_route=%2Fwp%2Fv2%2Fmedia&parent=618"}],"curies":[{"name":"wp","href":"https:\/\/api.w.org\/{rel}","templated":true}]}}