{"id":596,"date":"2021-11-24T18:22:45","date_gmt":"2021-11-24T17:22:45","guid":{"rendered":"https:\/\/www.humusformen.de\/?page_id=596"},"modified":"2021-11-24T18:26:17","modified_gmt":"2021-11-24T17:26:17","slug":"feucht-rohhumus","status":"publish","type":"page","link":"https:\/\/www.humusformen.de\/?page_id=596","title":{"rendered":"Feucht-Rohhumus"},"content":{"rendered":"<p>Unter langfristigem Einfluss eines \u00fcberwiegend sehr basenarmen, mehr oder weniger stagnierenden Grund- oder Stauwassers mit deutlichem Wassereinfluss in der Humusauflage und im Oberboden (Stagnogleye, staunasse Pseudogleye, Nassgleye). und sehr schlecht zersetzbaren Streuarten bildet sich Feucht-Rohhumus mit im feuchten Zustand schmierigem aber dennoch brechbarem Owsh-Horizont. H\u00e4ufig steht im Sp\u00e4twinter und Fr\u00fchjahr Wasser auf der Bodenoberfl\u00e4che.<\/p>\n<ul>\n<li>Ow oder Owl-Horizont vorhanden und<\/li>\n<li>Ow oder Owf-Horizont vorhanden und<\/li>\n<li>Owsh-Horizont vorhanden und<\/li>\n<li>\u00fcber hydromorphem Oberboden<\/li>\n<\/ul>\n","protected":false},"excerpt":{"rendered":"<p>Unter langfristigem Einfluss eines \u00fcberwiegend sehr basenarmen, mehr oder weniger stagnierenden Grund- oder Stauwassers mit deutlichem Wassereinfluss in der Humusauflage und im Oberboden (Stagnogleye, staunasse Pseudogleye, Nassgleye). und sehr schlecht zersetzbaren Streuarten bildet sich Feucht-Rohhumus mit im feuchten Zustand schmierigem &hellip; <a href=\"https:\/\/www.humusformen.de\/?page_id=596\">Weiterlesen <span class=\"meta-nav\">&rarr;<\/span><\/a><\/p>\n","protected":false},"author":1,"featured_media":0,"parent":232,"menu_order":3,"comment_status":"closed","ping_status":"closed","template":"","meta":{"footnotes":""},"yoast_head":"<!-- This site is optimized with the Yoast SEO plugin v21.7 - https:\/\/yoast.com\/wordpress\/plugins\/seo\/ -->\n<title>Feucht-Rohhumus - Humusformen<\/title>\n<meta name=\"robots\" content=\"index, follow, max-snippet:-1, max-image-preview:large, max-video-preview:-1\" \/>\n<link rel=\"canonical\" href=\"https:\/\/www.humusformen.de\/?page_id=596\" \/>\n<meta property=\"og:locale\" content=\"de_DE\" \/>\n<meta property=\"og:type\" content=\"article\" \/>\n<meta property=\"og:title\" content=\"Feucht-Rohhumus - Humusformen\" \/>\n<meta property=\"og:description\" content=\"Unter langfristigem Einfluss eines \u00fcberwiegend sehr basenarmen, mehr oder weniger stagnierenden Grund- oder Stauwassers mit deutlichem Wassereinfluss in der Humusauflage und im Oberboden (Stagnogleye, staunasse Pseudogleye, Nassgleye). und sehr schlecht zersetzbaren Streuarten bildet sich Feucht-Rohhumus mit im feuchten Zustand schmierigem &hellip; Weiterlesen &rarr;\" \/>\n<meta property=\"og:url\" content=\"https:\/\/www.humusformen.de\/?page_id=596\" \/>\n<meta property=\"og:site_name\" content=\"Humusformen\" \/>\n<meta property=\"article:modified_time\" content=\"2021-11-24T17:26:17+00:00\" \/>\n<meta name=\"twitter:card\" content=\"summary_large_image\" \/>\n<script type=\"application\/ld+json\" class=\"yoast-schema-graph\">{\"@context\":\"https:\/\/schema.org\",\"@graph\":[{\"@type\":\"WebPage\",\"@id\":\"https:\/\/www.humusformen.de\/?page_id=596\",\"url\":\"https:\/\/www.humusformen.de\/?page_id=596\",\"name\":\"Feucht-Rohhumus - Humusformen\",\"isPartOf\":{\"@id\":\"https:\/\/www.humusformen.de\/#website\"},\"datePublished\":\"2021-11-24T17:22:45+00:00\",\"dateModified\":\"2021-11-24T17:26:17+00:00\",\"breadcrumb\":{\"@id\":\"https:\/\/www.humusformen.de\/?page_id=596#breadcrumb\"},\"inLanguage\":\"de-DE\",\"potentialAction\":[{\"@type\":\"ReadAction\",\"target\":[\"https:\/\/www.humusformen.de\/?page_id=596\"]}]},{\"@type\":\"BreadcrumbList\",\"@id\":\"https:\/\/www.humusformen.de\/?page_id=596#breadcrumb\",\"itemListElement\":[{\"@type\":\"ListItem\",\"position\":1,\"name\":\"Startseite\",\"item\":\"https:\/\/www.humusformen.de\/\"},{\"@type\":\"ListItem\",\"position\":2,\"name\":\"Humusformen\",\"item\":\"https:\/\/www.humusformen.de\/?page_id=113\"},{\"@type\":\"ListItem\",\"position\":3,\"name\":\"Auflage-Humusformen\",\"item\":\"https:\/\/www.humusformen.de\/?page_id=170\"},{\"@type\":\"ListItem\",\"position\":4,\"name\":\"Rohhumus\",\"item\":\"https:\/\/www.humusformen.de\/?page_id=232\"},{\"@type\":\"ListItem\",\"position\":5,\"name\":\"Feucht-Rohhumus\"}]},{\"@type\":\"WebSite\",\"@id\":\"https:\/\/www.humusformen.de\/#website\",\"url\":\"https:\/\/www.humusformen.de\/\",\"name\":\"Humusformen\",\"description\":\"AG Humusformen der Deutschen Bodenkundlichen Gesellschaft\",\"potentialAction\":[{\"@type\":\"SearchAction\",\"target\":{\"@type\":\"EntryPoint\",\"urlTemplate\":\"https:\/\/www.humusformen.de\/?s={search_term_string}\"},\"query-input\":\"required name=search_term_string\"}],\"inLanguage\":\"de-DE\"}]}<\/script>\n<!-- \/ Yoast SEO plugin. -->","yoast_head_json":{"title":"Feucht-Rohhumus - Humusformen","robots":{"index":"index","follow":"follow","max-snippet":"max-snippet:-1","max-image-preview":"max-image-preview:large","max-video-preview":"max-video-preview:-1"},"canonical":"https:\/\/www.humusformen.de\/?page_id=596","og_locale":"de_DE","og_type":"article","og_title":"Feucht-Rohhumus - Humusformen","og_description":"Unter langfristigem Einfluss eines \u00fcberwiegend sehr basenarmen, mehr oder weniger stagnierenden Grund- oder Stauwassers mit deutlichem Wassereinfluss in der Humusauflage und im Oberboden (Stagnogleye, staunasse Pseudogleye, Nassgleye). und sehr schlecht zersetzbaren Streuarten bildet sich Feucht-Rohhumus mit im feuchten Zustand schmierigem &hellip; Weiterlesen &rarr;","og_url":"https:\/\/www.humusformen.de\/?page_id=596","og_site_name":"Humusformen","article_modified_time":"2021-11-24T17:26:17+00:00","twitter_card":"summary_large_image","schema":{"@context":"https:\/\/schema.org","@graph":[{"@type":"WebPage","@id":"https:\/\/www.humusformen.de\/?page_id=596","url":"https:\/\/www.humusformen.de\/?page_id=596","name":"Feucht-Rohhumus - Humusformen","isPartOf":{"@id":"https:\/\/www.humusformen.de\/#website"},"datePublished":"2021-11-24T17:22:45+00:00","dateModified":"2021-11-24T17:26:17+00:00","breadcrumb":{"@id":"https:\/\/www.humusformen.de\/?page_id=596#breadcrumb"},"inLanguage":"de-DE","potentialAction":[{"@type":"ReadAction","target":["https:\/\/www.humusformen.de\/?page_id=596"]}]},{"@type":"BreadcrumbList","@id":"https:\/\/www.humusformen.de\/?page_id=596#breadcrumb","itemListElement":[{"@type":"ListItem","position":1,"name":"Startseite","item":"https:\/\/www.humusformen.de\/"},{"@type":"ListItem","position":2,"name":"Humusformen","item":"https:\/\/www.humusformen.de\/?page_id=113"},{"@type":"ListItem","position":3,"name":"Auflage-Humusformen","item":"https:\/\/www.humusformen.de\/?page_id=170"},{"@type":"ListItem","position":4,"name":"Rohhumus","item":"https:\/\/www.humusformen.de\/?page_id=232"},{"@type":"ListItem","position":5,"name":"Feucht-Rohhumus"}]},{"@type":"WebSite","@id":"https:\/\/www.humusformen.de\/#website","url":"https:\/\/www.humusformen.de\/","name":"Humusformen","description":"AG Humusformen der Deutschen Bodenkundlichen Gesellschaft","potentialAction":[{"@type":"SearchAction","target":{"@type":"EntryPoint","urlTemplate":"https:\/\/www.humusformen.de\/?s={search_term_string}"},"query-input":"required name=search_term_string"}],"inLanguage":"de-DE"}]}},"_links":{"self":[{"href":"https:\/\/www.humusformen.de\/index.php?rest_route=\/wp\/v2\/pages\/596"}],"collection":[{"href":"https:\/\/www.humusformen.de\/index.php?rest_route=\/wp\/v2\/pages"}],"about":[{"href":"https:\/\/www.humusformen.de\/index.php?rest_route=\/wp\/v2\/types\/page"}],"author":[{"embeddable":true,"href":"https:\/\/www.humusformen.de\/index.php?rest_route=\/wp\/v2\/users\/1"}],"replies":[{"embeddable":true,"href":"https:\/\/www.humusformen.de\/index.php?rest_route=%2Fwp%2Fv2%2Fcomments&post=596"}],"version-history":[{"count":2,"href":"https:\/\/www.humusformen.de\/index.php?rest_route=\/wp\/v2\/pages\/596\/revisions"}],"predecessor-version":[{"id":599,"href":"https:\/\/www.humusformen.de\/index.php?rest_route=\/wp\/v2\/pages\/596\/revisions\/599"}],"up":[{"embeddable":true,"href":"https:\/\/www.humusformen.de\/index.php?rest_route=\/wp\/v2\/pages\/232"}],"wp:attachment":[{"href":"https:\/\/www.humusformen.de\/index.php?rest_route=%2Fwp%2Fv2%2Fmedia&parent=596"}],"curies":[{"name":"wp","href":"https:\/\/api.w.org\/{rel}","templated":true}]}}