{"id":568,"date":"2021-11-24T16:31:27","date_gmt":"2021-11-24T15:31:27","guid":{"rendered":"https:\/\/www.humusformen.de\/?page_id=568"},"modified":"2023-09-13T16:31:37","modified_gmt":"2023-09-13T14:31:37","slug":"f-rohhumus-streunutzungsrohhumus-xf","status":"publish","type":"page","link":"https:\/\/www.humusformen.de\/?page_id=568","title":{"rendered":"F-Rohhumus (Streunutzungsrohhumus)"},"content":{"rendered":"<p>Bedingt durch langw\u00e4hrende Streunutzung, z.\u00a0T. bis Mitte des 20. Jahrhunderts wurde die Humifizierung und Mineralisierung der Streu und damit die Freisetzung von N\u00e4hrstoffen und die Bildung standorttypischer A-Horizonte massiv unterbunden. Auf derart devastierten Waldb\u00f6den entwickelten sich Heiden, die h\u00e4ufig erneut streugenutzt wurden. Die vorkommenden, nicht voll entwickelten Humusformen geh\u00f6ren von wenigen Ausnahmen abgesehen in ihren \u00f6kologischen Eigenschaften zur Rohhumusgruppe. Sie werden auch als Magerhumus, F-Rohhumus oder Streunutzungs-Rohhumus bezeichnet. Kennzeichnend sind folgende Merkmale:<\/p>\n<ul>\n<li>Ol- und Of-Horizont vorhanden, Horizontm\u00e4chtigkeit stark schwankend und<\/li>\n<li>der Of-Horizont besitzt nur wenig organische Feinsubstanz, ist torfig braun und lagig verfilzt und biegef\u00e4hig und<\/li>\n<li>Oh-Horizont fehlend oder in mittelalten und \u00e4lteren Kiefern- und Fichtenbest\u00e4nden nur 0,5 bis 1 cm m\u00e4chtig und<\/li>\n<li>Ah-Ee-Horizont (meist stark podsolige bis podsolierte Standorte) ist nur schwach humos bis humos, mit koh\u00e4rentem Gef\u00fcge bis Einzelkorngef\u00fcge und geringm\u00e4chtig (h\u00e4ufig weniger als 3\u00a0cm) und<\/li>\n<li>scharfe \u00dcberg\u00e4nge zwischen Of- und Oh- sowie zwischen Oh- und Ah-Ee-Horizont und<\/li>\n<li>C\/N-Verh\u00e4ltnis im Of-Horizont meist \u00fcber 32, der N-Gehalt stets unter 1,7 Masse-% und der pH-KCl-Wert meist unter pH 3<\/li>\n<\/ul>\n<div id=\"attachment_734\" style=\"width: 310px\" class=\"wp-caption aligncenter\"><a href=\"https:\/\/www.humusformen.de\/wp-content\/uploads\/2021\/12\/imm010_11.jpg\"><img loading=\"lazy\" decoding=\"async\" aria-describedby=\"caption-attachment-734\" class=\"wp-image-734 size-medium\" src=\"https:\/\/www.humusformen.de\/wp-content\/uploads\/2021\/12\/imm010_11-300x200.jpg\" alt=\"\" width=\"300\" height=\"200\" srcset=\"https:\/\/www.humusformen.de\/wp-content\/uploads\/2021\/12\/imm010_11-300x200.jpg 300w, https:\/\/www.humusformen.de\/wp-content\/uploads\/2021\/12\/imm010_11-1024x683.jpg 1024w, https:\/\/www.humusformen.de\/wp-content\/uploads\/2021\/12\/imm010_11-768x512.jpg 768w, https:\/\/www.humusformen.de\/wp-content\/uploads\/2021\/12\/imm010_11-450x300.jpg 450w, https:\/\/www.humusformen.de\/wp-content\/uploads\/2021\/12\/imm010_11.jpg 1536w\" sizes=\"(max-width: 300px) 100vw, 300px\" \/><\/a><p id=\"caption-attachment-734\" class=\"wp-caption-text\"><em>Krustenbildung aus Moosen, Algen und Flechten mit einzelnen Gr\u00e4sern und Besenheide auf Lockerranker aus D\u00fcnensand, Humusform: F-Rohhumus, \u00a9 Gerhard Milbert, AG Humusformen<\/em><\/p><\/div>\n<p><a href=\"https:\/\/www.humusformen.de\/wp-content\/uploads\/2021\/11\/cropped-terschelling.-01-1.jpg\"><img loading=\"lazy\" decoding=\"async\" class=\"aligncenter wp-image-670 size-medium\" src=\"https:\/\/www.humusformen.de\/wp-content\/uploads\/2021\/11\/cropped-terschelling.-01-1-300x86.jpg\" alt=\"\" width=\"300\" height=\"86\" srcset=\"https:\/\/www.humusformen.de\/wp-content\/uploads\/2021\/11\/cropped-terschelling.-01-1-300x86.jpg 300w, https:\/\/www.humusformen.de\/wp-content\/uploads\/2021\/11\/cropped-terschelling.-01-1-768x221.jpg 768w, https:\/\/www.humusformen.de\/wp-content\/uploads\/2021\/11\/cropped-terschelling.-01-1.jpg 1000w, https:\/\/www.humusformen.de\/wp-content\/uploads\/2021\/11\/cropped-terschelling.-01-1-500x144.jpg 500w\" sizes=\"(max-width: 300px) 100vw, 300px\" \/><\/a><\/p>\n","protected":false},"excerpt":{"rendered":"<p>Bedingt durch langw\u00e4hrende Streunutzung, z.\u00a0T. bis Mitte des 20. Jahrhunderts wurde die Humifizierung und Mineralisierung der Streu und damit die Freisetzung von N\u00e4hrstoffen und die Bildung standorttypischer A-Horizonte massiv unterbunden. Auf derart devastierten Waldb\u00f6den entwickelten sich Heiden, die h\u00e4ufig erneut &hellip; <a href=\"https:\/\/www.humusformen.de\/?page_id=568\">Weiterlesen <span class=\"meta-nav\">&rarr;<\/span><\/a><\/p>\n","protected":false},"author":1,"featured_media":0,"parent":174,"menu_order":2,"comment_status":"closed","ping_status":"closed","template":"","meta":{"footnotes":""},"yoast_head":"<!-- This site is optimized with the Yoast SEO plugin v21.7 - https:\/\/yoast.com\/wordpress\/plugins\/seo\/ -->\n<title>F-Rohhumus (Streunutzungsrohhumus) - Humusformen<\/title>\n<meta name=\"robots\" content=\"index, follow, max-snippet:-1, max-image-preview:large, max-video-preview:-1\" \/>\n<link rel=\"canonical\" href=\"https:\/\/www.humusformen.de\/?page_id=568\" \/>\n<meta property=\"og:locale\" content=\"de_DE\" \/>\n<meta property=\"og:type\" content=\"article\" \/>\n<meta property=\"og:title\" content=\"F-Rohhumus (Streunutzungsrohhumus) - Humusformen\" \/>\n<meta property=\"og:description\" content=\"Bedingt durch langw\u00e4hrende Streunutzung, z.\u00a0T. bis Mitte des 20. Jahrhunderts wurde die Humifizierung und Mineralisierung der Streu und damit die Freisetzung von N\u00e4hrstoffen und die Bildung standorttypischer A-Horizonte massiv unterbunden. Auf derart devastierten Waldb\u00f6den entwickelten sich Heiden, die h\u00e4ufig erneut &hellip; Weiterlesen &rarr;\" \/>\n<meta property=\"og:url\" content=\"https:\/\/www.humusformen.de\/?page_id=568\" \/>\n<meta property=\"og:site_name\" content=\"Humusformen\" \/>\n<meta property=\"article:modified_time\" content=\"2023-09-13T14:31:37+00:00\" \/>\n<meta property=\"og:image\" content=\"https:\/\/www.humusformen.de\/wp-content\/uploads\/2021\/12\/imm010_11-300x200.jpg\" \/>\n<meta name=\"twitter:card\" content=\"summary_large_image\" \/>\n<meta name=\"twitter:label1\" content=\"Gesch\u00e4tzte Lesezeit\" \/>\n\t<meta name=\"twitter:data1\" content=\"2 Minuten\" \/>\n<script type=\"application\/ld+json\" class=\"yoast-schema-graph\">{\"@context\":\"https:\/\/schema.org\",\"@graph\":[{\"@type\":\"WebPage\",\"@id\":\"https:\/\/www.humusformen.de\/?page_id=568\",\"url\":\"https:\/\/www.humusformen.de\/?page_id=568\",\"name\":\"F-Rohhumus (Streunutzungsrohhumus) - Humusformen\",\"isPartOf\":{\"@id\":\"https:\/\/www.humusformen.de\/#website\"},\"datePublished\":\"2021-11-24T15:31:27+00:00\",\"dateModified\":\"2023-09-13T14:31:37+00:00\",\"breadcrumb\":{\"@id\":\"https:\/\/www.humusformen.de\/?page_id=568#breadcrumb\"},\"inLanguage\":\"de-DE\",\"potentialAction\":[{\"@type\":\"ReadAction\",\"target\":[\"https:\/\/www.humusformen.de\/?page_id=568\"]}]},{\"@type\":\"BreadcrumbList\",\"@id\":\"https:\/\/www.humusformen.de\/?page_id=568#breadcrumb\",\"itemListElement\":[{\"@type\":\"ListItem\",\"position\":1,\"name\":\"Startseite\",\"item\":\"https:\/\/www.humusformen.de\/\"},{\"@type\":\"ListItem\",\"position\":2,\"name\":\"Humusformen\",\"item\":\"https:\/\/www.humusformen.de\/?page_id=113\"},{\"@type\":\"ListItem\",\"position\":3,\"name\":\"Hager- und Streunnutzungs-Humusformen\",\"item\":\"https:\/\/www.humusformen.de\/?page_id=174\"},{\"@type\":\"ListItem\",\"position\":4,\"name\":\"F-Rohhumus (Streunutzungsrohhumus)\"}]},{\"@type\":\"WebSite\",\"@id\":\"https:\/\/www.humusformen.de\/#website\",\"url\":\"https:\/\/www.humusformen.de\/\",\"name\":\"Humusformen\",\"description\":\"AG Humusformen der Deutschen Bodenkundlichen Gesellschaft\",\"potentialAction\":[{\"@type\":\"SearchAction\",\"target\":{\"@type\":\"EntryPoint\",\"urlTemplate\":\"https:\/\/www.humusformen.de\/?s={search_term_string}\"},\"query-input\":\"required name=search_term_string\"}],\"inLanguage\":\"de-DE\"}]}<\/script>\n<!-- \/ Yoast SEO plugin. -->","yoast_head_json":{"title":"F-Rohhumus (Streunutzungsrohhumus) - Humusformen","robots":{"index":"index","follow":"follow","max-snippet":"max-snippet:-1","max-image-preview":"max-image-preview:large","max-video-preview":"max-video-preview:-1"},"canonical":"https:\/\/www.humusformen.de\/?page_id=568","og_locale":"de_DE","og_type":"article","og_title":"F-Rohhumus (Streunutzungsrohhumus) - Humusformen","og_description":"Bedingt durch langw\u00e4hrende Streunutzung, z.\u00a0T. bis Mitte des 20. Jahrhunderts wurde die Humifizierung und Mineralisierung der Streu und damit die Freisetzung von N\u00e4hrstoffen und die Bildung standorttypischer A-Horizonte massiv unterbunden. Auf derart devastierten Waldb\u00f6den entwickelten sich Heiden, die h\u00e4ufig erneut &hellip; Weiterlesen &rarr;","og_url":"https:\/\/www.humusformen.de\/?page_id=568","og_site_name":"Humusformen","article_modified_time":"2023-09-13T14:31:37+00:00","og_image":[{"url":"https:\/\/www.humusformen.de\/wp-content\/uploads\/2021\/12\/imm010_11-300x200.jpg"}],"twitter_card":"summary_large_image","twitter_misc":{"Gesch\u00e4tzte Lesezeit":"2 Minuten"},"schema":{"@context":"https:\/\/schema.org","@graph":[{"@type":"WebPage","@id":"https:\/\/www.humusformen.de\/?page_id=568","url":"https:\/\/www.humusformen.de\/?page_id=568","name":"F-Rohhumus (Streunutzungsrohhumus) - Humusformen","isPartOf":{"@id":"https:\/\/www.humusformen.de\/#website"},"datePublished":"2021-11-24T15:31:27+00:00","dateModified":"2023-09-13T14:31:37+00:00","breadcrumb":{"@id":"https:\/\/www.humusformen.de\/?page_id=568#breadcrumb"},"inLanguage":"de-DE","potentialAction":[{"@type":"ReadAction","target":["https:\/\/www.humusformen.de\/?page_id=568"]}]},{"@type":"BreadcrumbList","@id":"https:\/\/www.humusformen.de\/?page_id=568#breadcrumb","itemListElement":[{"@type":"ListItem","position":1,"name":"Startseite","item":"https:\/\/www.humusformen.de\/"},{"@type":"ListItem","position":2,"name":"Humusformen","item":"https:\/\/www.humusformen.de\/?page_id=113"},{"@type":"ListItem","position":3,"name":"Hager- und Streunnutzungs-Humusformen","item":"https:\/\/www.humusformen.de\/?page_id=174"},{"@type":"ListItem","position":4,"name":"F-Rohhumus (Streunutzungsrohhumus)"}]},{"@type":"WebSite","@id":"https:\/\/www.humusformen.de\/#website","url":"https:\/\/www.humusformen.de\/","name":"Humusformen","description":"AG Humusformen der Deutschen Bodenkundlichen Gesellschaft","potentialAction":[{"@type":"SearchAction","target":{"@type":"EntryPoint","urlTemplate":"https:\/\/www.humusformen.de\/?s={search_term_string}"},"query-input":"required name=search_term_string"}],"inLanguage":"de-DE"}]}},"_links":{"self":[{"href":"https:\/\/www.humusformen.de\/index.php?rest_route=\/wp\/v2\/pages\/568"}],"collection":[{"href":"https:\/\/www.humusformen.de\/index.php?rest_route=\/wp\/v2\/pages"}],"about":[{"href":"https:\/\/www.humusformen.de\/index.php?rest_route=\/wp\/v2\/types\/page"}],"author":[{"embeddable":true,"href":"https:\/\/www.humusformen.de\/index.php?rest_route=\/wp\/v2\/users\/1"}],"replies":[{"embeddable":true,"href":"https:\/\/www.humusformen.de\/index.php?rest_route=%2Fwp%2Fv2%2Fcomments&post=568"}],"version-history":[{"count":8,"href":"https:\/\/www.humusformen.de\/index.php?rest_route=\/wp\/v2\/pages\/568\/revisions"}],"predecessor-version":[{"id":1074,"href":"https:\/\/www.humusformen.de\/index.php?rest_route=\/wp\/v2\/pages\/568\/revisions\/1074"}],"up":[{"embeddable":true,"href":"https:\/\/www.humusformen.de\/index.php?rest_route=\/wp\/v2\/pages\/174"}],"wp:attachment":[{"href":"https:\/\/www.humusformen.de\/index.php?rest_route=%2Fwp%2Fv2%2Fmedia&parent=568"}],"curies":[{"name":"wp","href":"https:\/\/api.w.org\/{rel}","templated":true}]}}