{"id":564,"date":"2021-11-24T16:27:22","date_gmt":"2021-11-24T15:27:22","guid":{"rendered":"https:\/\/www.humusformen.de\/?page_id=564"},"modified":"2023-09-13T16:30:16","modified_gmt":"2023-09-13T14:30:16","slug":"initial-auflagehumus-ia","status":"publish","type":"page","link":"https:\/\/www.humusformen.de\/?page_id=564","title":{"rendered":"Initial-Auflagehumus"},"content":{"rendered":"<p>Initiale Humusform, die sich zu einer Auflage-Humusform entwickelt. Bodenmaterial sehr basenarm bis basenarm, Streu sehr schlecht bis schlecht zersetzbar, meist Nadelstreu und Streu der Zwergstrauchheiden und Drahtschmiele. Wenn ein Of-Horizont vorhanden, ist er teilweise in Olf und Ohf differenziert. Meist fehlt ein A-Horizont aus rezenter Bodenbildung, h\u00e4ufig ist ein Ai-Horizont vorhanden.<\/p>\n<ul>\n<li>Ol-Horizont vorhanden und<\/li>\n<li>Of-Horizont meist vorhanden, h\u00e4ufig geringm\u00e4chtig und l\u00fcckig und<\/li>\n<li>Oh-Horizont fehlend<\/li>\n<\/ul>\n<div id=\"attachment_989\" style=\"width: 310px\" class=\"wp-caption aligncenter\"><a href=\"https:\/\/www.humusformen.de\/wp-content\/uploads\/2023\/07\/Hager.jpg\"><img loading=\"lazy\" decoding=\"async\" aria-describedby=\"caption-attachment-989\" class=\"wp-image-989 size-medium\" src=\"https:\/\/www.humusformen.de\/wp-content\/uploads\/2023\/07\/Hager-300x200.jpg\" alt=\"\" width=\"300\" height=\"200\" srcset=\"https:\/\/www.humusformen.de\/wp-content\/uploads\/2023\/07\/Hager-300x200.jpg 300w, https:\/\/www.humusformen.de\/wp-content\/uploads\/2023\/07\/Hager-1024x683.jpg 1024w, https:\/\/www.humusformen.de\/wp-content\/uploads\/2023\/07\/Hager-768x512.jpg 768w, https:\/\/www.humusformen.de\/wp-content\/uploads\/2023\/07\/Hager-450x300.jpg 450w, https:\/\/www.humusformen.de\/wp-content\/uploads\/2023\/07\/Hager.jpg 1536w\" sizes=\"(max-width: 300px) 100vw, 300px\" \/><\/a><p id=\"caption-attachment-989\" class=\"wp-caption-text\">I<em>nitial-Auflagehumus auf junger D\u00fcne mit Flechten, Moosen, Besenheide, Kiefernnadeln und Drahtschmiele sowie Krustenbildung. Oberboden podsoliert. (G. Milbert)<\/em><\/p><\/div>\n","protected":false},"excerpt":{"rendered":"<p>Initiale Humusform, die sich zu einer Auflage-Humusform entwickelt. Bodenmaterial sehr basenarm bis basenarm, Streu sehr schlecht bis schlecht zersetzbar, meist Nadelstreu und Streu der Zwergstrauchheiden und Drahtschmiele. Wenn ein Of-Horizont vorhanden, ist er teilweise in Olf und Ohf differenziert. Meist &hellip; <a href=\"https:\/\/www.humusformen.de\/?page_id=564\">Weiterlesen <span class=\"meta-nav\">&rarr;<\/span><\/a><\/p>\n","protected":false},"author":1,"featured_media":0,"parent":172,"menu_order":2,"comment_status":"closed","ping_status":"closed","template":"","meta":{"footnotes":""},"yoast_head":"<!-- This site is optimized with the Yoast SEO plugin v21.7 - https:\/\/yoast.com\/wordpress\/plugins\/seo\/ -->\n<title>Initial-Auflagehumus - Humusformen<\/title>\n<meta name=\"robots\" content=\"index, follow, max-snippet:-1, max-image-preview:large, max-video-preview:-1\" \/>\n<link rel=\"canonical\" href=\"https:\/\/www.humusformen.de\/?page_id=564\" \/>\n<meta property=\"og:locale\" content=\"de_DE\" \/>\n<meta property=\"og:type\" content=\"article\" \/>\n<meta property=\"og:title\" content=\"Initial-Auflagehumus - Humusformen\" \/>\n<meta property=\"og:description\" content=\"Initiale Humusform, die sich zu einer Auflage-Humusform entwickelt. Bodenmaterial sehr basenarm bis basenarm, Streu sehr schlecht bis schlecht zersetzbar, meist Nadelstreu und Streu der Zwergstrauchheiden und Drahtschmiele. Wenn ein Of-Horizont vorhanden, ist er teilweise in Olf und Ohf differenziert. Meist &hellip; Weiterlesen &rarr;\" \/>\n<meta property=\"og:url\" content=\"https:\/\/www.humusformen.de\/?page_id=564\" \/>\n<meta property=\"og:site_name\" content=\"Humusformen\" \/>\n<meta property=\"article:modified_time\" content=\"2023-09-13T14:30:16+00:00\" \/>\n<meta property=\"og:image\" content=\"https:\/\/www.humusformen.de\/wp-content\/uploads\/2023\/07\/Hager-300x200.jpg\" \/>\n<meta name=\"twitter:card\" content=\"summary_large_image\" \/>\n<meta name=\"twitter:label1\" content=\"Gesch\u00e4tzte Lesezeit\" \/>\n\t<meta name=\"twitter:data1\" content=\"1 Minute\" \/>\n<script type=\"application\/ld+json\" class=\"yoast-schema-graph\">{\"@context\":\"https:\/\/schema.org\",\"@graph\":[{\"@type\":\"WebPage\",\"@id\":\"https:\/\/www.humusformen.de\/?page_id=564\",\"url\":\"https:\/\/www.humusformen.de\/?page_id=564\",\"name\":\"Initial-Auflagehumus - Humusformen\",\"isPartOf\":{\"@id\":\"https:\/\/www.humusformen.de\/#website\"},\"datePublished\":\"2021-11-24T15:27:22+00:00\",\"dateModified\":\"2023-09-13T14:30:16+00:00\",\"breadcrumb\":{\"@id\":\"https:\/\/www.humusformen.de\/?page_id=564#breadcrumb\"},\"inLanguage\":\"de-DE\",\"potentialAction\":[{\"@type\":\"ReadAction\",\"target\":[\"https:\/\/www.humusformen.de\/?page_id=564\"]}]},{\"@type\":\"BreadcrumbList\",\"@id\":\"https:\/\/www.humusformen.de\/?page_id=564#breadcrumb\",\"itemListElement\":[{\"@type\":\"ListItem\",\"position\":1,\"name\":\"Startseite\",\"item\":\"https:\/\/www.humusformen.de\/\"},{\"@type\":\"ListItem\",\"position\":2,\"name\":\"Humusformen\",\"item\":\"https:\/\/www.humusformen.de\/?page_id=113\"},{\"@type\":\"ListItem\",\"position\":3,\"name\":\"Initial-Humusformen\",\"item\":\"https:\/\/www.humusformen.de\/?page_id=172\"},{\"@type\":\"ListItem\",\"position\":4,\"name\":\"Initial-Auflagehumus\"}]},{\"@type\":\"WebSite\",\"@id\":\"https:\/\/www.humusformen.de\/#website\",\"url\":\"https:\/\/www.humusformen.de\/\",\"name\":\"Humusformen\",\"description\":\"AG Humusformen der Deutschen Bodenkundlichen Gesellschaft\",\"potentialAction\":[{\"@type\":\"SearchAction\",\"target\":{\"@type\":\"EntryPoint\",\"urlTemplate\":\"https:\/\/www.humusformen.de\/?s={search_term_string}\"},\"query-input\":\"required name=search_term_string\"}],\"inLanguage\":\"de-DE\"}]}<\/script>\n<!-- \/ Yoast SEO plugin. -->","yoast_head_json":{"title":"Initial-Auflagehumus - Humusformen","robots":{"index":"index","follow":"follow","max-snippet":"max-snippet:-1","max-image-preview":"max-image-preview:large","max-video-preview":"max-video-preview:-1"},"canonical":"https:\/\/www.humusformen.de\/?page_id=564","og_locale":"de_DE","og_type":"article","og_title":"Initial-Auflagehumus - Humusformen","og_description":"Initiale Humusform, die sich zu einer Auflage-Humusform entwickelt. Bodenmaterial sehr basenarm bis basenarm, Streu sehr schlecht bis schlecht zersetzbar, meist Nadelstreu und Streu der Zwergstrauchheiden und Drahtschmiele. Wenn ein Of-Horizont vorhanden, ist er teilweise in Olf und Ohf differenziert. Meist &hellip; Weiterlesen &rarr;","og_url":"https:\/\/www.humusformen.de\/?page_id=564","og_site_name":"Humusformen","article_modified_time":"2023-09-13T14:30:16+00:00","og_image":[{"url":"https:\/\/www.humusformen.de\/wp-content\/uploads\/2023\/07\/Hager-300x200.jpg"}],"twitter_card":"summary_large_image","twitter_misc":{"Gesch\u00e4tzte Lesezeit":"1 Minute"},"schema":{"@context":"https:\/\/schema.org","@graph":[{"@type":"WebPage","@id":"https:\/\/www.humusformen.de\/?page_id=564","url":"https:\/\/www.humusformen.de\/?page_id=564","name":"Initial-Auflagehumus - Humusformen","isPartOf":{"@id":"https:\/\/www.humusformen.de\/#website"},"datePublished":"2021-11-24T15:27:22+00:00","dateModified":"2023-09-13T14:30:16+00:00","breadcrumb":{"@id":"https:\/\/www.humusformen.de\/?page_id=564#breadcrumb"},"inLanguage":"de-DE","potentialAction":[{"@type":"ReadAction","target":["https:\/\/www.humusformen.de\/?page_id=564"]}]},{"@type":"BreadcrumbList","@id":"https:\/\/www.humusformen.de\/?page_id=564#breadcrumb","itemListElement":[{"@type":"ListItem","position":1,"name":"Startseite","item":"https:\/\/www.humusformen.de\/"},{"@type":"ListItem","position":2,"name":"Humusformen","item":"https:\/\/www.humusformen.de\/?page_id=113"},{"@type":"ListItem","position":3,"name":"Initial-Humusformen","item":"https:\/\/www.humusformen.de\/?page_id=172"},{"@type":"ListItem","position":4,"name":"Initial-Auflagehumus"}]},{"@type":"WebSite","@id":"https:\/\/www.humusformen.de\/#website","url":"https:\/\/www.humusformen.de\/","name":"Humusformen","description":"AG Humusformen der Deutschen Bodenkundlichen Gesellschaft","potentialAction":[{"@type":"SearchAction","target":{"@type":"EntryPoint","urlTemplate":"https:\/\/www.humusformen.de\/?s={search_term_string}"},"query-input":"required name=search_term_string"}],"inLanguage":"de-DE"}]}},"_links":{"self":[{"href":"https:\/\/www.humusformen.de\/index.php?rest_route=\/wp\/v2\/pages\/564"}],"collection":[{"href":"https:\/\/www.humusformen.de\/index.php?rest_route=\/wp\/v2\/pages"}],"about":[{"href":"https:\/\/www.humusformen.de\/index.php?rest_route=\/wp\/v2\/types\/page"}],"author":[{"embeddable":true,"href":"https:\/\/www.humusformen.de\/index.php?rest_route=\/wp\/v2\/users\/1"}],"replies":[{"embeddable":true,"href":"https:\/\/www.humusformen.de\/index.php?rest_route=%2Fwp%2Fv2%2Fcomments&post=564"}],"version-history":[{"count":6,"href":"https:\/\/www.humusformen.de\/index.php?rest_route=\/wp\/v2\/pages\/564\/revisions"}],"predecessor-version":[{"id":1073,"href":"https:\/\/www.humusformen.de\/index.php?rest_route=\/wp\/v2\/pages\/564\/revisions\/1073"}],"up":[{"embeddable":true,"href":"https:\/\/www.humusformen.de\/index.php?rest_route=\/wp\/v2\/pages\/172"}],"wp:attachment":[{"href":"https:\/\/www.humusformen.de\/index.php?rest_route=%2Fwp%2Fv2%2Fmedia&parent=564"}],"curies":[{"name":"wp","href":"https:\/\/api.w.org\/{rel}","templated":true}]}}