{"id":562,"date":"2021-11-24T16:26:02","date_gmt":"2021-11-24T15:26:02","guid":{"rendered":"https:\/\/www.humusformen.de\/?page_id=562"},"modified":"2022-01-17T13:24:43","modified_gmt":"2022-01-17T12:24:43","slug":"initial-mull-im","status":"publish","type":"page","link":"https:\/\/www.humusformen.de\/?page_id=562","title":{"rendered":"Initial Mull"},"content":{"rendered":"<p>Initiale Humusform, die sich zu einer Mull-Humusform entwickeln wird. Bodenmaterial (Oberboden) m\u00e4\u00dfig bis sehr basenreich, z.\u00a0T. kalkhaltig. Streu m\u00e4\u00dfig gut bis sehr gut zersetzbar.<\/p>\n<ul>\n<li>Ol-Horizont vorhanden und<\/li>\n<li>wenn Of-Horizont vorhanden, geringm\u00e4chtig bis l\u00fcckig und<\/li>\n<li>A-Horizont geringm\u00e4chtig, wenig strukturiert oder fehlend und<\/li>\n<li>noch keine deutlichen Spuren biologischer Aktivit\u00e4ten wie Regenwurmg\u00e4nge und Regenwurmlosung<\/li>\n<\/ul>\n","protected":false},"excerpt":{"rendered":"<p>Initiale Humusform, die sich zu einer Mull-Humusform entwickeln wird. Bodenmaterial (Oberboden) m\u00e4\u00dfig bis sehr basenreich, z.\u00a0T. kalkhaltig. Streu m\u00e4\u00dfig gut bis sehr gut zersetzbar. Ol-Horizont vorhanden und wenn Of-Horizont vorhanden, geringm\u00e4chtig bis l\u00fcckig und A-Horizont geringm\u00e4chtig, wenig strukturiert oder fehlend &hellip; <a href=\"https:\/\/www.humusformen.de\/?page_id=562\">Weiterlesen <span class=\"meta-nav\">&rarr;<\/span><\/a><\/p>\n","protected":false},"author":1,"featured_media":0,"parent":172,"menu_order":1,"comment_status":"closed","ping_status":"closed","template":"","meta":{"footnotes":""},"yoast_head":"<!-- This site is optimized with the Yoast SEO plugin v21.7 - https:\/\/yoast.com\/wordpress\/plugins\/seo\/ -->\n<title>Initial Mull - Humusformen<\/title>\n<meta name=\"robots\" content=\"index, follow, max-snippet:-1, max-image-preview:large, max-video-preview:-1\" \/>\n<link rel=\"canonical\" href=\"https:\/\/www.humusformen.de\/?page_id=562\" \/>\n<meta property=\"og:locale\" content=\"de_DE\" \/>\n<meta property=\"og:type\" content=\"article\" \/>\n<meta property=\"og:title\" content=\"Initial Mull - Humusformen\" \/>\n<meta property=\"og:description\" content=\"Initiale Humusform, die sich zu einer Mull-Humusform entwickeln wird. Bodenmaterial (Oberboden) m\u00e4\u00dfig bis sehr basenreich, z.\u00a0T. kalkhaltig. Streu m\u00e4\u00dfig gut bis sehr gut zersetzbar. Ol-Horizont vorhanden und wenn Of-Horizont vorhanden, geringm\u00e4chtig bis l\u00fcckig und A-Horizont geringm\u00e4chtig, wenig strukturiert oder fehlend &hellip; Weiterlesen &rarr;\" \/>\n<meta property=\"og:url\" content=\"https:\/\/www.humusformen.de\/?page_id=562\" \/>\n<meta property=\"og:site_name\" content=\"Humusformen\" \/>\n<meta property=\"article:modified_time\" content=\"2022-01-17T12:24:43+00:00\" \/>\n<meta name=\"twitter:card\" content=\"summary_large_image\" \/>\n<script type=\"application\/ld+json\" class=\"yoast-schema-graph\">{\"@context\":\"https:\/\/schema.org\",\"@graph\":[{\"@type\":\"WebPage\",\"@id\":\"https:\/\/www.humusformen.de\/?page_id=562\",\"url\":\"https:\/\/www.humusformen.de\/?page_id=562\",\"name\":\"Initial Mull - Humusformen\",\"isPartOf\":{\"@id\":\"https:\/\/www.humusformen.de\/#website\"},\"datePublished\":\"2021-11-24T15:26:02+00:00\",\"dateModified\":\"2022-01-17T12:24:43+00:00\",\"breadcrumb\":{\"@id\":\"https:\/\/www.humusformen.de\/?page_id=562#breadcrumb\"},\"inLanguage\":\"de-DE\",\"potentialAction\":[{\"@type\":\"ReadAction\",\"target\":[\"https:\/\/www.humusformen.de\/?page_id=562\"]}]},{\"@type\":\"BreadcrumbList\",\"@id\":\"https:\/\/www.humusformen.de\/?page_id=562#breadcrumb\",\"itemListElement\":[{\"@type\":\"ListItem\",\"position\":1,\"name\":\"Startseite\",\"item\":\"https:\/\/www.humusformen.de\/\"},{\"@type\":\"ListItem\",\"position\":2,\"name\":\"Humusformen\",\"item\":\"https:\/\/www.humusformen.de\/?page_id=113\"},{\"@type\":\"ListItem\",\"position\":3,\"name\":\"Initial-Humusformen\",\"item\":\"https:\/\/www.humusformen.de\/?page_id=172\"},{\"@type\":\"ListItem\",\"position\":4,\"name\":\"Initial Mull\"}]},{\"@type\":\"WebSite\",\"@id\":\"https:\/\/www.humusformen.de\/#website\",\"url\":\"https:\/\/www.humusformen.de\/\",\"name\":\"Humusformen\",\"description\":\"AG Humusformen der Deutschen Bodenkundlichen Gesellschaft\",\"potentialAction\":[{\"@type\":\"SearchAction\",\"target\":{\"@type\":\"EntryPoint\",\"urlTemplate\":\"https:\/\/www.humusformen.de\/?s={search_term_string}\"},\"query-input\":\"required name=search_term_string\"}],\"inLanguage\":\"de-DE\"}]}<\/script>\n<!-- \/ Yoast SEO plugin. -->","yoast_head_json":{"title":"Initial Mull - Humusformen","robots":{"index":"index","follow":"follow","max-snippet":"max-snippet:-1","max-image-preview":"max-image-preview:large","max-video-preview":"max-video-preview:-1"},"canonical":"https:\/\/www.humusformen.de\/?page_id=562","og_locale":"de_DE","og_type":"article","og_title":"Initial Mull - Humusformen","og_description":"Initiale Humusform, die sich zu einer Mull-Humusform entwickeln wird. Bodenmaterial (Oberboden) m\u00e4\u00dfig bis sehr basenreich, z.\u00a0T. kalkhaltig. Streu m\u00e4\u00dfig gut bis sehr gut zersetzbar. Ol-Horizont vorhanden und wenn Of-Horizont vorhanden, geringm\u00e4chtig bis l\u00fcckig und A-Horizont geringm\u00e4chtig, wenig strukturiert oder fehlend &hellip; Weiterlesen &rarr;","og_url":"https:\/\/www.humusformen.de\/?page_id=562","og_site_name":"Humusformen","article_modified_time":"2022-01-17T12:24:43+00:00","twitter_card":"summary_large_image","schema":{"@context":"https:\/\/schema.org","@graph":[{"@type":"WebPage","@id":"https:\/\/www.humusformen.de\/?page_id=562","url":"https:\/\/www.humusformen.de\/?page_id=562","name":"Initial Mull - Humusformen","isPartOf":{"@id":"https:\/\/www.humusformen.de\/#website"},"datePublished":"2021-11-24T15:26:02+00:00","dateModified":"2022-01-17T12:24:43+00:00","breadcrumb":{"@id":"https:\/\/www.humusformen.de\/?page_id=562#breadcrumb"},"inLanguage":"de-DE","potentialAction":[{"@type":"ReadAction","target":["https:\/\/www.humusformen.de\/?page_id=562"]}]},{"@type":"BreadcrumbList","@id":"https:\/\/www.humusformen.de\/?page_id=562#breadcrumb","itemListElement":[{"@type":"ListItem","position":1,"name":"Startseite","item":"https:\/\/www.humusformen.de\/"},{"@type":"ListItem","position":2,"name":"Humusformen","item":"https:\/\/www.humusformen.de\/?page_id=113"},{"@type":"ListItem","position":3,"name":"Initial-Humusformen","item":"https:\/\/www.humusformen.de\/?page_id=172"},{"@type":"ListItem","position":4,"name":"Initial Mull"}]},{"@type":"WebSite","@id":"https:\/\/www.humusformen.de\/#website","url":"https:\/\/www.humusformen.de\/","name":"Humusformen","description":"AG Humusformen der Deutschen Bodenkundlichen Gesellschaft","potentialAction":[{"@type":"SearchAction","target":{"@type":"EntryPoint","urlTemplate":"https:\/\/www.humusformen.de\/?s={search_term_string}"},"query-input":"required name=search_term_string"}],"inLanguage":"de-DE"}]}},"_links":{"self":[{"href":"https:\/\/www.humusformen.de\/index.php?rest_route=\/wp\/v2\/pages\/562"}],"collection":[{"href":"https:\/\/www.humusformen.de\/index.php?rest_route=\/wp\/v2\/pages"}],"about":[{"href":"https:\/\/www.humusformen.de\/index.php?rest_route=\/wp\/v2\/types\/page"}],"author":[{"embeddable":true,"href":"https:\/\/www.humusformen.de\/index.php?rest_route=\/wp\/v2\/users\/1"}],"replies":[{"embeddable":true,"href":"https:\/\/www.humusformen.de\/index.php?rest_route=%2Fwp%2Fv2%2Fcomments&post=562"}],"version-history":[{"count":2,"href":"https:\/\/www.humusformen.de\/index.php?rest_route=\/wp\/v2\/pages\/562\/revisions"}],"predecessor-version":[{"id":923,"href":"https:\/\/www.humusformen.de\/index.php?rest_route=\/wp\/v2\/pages\/562\/revisions\/923"}],"up":[{"embeddable":true,"href":"https:\/\/www.humusformen.de\/index.php?rest_route=\/wp\/v2\/pages\/172"}],"wp:attachment":[{"href":"https:\/\/www.humusformen.de\/index.php?rest_route=%2Fwp%2Fv2%2Fmedia&parent=562"}],"curies":[{"name":"wp","href":"https:\/\/api.w.org\/{rel}","templated":true}]}}