{"id":556,"date":"2021-11-24T16:19:06","date_gmt":"2021-11-24T15:19:06","guid":{"rendered":"https:\/\/www.humusformen.de\/?page_id=556"},"modified":"2023-09-13T16:22:19","modified_gmt":"2023-09-13T14:22:19","slug":"moderartiger-rohhumus","status":"publish","type":"page","link":"https:\/\/www.humusformen.de\/?page_id=556","title":{"rendered":"Moderartiger Rohhumus"},"content":{"rendered":"<p>Moderartiger Rohhumus tritt auf sehr basenarmen Standorten unter Fichten und Kiefern mit Drahtschmiele und Heidelbeere auf. Die Horizont\u00fcberg\u00e4nge zwischen Of und Okh sowie zwischen Okh und dem Mineralboden sind sehr scharf. Bei der Pr\u00fcfung auf \u00dcbergangssch\u00e4rfe am ausgestochenen Oberbodenmonolithen l\u00f6sen sich die Horizonte schon bei schwacher Zugbeanspruchung leicht voneinander ab. Die Pflanzenreste des meist leicht vom Okh-Horizont abhebbaren Of-Horizontes sind miteinander verfilzt. Das Of-Material l\u00f6st sich deshalb entweder lagig-schichtig oder lagig-sperrig ab. Im Of-Horizont kommen vereinzelt Wurzeln vor, w\u00e4hrend der Okh-Horizont meist stark durchwurzelt ist und vielfach Grobwurzeln enth\u00e4lt. Je nach M\u00e4chtigkeit des Okh-Horizontes kann Moderartiger Rohhumus in die Variet\u00e4ten feinhumusarmer Moderartiger Rohhumus (Okh &lt;\u00a03\u00a0cm) und feinhumusreicher Moderartiger Rohhumus (Okh &gt;\u00a03\u00a0cm) gegliedert werden. Unter Moderartigem Rohhumus ist in der Regel zumindest ein podsoliger A-Horizont ausgebildet.<\/p>\n<ul>\n<li>Ol-Horizont vorhanden und<\/li>\n<li>Of-Horizont vorhanden und<\/li>\n<li>Okh-Horizont vorhanden und<\/li>\n<li>falls \u00fcber Mineralboden, Ah-Ee- oder Ee-Horizont vorhanden<\/li>\n<\/ul>\n<div id=\"attachment_830\" style=\"width: 233px\" class=\"wp-caption aligncenter\"><a href=\"https:\/\/www.humusformen.de\/wp-content\/uploads\/2021\/12\/ARM-Kiefernstreu-02-scaled.jpg\"><img loading=\"lazy\" decoding=\"async\" aria-describedby=\"caption-attachment-830\" class=\"wp-image-830 size-medium\" src=\"https:\/\/www.humusformen.de\/wp-content\/uploads\/2021\/12\/ARM-Kiefernstreu-02-223x300.jpg\" alt=\"\" width=\"223\" height=\"300\" srcset=\"https:\/\/www.humusformen.de\/wp-content\/uploads\/2021\/12\/ARM-Kiefernstreu-02-223x300.jpg 223w, https:\/\/www.humusformen.de\/wp-content\/uploads\/2021\/12\/ARM-Kiefernstreu-02-761x1024.jpg 761w, https:\/\/www.humusformen.de\/wp-content\/uploads\/2021\/12\/ARM-Kiefernstreu-02-768x1033.jpg 768w, https:\/\/www.humusformen.de\/wp-content\/uploads\/2021\/12\/ARM-Kiefernstreu-02-1142x1536.jpg 1142w, https:\/\/www.humusformen.de\/wp-content\/uploads\/2021\/12\/ARM-Kiefernstreu-02-1523x2048.jpg 1523w, https:\/\/www.humusformen.de\/wp-content\/uploads\/2021\/12\/ARM-Kiefernstreu-02-scaled.jpg 1903w\" sizes=\"(max-width: 223px) 100vw, 223px\" \/><\/a><p id=\"caption-attachment-830\" class=\"wp-caption-text\"><em>Feinhumusreicher moderartiger Rohhumus aus Kiefernstreu mit der Horizontfolge: Ol\/Olf, Ohf, Obh\/Okh\/.., \u00a9 Gerhard Milbert, AG Humusformen<\/em><\/p><\/div>\n<blockquote><p>&nbsp;<\/p><\/blockquote>\n","protected":false},"excerpt":{"rendered":"<p>Moderartiger Rohhumus tritt auf sehr basenarmen Standorten unter Fichten und Kiefern mit Drahtschmiele und Heidelbeere auf. Die Horizont\u00fcberg\u00e4nge zwischen Of und Okh sowie zwischen Okh und dem Mineralboden sind sehr scharf. Bei der Pr\u00fcfung auf \u00dcbergangssch\u00e4rfe am ausgestochenen Oberbodenmonolithen l\u00f6sen &hellip; <a href=\"https:\/\/www.humusformen.de\/?page_id=556\">Weiterlesen <span class=\"meta-nav\">&rarr;<\/span><\/a><\/p>\n","protected":false},"author":1,"featured_media":0,"parent":232,"menu_order":1,"comment_status":"closed","ping_status":"closed","template":"","meta":{"footnotes":""},"yoast_head":"<!-- This site is optimized with the Yoast SEO plugin v21.7 - https:\/\/yoast.com\/wordpress\/plugins\/seo\/ -->\n<title>Moderartiger Rohhumus - Humusformen<\/title>\n<meta name=\"robots\" content=\"index, follow, max-snippet:-1, max-image-preview:large, max-video-preview:-1\" \/>\n<link rel=\"canonical\" href=\"https:\/\/www.humusformen.de\/?page_id=556\" \/>\n<meta property=\"og:locale\" content=\"de_DE\" \/>\n<meta property=\"og:type\" content=\"article\" \/>\n<meta property=\"og:title\" content=\"Moderartiger Rohhumus - Humusformen\" \/>\n<meta property=\"og:description\" content=\"Moderartiger Rohhumus tritt auf sehr basenarmen Standorten unter Fichten und Kiefern mit Drahtschmiele und Heidelbeere auf. Die Horizont\u00fcberg\u00e4nge zwischen Of und Okh sowie zwischen Okh und dem Mineralboden sind sehr scharf. Bei der Pr\u00fcfung auf \u00dcbergangssch\u00e4rfe am ausgestochenen Oberbodenmonolithen l\u00f6sen &hellip; Weiterlesen &rarr;\" \/>\n<meta property=\"og:url\" content=\"https:\/\/www.humusformen.de\/?page_id=556\" \/>\n<meta property=\"og:site_name\" content=\"Humusformen\" \/>\n<meta property=\"article:modified_time\" content=\"2023-09-13T14:22:19+00:00\" \/>\n<meta property=\"og:image\" content=\"https:\/\/www.humusformen.de\/wp-content\/uploads\/2021\/12\/ARM-Kiefernstreu-02-223x300.jpg\" \/>\n<meta name=\"twitter:card\" content=\"summary_large_image\" \/>\n<meta name=\"twitter:label1\" content=\"Gesch\u00e4tzte Lesezeit\" \/>\n\t<meta name=\"twitter:data1\" content=\"2 Minuten\" \/>\n<script type=\"application\/ld+json\" class=\"yoast-schema-graph\">{\"@context\":\"https:\/\/schema.org\",\"@graph\":[{\"@type\":\"WebPage\",\"@id\":\"https:\/\/www.humusformen.de\/?page_id=556\",\"url\":\"https:\/\/www.humusformen.de\/?page_id=556\",\"name\":\"Moderartiger Rohhumus - Humusformen\",\"isPartOf\":{\"@id\":\"https:\/\/www.humusformen.de\/#website\"},\"datePublished\":\"2021-11-24T15:19:06+00:00\",\"dateModified\":\"2023-09-13T14:22:19+00:00\",\"breadcrumb\":{\"@id\":\"https:\/\/www.humusformen.de\/?page_id=556#breadcrumb\"},\"inLanguage\":\"de-DE\",\"potentialAction\":[{\"@type\":\"ReadAction\",\"target\":[\"https:\/\/www.humusformen.de\/?page_id=556\"]}]},{\"@type\":\"BreadcrumbList\",\"@id\":\"https:\/\/www.humusformen.de\/?page_id=556#breadcrumb\",\"itemListElement\":[{\"@type\":\"ListItem\",\"position\":1,\"name\":\"Startseite\",\"item\":\"https:\/\/www.humusformen.de\/\"},{\"@type\":\"ListItem\",\"position\":2,\"name\":\"Humusformen\",\"item\":\"https:\/\/www.humusformen.de\/?page_id=113\"},{\"@type\":\"ListItem\",\"position\":3,\"name\":\"Auflage-Humusformen\",\"item\":\"https:\/\/www.humusformen.de\/?page_id=170\"},{\"@type\":\"ListItem\",\"position\":4,\"name\":\"Rohhumus\",\"item\":\"https:\/\/www.humusformen.de\/?page_id=232\"},{\"@type\":\"ListItem\",\"position\":5,\"name\":\"Moderartiger Rohhumus\"}]},{\"@type\":\"WebSite\",\"@id\":\"https:\/\/www.humusformen.de\/#website\",\"url\":\"https:\/\/www.humusformen.de\/\",\"name\":\"Humusformen\",\"description\":\"AG Humusformen der Deutschen Bodenkundlichen Gesellschaft\",\"potentialAction\":[{\"@type\":\"SearchAction\",\"target\":{\"@type\":\"EntryPoint\",\"urlTemplate\":\"https:\/\/www.humusformen.de\/?s={search_term_string}\"},\"query-input\":\"required name=search_term_string\"}],\"inLanguage\":\"de-DE\"}]}<\/script>\n<!-- \/ Yoast SEO plugin. -->","yoast_head_json":{"title":"Moderartiger Rohhumus - Humusformen","robots":{"index":"index","follow":"follow","max-snippet":"max-snippet:-1","max-image-preview":"max-image-preview:large","max-video-preview":"max-video-preview:-1"},"canonical":"https:\/\/www.humusformen.de\/?page_id=556","og_locale":"de_DE","og_type":"article","og_title":"Moderartiger Rohhumus - Humusformen","og_description":"Moderartiger Rohhumus tritt auf sehr basenarmen Standorten unter Fichten und Kiefern mit Drahtschmiele und Heidelbeere auf. Die Horizont\u00fcberg\u00e4nge zwischen Of und Okh sowie zwischen Okh und dem Mineralboden sind sehr scharf. Bei der Pr\u00fcfung auf \u00dcbergangssch\u00e4rfe am ausgestochenen Oberbodenmonolithen l\u00f6sen &hellip; Weiterlesen &rarr;","og_url":"https:\/\/www.humusformen.de\/?page_id=556","og_site_name":"Humusformen","article_modified_time":"2023-09-13T14:22:19+00:00","og_image":[{"url":"https:\/\/www.humusformen.de\/wp-content\/uploads\/2021\/12\/ARM-Kiefernstreu-02-223x300.jpg"}],"twitter_card":"summary_large_image","twitter_misc":{"Gesch\u00e4tzte Lesezeit":"2 Minuten"},"schema":{"@context":"https:\/\/schema.org","@graph":[{"@type":"WebPage","@id":"https:\/\/www.humusformen.de\/?page_id=556","url":"https:\/\/www.humusformen.de\/?page_id=556","name":"Moderartiger Rohhumus - Humusformen","isPartOf":{"@id":"https:\/\/www.humusformen.de\/#website"},"datePublished":"2021-11-24T15:19:06+00:00","dateModified":"2023-09-13T14:22:19+00:00","breadcrumb":{"@id":"https:\/\/www.humusformen.de\/?page_id=556#breadcrumb"},"inLanguage":"de-DE","potentialAction":[{"@type":"ReadAction","target":["https:\/\/www.humusformen.de\/?page_id=556"]}]},{"@type":"BreadcrumbList","@id":"https:\/\/www.humusformen.de\/?page_id=556#breadcrumb","itemListElement":[{"@type":"ListItem","position":1,"name":"Startseite","item":"https:\/\/www.humusformen.de\/"},{"@type":"ListItem","position":2,"name":"Humusformen","item":"https:\/\/www.humusformen.de\/?page_id=113"},{"@type":"ListItem","position":3,"name":"Auflage-Humusformen","item":"https:\/\/www.humusformen.de\/?page_id=170"},{"@type":"ListItem","position":4,"name":"Rohhumus","item":"https:\/\/www.humusformen.de\/?page_id=232"},{"@type":"ListItem","position":5,"name":"Moderartiger Rohhumus"}]},{"@type":"WebSite","@id":"https:\/\/www.humusformen.de\/#website","url":"https:\/\/www.humusformen.de\/","name":"Humusformen","description":"AG Humusformen der Deutschen Bodenkundlichen Gesellschaft","potentialAction":[{"@type":"SearchAction","target":{"@type":"EntryPoint","urlTemplate":"https:\/\/www.humusformen.de\/?s={search_term_string}"},"query-input":"required name=search_term_string"}],"inLanguage":"de-DE"}]}},"_links":{"self":[{"href":"https:\/\/www.humusformen.de\/index.php?rest_route=\/wp\/v2\/pages\/556"}],"collection":[{"href":"https:\/\/www.humusformen.de\/index.php?rest_route=\/wp\/v2\/pages"}],"about":[{"href":"https:\/\/www.humusformen.de\/index.php?rest_route=\/wp\/v2\/types\/page"}],"author":[{"embeddable":true,"href":"https:\/\/www.humusformen.de\/index.php?rest_route=\/wp\/v2\/users\/1"}],"replies":[{"embeddable":true,"href":"https:\/\/www.humusformen.de\/index.php?rest_route=%2Fwp%2Fv2%2Fcomments&post=556"}],"version-history":[{"count":7,"href":"https:\/\/www.humusformen.de\/index.php?rest_route=\/wp\/v2\/pages\/556\/revisions"}],"predecessor-version":[{"id":1068,"href":"https:\/\/www.humusformen.de\/index.php?rest_route=\/wp\/v2\/pages\/556\/revisions\/1068"}],"up":[{"embeddable":true,"href":"https:\/\/www.humusformen.de\/index.php?rest_route=\/wp\/v2\/pages\/232"}],"wp:attachment":[{"href":"https:\/\/www.humusformen.de\/index.php?rest_route=%2Fwp%2Fv2%2Fmedia&parent=556"}],"curies":[{"name":"wp","href":"https:\/\/api.w.org\/{rel}","templated":true}]}}