{"id":521,"date":"2021-11-24T14:32:32","date_gmt":"2021-11-24T13:32:32","guid":{"rendered":"https:\/\/www.humusformen.de\/?page_id=521"},"modified":"2023-09-13T16:19:09","modified_gmt":"2023-09-13T14:19:09","slug":"feucht-moder","status":"publish","type":"page","link":"https:\/\/www.humusformen.de\/?page_id=521","title":{"rendered":"Feucht-Moder"},"content":{"rendered":"<p>Unter langfristigem Einfluss eines \u00fcberwiegend basenarmen, mehr oder weniger stagnierenden Grund- oder Stauwassers mit deutlichem Wassereinfluss in der Humusauflage und im Oberboden (Stagnogleye, Nassgleye), sowie schlecht zersetzbaren Streuarten bildet sich Feuchtmoder mit schmierigem Owbh-Horizont im feuchten bis nassen Zustand. H\u00e4ufig steht im Sp\u00e4twinter und Fr\u00fchjahr Wasser auf der Bodenoberfl\u00e4che. In der Streu- und Humusauflage ist daher meist durch das Vorkommen von Owl, Owf und Owbh gekennzeichnet (Abbildung B\u201122).<\/p>\n<ul>\n<li>Ol- oder Owl-Horizont vorhanden und<\/li>\n<li>Of- oder Owf-Horizont vorhanden und<\/li>\n<li>Owbh-Horizont vorhanden und<\/li>\n<li>\u00fcber hydromorphem Oberbodenhorizont<\/li>\n<\/ul>\n<p>&nbsp;<\/p>\n","protected":false},"excerpt":{"rendered":"<p>Unter langfristigem Einfluss eines \u00fcberwiegend basenarmen, mehr oder weniger stagnierenden Grund- oder Stauwassers mit deutlichem Wassereinfluss in der Humusauflage und im Oberboden (Stagnogleye, Nassgleye), sowie schlecht zersetzbaren Streuarten bildet sich Feuchtmoder mit schmierigem Owbh-Horizont im feuchten bis nassen Zustand. H\u00e4ufig &hellip; <a href=\"https:\/\/www.humusformen.de\/?page_id=521\">Weiterlesen <span class=\"meta-nav\">&rarr;<\/span><\/a><\/p>\n","protected":false},"author":1,"featured_media":0,"parent":229,"menu_order":6,"comment_status":"closed","ping_status":"closed","template":"","meta":{"footnotes":""},"yoast_head":"<!-- This site is optimized with the Yoast SEO plugin v21.7 - https:\/\/yoast.com\/wordpress\/plugins\/seo\/ -->\n<title>Feucht-Moder - Humusformen<\/title>\n<meta name=\"robots\" content=\"index, follow, max-snippet:-1, max-image-preview:large, max-video-preview:-1\" \/>\n<link rel=\"canonical\" href=\"https:\/\/www.humusformen.de\/?page_id=521\" \/>\n<meta property=\"og:locale\" content=\"de_DE\" \/>\n<meta property=\"og:type\" content=\"article\" \/>\n<meta property=\"og:title\" content=\"Feucht-Moder - Humusformen\" \/>\n<meta property=\"og:description\" content=\"Unter langfristigem Einfluss eines \u00fcberwiegend basenarmen, mehr oder weniger stagnierenden Grund- oder Stauwassers mit deutlichem Wassereinfluss in der Humusauflage und im Oberboden (Stagnogleye, Nassgleye), sowie schlecht zersetzbaren Streuarten bildet sich Feuchtmoder mit schmierigem Owbh-Horizont im feuchten bis nassen Zustand. H\u00e4ufig &hellip; Weiterlesen &rarr;\" \/>\n<meta property=\"og:url\" content=\"https:\/\/www.humusformen.de\/?page_id=521\" \/>\n<meta property=\"og:site_name\" content=\"Humusformen\" \/>\n<meta property=\"article:modified_time\" content=\"2023-09-13T14:19:09+00:00\" \/>\n<meta name=\"twitter:card\" content=\"summary_large_image\" \/>\n<meta name=\"twitter:label1\" content=\"Gesch\u00e4tzte Lesezeit\" \/>\n\t<meta name=\"twitter:data1\" content=\"1 Minute\" \/>\n<script type=\"application\/ld+json\" class=\"yoast-schema-graph\">{\"@context\":\"https:\/\/schema.org\",\"@graph\":[{\"@type\":\"WebPage\",\"@id\":\"https:\/\/www.humusformen.de\/?page_id=521\",\"url\":\"https:\/\/www.humusformen.de\/?page_id=521\",\"name\":\"Feucht-Moder - Humusformen\",\"isPartOf\":{\"@id\":\"https:\/\/www.humusformen.de\/#website\"},\"datePublished\":\"2021-11-24T13:32:32+00:00\",\"dateModified\":\"2023-09-13T14:19:09+00:00\",\"breadcrumb\":{\"@id\":\"https:\/\/www.humusformen.de\/?page_id=521#breadcrumb\"},\"inLanguage\":\"de-DE\",\"potentialAction\":[{\"@type\":\"ReadAction\",\"target\":[\"https:\/\/www.humusformen.de\/?page_id=521\"]}]},{\"@type\":\"BreadcrumbList\",\"@id\":\"https:\/\/www.humusformen.de\/?page_id=521#breadcrumb\",\"itemListElement\":[{\"@type\":\"ListItem\",\"position\":1,\"name\":\"Startseite\",\"item\":\"https:\/\/www.humusformen.de\/\"},{\"@type\":\"ListItem\",\"position\":2,\"name\":\"Humusformen\",\"item\":\"https:\/\/www.humusformen.de\/?page_id=113\"},{\"@type\":\"ListItem\",\"position\":3,\"name\":\"Auflage-Humusformen\",\"item\":\"https:\/\/www.humusformen.de\/?page_id=170\"},{\"@type\":\"ListItem\",\"position\":4,\"name\":\"Moder\",\"item\":\"https:\/\/www.humusformen.de\/?page_id=229\"},{\"@type\":\"ListItem\",\"position\":5,\"name\":\"Feucht-Moder\"}]},{\"@type\":\"WebSite\",\"@id\":\"https:\/\/www.humusformen.de\/#website\",\"url\":\"https:\/\/www.humusformen.de\/\",\"name\":\"Humusformen\",\"description\":\"AG Humusformen der Deutschen Bodenkundlichen Gesellschaft\",\"potentialAction\":[{\"@type\":\"SearchAction\",\"target\":{\"@type\":\"EntryPoint\",\"urlTemplate\":\"https:\/\/www.humusformen.de\/?s={search_term_string}\"},\"query-input\":\"required name=search_term_string\"}],\"inLanguage\":\"de-DE\"}]}<\/script>\n<!-- \/ Yoast SEO plugin. -->","yoast_head_json":{"title":"Feucht-Moder - Humusformen","robots":{"index":"index","follow":"follow","max-snippet":"max-snippet:-1","max-image-preview":"max-image-preview:large","max-video-preview":"max-video-preview:-1"},"canonical":"https:\/\/www.humusformen.de\/?page_id=521","og_locale":"de_DE","og_type":"article","og_title":"Feucht-Moder - Humusformen","og_description":"Unter langfristigem Einfluss eines \u00fcberwiegend basenarmen, mehr oder weniger stagnierenden Grund- oder Stauwassers mit deutlichem Wassereinfluss in der Humusauflage und im Oberboden (Stagnogleye, Nassgleye), sowie schlecht zersetzbaren Streuarten bildet sich Feuchtmoder mit schmierigem Owbh-Horizont im feuchten bis nassen Zustand. H\u00e4ufig &hellip; Weiterlesen &rarr;","og_url":"https:\/\/www.humusformen.de\/?page_id=521","og_site_name":"Humusformen","article_modified_time":"2023-09-13T14:19:09+00:00","twitter_card":"summary_large_image","twitter_misc":{"Gesch\u00e4tzte Lesezeit":"1 Minute"},"schema":{"@context":"https:\/\/schema.org","@graph":[{"@type":"WebPage","@id":"https:\/\/www.humusformen.de\/?page_id=521","url":"https:\/\/www.humusformen.de\/?page_id=521","name":"Feucht-Moder - Humusformen","isPartOf":{"@id":"https:\/\/www.humusformen.de\/#website"},"datePublished":"2021-11-24T13:32:32+00:00","dateModified":"2023-09-13T14:19:09+00:00","breadcrumb":{"@id":"https:\/\/www.humusformen.de\/?page_id=521#breadcrumb"},"inLanguage":"de-DE","potentialAction":[{"@type":"ReadAction","target":["https:\/\/www.humusformen.de\/?page_id=521"]}]},{"@type":"BreadcrumbList","@id":"https:\/\/www.humusformen.de\/?page_id=521#breadcrumb","itemListElement":[{"@type":"ListItem","position":1,"name":"Startseite","item":"https:\/\/www.humusformen.de\/"},{"@type":"ListItem","position":2,"name":"Humusformen","item":"https:\/\/www.humusformen.de\/?page_id=113"},{"@type":"ListItem","position":3,"name":"Auflage-Humusformen","item":"https:\/\/www.humusformen.de\/?page_id=170"},{"@type":"ListItem","position":4,"name":"Moder","item":"https:\/\/www.humusformen.de\/?page_id=229"},{"@type":"ListItem","position":5,"name":"Feucht-Moder"}]},{"@type":"WebSite","@id":"https:\/\/www.humusformen.de\/#website","url":"https:\/\/www.humusformen.de\/","name":"Humusformen","description":"AG Humusformen der Deutschen Bodenkundlichen Gesellschaft","potentialAction":[{"@type":"SearchAction","target":{"@type":"EntryPoint","urlTemplate":"https:\/\/www.humusformen.de\/?s={search_term_string}"},"query-input":"required name=search_term_string"}],"inLanguage":"de-DE"}]}},"_links":{"self":[{"href":"https:\/\/www.humusformen.de\/index.php?rest_route=\/wp\/v2\/pages\/521"}],"collection":[{"href":"https:\/\/www.humusformen.de\/index.php?rest_route=\/wp\/v2\/pages"}],"about":[{"href":"https:\/\/www.humusformen.de\/index.php?rest_route=\/wp\/v2\/types\/page"}],"author":[{"embeddable":true,"href":"https:\/\/www.humusformen.de\/index.php?rest_route=\/wp\/v2\/users\/1"}],"replies":[{"embeddable":true,"href":"https:\/\/www.humusformen.de\/index.php?rest_route=%2Fwp%2Fv2%2Fcomments&post=521"}],"version-history":[{"count":6,"href":"https:\/\/www.humusformen.de\/index.php?rest_route=\/wp\/v2\/pages\/521\/revisions"}],"predecessor-version":[{"id":1066,"href":"https:\/\/www.humusformen.de\/index.php?rest_route=\/wp\/v2\/pages\/521\/revisions\/1066"}],"up":[{"embeddable":true,"href":"https:\/\/www.humusformen.de\/index.php?rest_route=\/wp\/v2\/pages\/229"}],"wp:attachment":[{"href":"https:\/\/www.humusformen.de\/index.php?rest_route=%2Fwp%2Fv2%2Fmedia&parent=521"}],"curies":[{"name":"wp","href":"https:\/\/api.w.org\/{rel}","templated":true}]}}