{"id":519,"date":"2021-11-24T14:30:38","date_gmt":"2021-11-24T13:30:38","guid":{"rendered":"https:\/\/www.humusformen.de\/?page_id=519"},"modified":"2023-09-13T16:20:00","modified_gmt":"2023-09-13T14:20:00","slug":"tangel-2","status":"publish","type":"page","link":"https:\/\/www.humusformen.de\/?page_id=519","title":{"rendered":"Tangel"},"content":{"rendered":"<p>In h\u00f6heren Gebirgslagen (hochmontan bis subalpin) f\u00fchren die stark wechselnden Bedingungen der Streuzersetzung dazu, dass die M\u00e4chtigkeit der Humusauflagen stellenweise stark zunimmt. Die Bildung m\u00e4chtiger Humusauflagen (&gt;\u00a015\u00a0cm, z.\u00a0T. &gt;\u00a0100\u00a0cm) h\u00e4ngt vom geologischen Untergrund, von klimatischen Einfl\u00fcssen und der Streuart ab. M\u00e4chtige Humusauflagen werden vor allem \u00fcber Kalkgestein und Dolomit aber auch \u00fcber Silikatgesteinen beobachtet. Tangel-Humusformen k\u00f6nnen in allen niederschlagsreichen und k\u00fchlen Gebirgslagen in allen H\u00f6henstufen der Wald- und Latschenzone und in allen Expositionen vorkommen. Der typische Tangelhumus hat seine Verbreitung in der Bergmischwaldzone. H\u00e4ufig entwickeln sich \u00dcberg\u00e4nge zu Feucht- und Nasshumusformen. Tangel ist im Kontaktbereich zum Gestein (Ovh-Horizont) fein-br\u00f6ckelig und locker. Im Vergleich zu \u00fcberlagernden O-Horizonten steigt der pH-Wert in der Regel an und das C\/N-Verh\u00e4ltnis wird enger. H\u00e4ufig besitzt der Ovh-Horizont einen erh\u00f6hten Ca-Gehalt und Kalksplitter. Auch Mineralpartikel aus Staubeinwehungen oder durch Baumwurf sind typisch Der den Ovh-Horizont \u00fcberlagernde Obh-Horizont ist meist &gt; 10 cm m\u00e4chtig, und durch einen deutlich niedrigeren pH-Wert (meist pH CaCl<sub>2<\/sub> &lt; 4) gekennzeichnet. Tangel-Humusformen sind bisher noch nicht ausreichend beschrieben und durch Analysen gekennzeichnet. Deshalb wird auf eine weitere Untergliederung verzichtet und zun\u00e4chst nur Tangel mit Ovh-Horizont \u00fcber Kalkgestein beschrieben.. Bei ausreichender Beschreibung der Oh-Horizonte und ihrer chemischen Kennwerte sind \u00dcberg\u00e4nge zum Moder und zum Rohhumus zu erwarten, ebenso Tangelhumusformen \u00fcber Lockergestein.<\/p>\n<ul>\n<li>Ol vorhanden und<\/li>\n<li>Of vorhanden und geringm\u00e4chtig (&lt; 5 cm) m\u00e4chtig und<\/li>\n<li>Obh vorhanden und mit unscharfer Grenze zum unterliegenden Ovh-Horizont und<\/li>\n<li>darunter Ovh vorhanden und<\/li>\n<li>unmittelbar \u00fcber mC- oder xC-Horizont<\/li>\n<\/ul>\n<div id=\"attachment_861\" style=\"width: 235px\" class=\"wp-caption aligncenter\"><a href=\"https:\/\/www.humusformen.de\/wp-content\/uploads\/2021\/12\/Tangel-03-scaled.jpg\"><img loading=\"lazy\" decoding=\"async\" aria-describedby=\"caption-attachment-861\" class=\"wp-image-861 size-medium\" src=\"https:\/\/www.humusformen.de\/wp-content\/uploads\/2021\/12\/Tangel-03-225x300.jpg\" alt=\"\" width=\"225\" height=\"300\" srcset=\"https:\/\/www.humusformen.de\/wp-content\/uploads\/2021\/12\/Tangel-03-225x300.jpg 225w, https:\/\/www.humusformen.de\/wp-content\/uploads\/2021\/12\/Tangel-03-768x1024.jpg 768w, https:\/\/www.humusformen.de\/wp-content\/uploads\/2021\/12\/Tangel-03-1152x1536.jpg 1152w, https:\/\/www.humusformen.de\/wp-content\/uploads\/2021\/12\/Tangel-03-1536x2048.jpg 1536w, https:\/\/www.humusformen.de\/wp-content\/uploads\/2021\/12\/Tangel-03-scaled.jpg 1920w\" sizes=\"(max-width: 225px) 100vw, 225px\" \/><\/a><p id=\"caption-attachment-861\" class=\"wp-caption-text\">Tangel unter Latschenkiefer<br \/>Workshop Alpenhumusformen 2014, Foto: Gerhard Milbert<\/p><\/div>\n","protected":false},"excerpt":{"rendered":"<p>In h\u00f6heren Gebirgslagen (hochmontan bis subalpin) f\u00fchren die stark wechselnden Bedingungen der Streuzersetzung dazu, dass die M\u00e4chtigkeit der Humusauflagen stellenweise stark zunimmt. Die Bildung m\u00e4chtiger Humusauflagen (&gt;\u00a015\u00a0cm, z.\u00a0T. &gt;\u00a0100\u00a0cm) h\u00e4ngt vom geologischen Untergrund, von klimatischen Einfl\u00fcssen und der Streuart ab. &hellip; <a href=\"https:\/\/www.humusformen.de\/?page_id=519\">Weiterlesen <span class=\"meta-nav\">&rarr;<\/span><\/a><\/p>\n","protected":false},"author":1,"featured_media":0,"parent":229,"menu_order":6,"comment_status":"closed","ping_status":"closed","template":"","meta":{"footnotes":""},"yoast_head":"<!-- This site is optimized with the Yoast SEO plugin v21.7 - https:\/\/yoast.com\/wordpress\/plugins\/seo\/ -->\n<title>Tangel - Humusformen<\/title>\n<meta name=\"robots\" content=\"index, follow, max-snippet:-1, max-image-preview:large, max-video-preview:-1\" \/>\n<link rel=\"canonical\" href=\"https:\/\/www.humusformen.de\/?page_id=519\" \/>\n<meta property=\"og:locale\" content=\"de_DE\" \/>\n<meta property=\"og:type\" content=\"article\" \/>\n<meta property=\"og:title\" content=\"Tangel - Humusformen\" \/>\n<meta property=\"og:description\" content=\"In h\u00f6heren Gebirgslagen (hochmontan bis subalpin) f\u00fchren die stark wechselnden Bedingungen der Streuzersetzung dazu, dass die M\u00e4chtigkeit der Humusauflagen stellenweise stark zunimmt. Die Bildung m\u00e4chtiger Humusauflagen (&gt;\u00a015\u00a0cm, z.\u00a0T. &gt;\u00a0100\u00a0cm) h\u00e4ngt vom geologischen Untergrund, von klimatischen Einfl\u00fcssen und der Streuart ab. &hellip; Weiterlesen &rarr;\" \/>\n<meta property=\"og:url\" content=\"https:\/\/www.humusformen.de\/?page_id=519\" \/>\n<meta property=\"og:site_name\" content=\"Humusformen\" \/>\n<meta property=\"article:modified_time\" content=\"2023-09-13T14:20:00+00:00\" \/>\n<meta property=\"og:image\" content=\"https:\/\/www.humusformen.de\/wp-content\/uploads\/2021\/12\/Tangel-03-225x300.jpg\" \/>\n<meta name=\"twitter:card\" content=\"summary_large_image\" \/>\n<meta name=\"twitter:label1\" content=\"Gesch\u00e4tzte Lesezeit\" \/>\n\t<meta name=\"twitter:data1\" content=\"2 Minuten\" \/>\n<script type=\"application\/ld+json\" class=\"yoast-schema-graph\">{\"@context\":\"https:\/\/schema.org\",\"@graph\":[{\"@type\":\"WebPage\",\"@id\":\"https:\/\/www.humusformen.de\/?page_id=519\",\"url\":\"https:\/\/www.humusformen.de\/?page_id=519\",\"name\":\"Tangel - Humusformen\",\"isPartOf\":{\"@id\":\"https:\/\/www.humusformen.de\/#website\"},\"datePublished\":\"2021-11-24T13:30:38+00:00\",\"dateModified\":\"2023-09-13T14:20:00+00:00\",\"breadcrumb\":{\"@id\":\"https:\/\/www.humusformen.de\/?page_id=519#breadcrumb\"},\"inLanguage\":\"de-DE\",\"potentialAction\":[{\"@type\":\"ReadAction\",\"target\":[\"https:\/\/www.humusformen.de\/?page_id=519\"]}]},{\"@type\":\"BreadcrumbList\",\"@id\":\"https:\/\/www.humusformen.de\/?page_id=519#breadcrumb\",\"itemListElement\":[{\"@type\":\"ListItem\",\"position\":1,\"name\":\"Startseite\",\"item\":\"https:\/\/www.humusformen.de\/\"},{\"@type\":\"ListItem\",\"position\":2,\"name\":\"Humusformen\",\"item\":\"https:\/\/www.humusformen.de\/?page_id=113\"},{\"@type\":\"ListItem\",\"position\":3,\"name\":\"Auflage-Humusformen\",\"item\":\"https:\/\/www.humusformen.de\/?page_id=170\"},{\"@type\":\"ListItem\",\"position\":4,\"name\":\"Moder\",\"item\":\"https:\/\/www.humusformen.de\/?page_id=229\"},{\"@type\":\"ListItem\",\"position\":5,\"name\":\"Tangel\"}]},{\"@type\":\"WebSite\",\"@id\":\"https:\/\/www.humusformen.de\/#website\",\"url\":\"https:\/\/www.humusformen.de\/\",\"name\":\"Humusformen\",\"description\":\"AG Humusformen der Deutschen Bodenkundlichen Gesellschaft\",\"potentialAction\":[{\"@type\":\"SearchAction\",\"target\":{\"@type\":\"EntryPoint\",\"urlTemplate\":\"https:\/\/www.humusformen.de\/?s={search_term_string}\"},\"query-input\":\"required name=search_term_string\"}],\"inLanguage\":\"de-DE\"}]}<\/script>\n<!-- \/ Yoast SEO plugin. -->","yoast_head_json":{"title":"Tangel - Humusformen","robots":{"index":"index","follow":"follow","max-snippet":"max-snippet:-1","max-image-preview":"max-image-preview:large","max-video-preview":"max-video-preview:-1"},"canonical":"https:\/\/www.humusformen.de\/?page_id=519","og_locale":"de_DE","og_type":"article","og_title":"Tangel - Humusformen","og_description":"In h\u00f6heren Gebirgslagen (hochmontan bis subalpin) f\u00fchren die stark wechselnden Bedingungen der Streuzersetzung dazu, dass die M\u00e4chtigkeit der Humusauflagen stellenweise stark zunimmt. Die Bildung m\u00e4chtiger Humusauflagen (&gt;\u00a015\u00a0cm, z.\u00a0T. &gt;\u00a0100\u00a0cm) h\u00e4ngt vom geologischen Untergrund, von klimatischen Einfl\u00fcssen und der Streuart ab. &hellip; Weiterlesen &rarr;","og_url":"https:\/\/www.humusformen.de\/?page_id=519","og_site_name":"Humusformen","article_modified_time":"2023-09-13T14:20:00+00:00","og_image":[{"url":"https:\/\/www.humusformen.de\/wp-content\/uploads\/2021\/12\/Tangel-03-225x300.jpg"}],"twitter_card":"summary_large_image","twitter_misc":{"Gesch\u00e4tzte Lesezeit":"2 Minuten"},"schema":{"@context":"https:\/\/schema.org","@graph":[{"@type":"WebPage","@id":"https:\/\/www.humusformen.de\/?page_id=519","url":"https:\/\/www.humusformen.de\/?page_id=519","name":"Tangel - Humusformen","isPartOf":{"@id":"https:\/\/www.humusformen.de\/#website"},"datePublished":"2021-11-24T13:30:38+00:00","dateModified":"2023-09-13T14:20:00+00:00","breadcrumb":{"@id":"https:\/\/www.humusformen.de\/?page_id=519#breadcrumb"},"inLanguage":"de-DE","potentialAction":[{"@type":"ReadAction","target":["https:\/\/www.humusformen.de\/?page_id=519"]}]},{"@type":"BreadcrumbList","@id":"https:\/\/www.humusformen.de\/?page_id=519#breadcrumb","itemListElement":[{"@type":"ListItem","position":1,"name":"Startseite","item":"https:\/\/www.humusformen.de\/"},{"@type":"ListItem","position":2,"name":"Humusformen","item":"https:\/\/www.humusformen.de\/?page_id=113"},{"@type":"ListItem","position":3,"name":"Auflage-Humusformen","item":"https:\/\/www.humusformen.de\/?page_id=170"},{"@type":"ListItem","position":4,"name":"Moder","item":"https:\/\/www.humusformen.de\/?page_id=229"},{"@type":"ListItem","position":5,"name":"Tangel"}]},{"@type":"WebSite","@id":"https:\/\/www.humusformen.de\/#website","url":"https:\/\/www.humusformen.de\/","name":"Humusformen","description":"AG Humusformen der Deutschen Bodenkundlichen Gesellschaft","potentialAction":[{"@type":"SearchAction","target":{"@type":"EntryPoint","urlTemplate":"https:\/\/www.humusformen.de\/?s={search_term_string}"},"query-input":"required name=search_term_string"}],"inLanguage":"de-DE"}]}},"_links":{"self":[{"href":"https:\/\/www.humusformen.de\/index.php?rest_route=\/wp\/v2\/pages\/519"}],"collection":[{"href":"https:\/\/www.humusformen.de\/index.php?rest_route=\/wp\/v2\/pages"}],"about":[{"href":"https:\/\/www.humusformen.de\/index.php?rest_route=\/wp\/v2\/types\/page"}],"author":[{"embeddable":true,"href":"https:\/\/www.humusformen.de\/index.php?rest_route=\/wp\/v2\/users\/1"}],"replies":[{"embeddable":true,"href":"https:\/\/www.humusformen.de\/index.php?rest_route=%2Fwp%2Fv2%2Fcomments&post=519"}],"version-history":[{"count":7,"href":"https:\/\/www.humusformen.de\/index.php?rest_route=\/wp\/v2\/pages\/519\/revisions"}],"predecessor-version":[{"id":1067,"href":"https:\/\/www.humusformen.de\/index.php?rest_route=\/wp\/v2\/pages\/519\/revisions\/1067"}],"up":[{"embeddable":true,"href":"https:\/\/www.humusformen.de\/index.php?rest_route=\/wp\/v2\/pages\/229"}],"wp:attachment":[{"href":"https:\/\/www.humusformen.de\/index.php?rest_route=%2Fwp%2Fv2%2Fmedia&parent=519"}],"curies":[{"name":"wp","href":"https:\/\/api.w.org\/{rel}","templated":true}]}}