{"id":480,"date":"2021-11-24T14:04:54","date_gmt":"2021-11-24T13:04:54","guid":{"rendered":"https:\/\/www.humusformen.de\/?page_id=480"},"modified":"2022-01-17T12:02:44","modified_gmt":"2022-01-17T11:02:44","slug":"feucht-f-mull-2","status":"publish","type":"page","link":"https:\/\/www.humusformen.de\/?page_id=480","title":{"rendered":"Feucht-F-Mull"},"content":{"rendered":"<p>Auf wechselfeuchten bis nassen, m\u00e4\u00dfig basenreichen bis basenreichen Standorten mit m\u00e4\u00dfig bis gut zersetzbarer Streu (Erle, Esche, Weide, Vogelbeere) entwickelt sich Feucht-F-Mull, wenn der Boden regelm\u00e4\u00dfig bis an die Oberfl\u00e4che wasserges\u00e4ttigt ist. Die M\u00e4chtigkeit des hydromorphen A-Horizontes betr\u00e4gt im Allgemeinen 10\u00a0\u2013\u00a020\u00a0cm, der dessen Gehalt an organischer 4 \u2013 8 Masse-%. Die Krautschicht zeigt rezente wechselfeuchte bis nasse Bedingungen an.<\/p>\n<ul>\n<li>Owl-Horizont fast ganzj\u00e4hrig vorhanden und<\/li>\n<li>Owf-Horizont vorhanden und<\/li>\n<li>hydromorphe Oberbodenhorizonte vorhanden<\/li>\n<\/ul>\n","protected":false},"excerpt":{"rendered":"<p>Auf wechselfeuchten bis nassen, m\u00e4\u00dfig basenreichen bis basenreichen Standorten mit m\u00e4\u00dfig bis gut zersetzbarer Streu (Erle, Esche, Weide, Vogelbeere) entwickelt sich Feucht-F-Mull, wenn der Boden regelm\u00e4\u00dfig bis an die Oberfl\u00e4che wasserges\u00e4ttigt ist. Die M\u00e4chtigkeit des hydromorphen A-Horizontes betr\u00e4gt im Allgemeinen &hellip; <a href=\"https:\/\/www.humusformen.de\/?page_id=480\">Weiterlesen <span class=\"meta-nav\">&rarr;<\/span><\/a><\/p>\n","protected":false},"author":1,"featured_media":0,"parent":244,"menu_order":5,"comment_status":"closed","ping_status":"closed","template":"","meta":{"footnotes":""},"yoast_head":"<!-- This site is optimized with the Yoast SEO plugin v21.7 - https:\/\/yoast.com\/wordpress\/plugins\/seo\/ -->\n<title>Feucht-F-Mull - Humusformen<\/title>\n<meta name=\"robots\" content=\"index, follow, max-snippet:-1, max-image-preview:large, max-video-preview:-1\" \/>\n<link rel=\"canonical\" href=\"https:\/\/www.humusformen.de\/?page_id=480\" \/>\n<meta property=\"og:locale\" content=\"de_DE\" \/>\n<meta property=\"og:type\" content=\"article\" \/>\n<meta property=\"og:title\" content=\"Feucht-F-Mull - Humusformen\" \/>\n<meta property=\"og:description\" content=\"Auf wechselfeuchten bis nassen, m\u00e4\u00dfig basenreichen bis basenreichen Standorten mit m\u00e4\u00dfig bis gut zersetzbarer Streu (Erle, Esche, Weide, Vogelbeere) entwickelt sich Feucht-F-Mull, wenn der Boden regelm\u00e4\u00dfig bis an die Oberfl\u00e4che wasserges\u00e4ttigt ist. Die M\u00e4chtigkeit des hydromorphen A-Horizontes betr\u00e4gt im Allgemeinen &hellip; Weiterlesen &rarr;\" \/>\n<meta property=\"og:url\" content=\"https:\/\/www.humusformen.de\/?page_id=480\" \/>\n<meta property=\"og:site_name\" content=\"Humusformen\" \/>\n<meta property=\"article:modified_time\" content=\"2022-01-17T11:02:44+00:00\" \/>\n<meta name=\"twitter:card\" content=\"summary_large_image\" \/>\n<script type=\"application\/ld+json\" class=\"yoast-schema-graph\">{\"@context\":\"https:\/\/schema.org\",\"@graph\":[{\"@type\":\"WebPage\",\"@id\":\"https:\/\/www.humusformen.de\/?page_id=480\",\"url\":\"https:\/\/www.humusformen.de\/?page_id=480\",\"name\":\"Feucht-F-Mull - Humusformen\",\"isPartOf\":{\"@id\":\"https:\/\/www.humusformen.de\/#website\"},\"datePublished\":\"2021-11-24T13:04:54+00:00\",\"dateModified\":\"2022-01-17T11:02:44+00:00\",\"breadcrumb\":{\"@id\":\"https:\/\/www.humusformen.de\/?page_id=480#breadcrumb\"},\"inLanguage\":\"de-DE\",\"potentialAction\":[{\"@type\":\"ReadAction\",\"target\":[\"https:\/\/www.humusformen.de\/?page_id=480\"]}]},{\"@type\":\"BreadcrumbList\",\"@id\":\"https:\/\/www.humusformen.de\/?page_id=480#breadcrumb\",\"itemListElement\":[{\"@type\":\"ListItem\",\"position\":1,\"name\":\"Startseite\",\"item\":\"https:\/\/www.humusformen.de\/\"},{\"@type\":\"ListItem\",\"position\":2,\"name\":\"Humusformen\",\"item\":\"https:\/\/www.humusformen.de\/?page_id=113\"},{\"@type\":\"ListItem\",\"position\":3,\"name\":\"Mull-Humusformen\",\"item\":\"https:\/\/www.humusformen.de\/?page_id=168\"},{\"@type\":\"ListItem\",\"position\":4,\"name\":\"F-Mull\",\"item\":\"https:\/\/www.humusformen.de\/?page_id=244\"},{\"@type\":\"ListItem\",\"position\":5,\"name\":\"Feucht-F-Mull\"}]},{\"@type\":\"WebSite\",\"@id\":\"https:\/\/www.humusformen.de\/#website\",\"url\":\"https:\/\/www.humusformen.de\/\",\"name\":\"Humusformen\",\"description\":\"AG Humusformen der Deutschen Bodenkundlichen Gesellschaft\",\"potentialAction\":[{\"@type\":\"SearchAction\",\"target\":{\"@type\":\"EntryPoint\",\"urlTemplate\":\"https:\/\/www.humusformen.de\/?s={search_term_string}\"},\"query-input\":\"required name=search_term_string\"}],\"inLanguage\":\"de-DE\"}]}<\/script>\n<!-- \/ Yoast SEO plugin. -->","yoast_head_json":{"title":"Feucht-F-Mull - Humusformen","robots":{"index":"index","follow":"follow","max-snippet":"max-snippet:-1","max-image-preview":"max-image-preview:large","max-video-preview":"max-video-preview:-1"},"canonical":"https:\/\/www.humusformen.de\/?page_id=480","og_locale":"de_DE","og_type":"article","og_title":"Feucht-F-Mull - Humusformen","og_description":"Auf wechselfeuchten bis nassen, m\u00e4\u00dfig basenreichen bis basenreichen Standorten mit m\u00e4\u00dfig bis gut zersetzbarer Streu (Erle, Esche, Weide, Vogelbeere) entwickelt sich Feucht-F-Mull, wenn der Boden regelm\u00e4\u00dfig bis an die Oberfl\u00e4che wasserges\u00e4ttigt ist. Die M\u00e4chtigkeit des hydromorphen A-Horizontes betr\u00e4gt im Allgemeinen &hellip; Weiterlesen &rarr;","og_url":"https:\/\/www.humusformen.de\/?page_id=480","og_site_name":"Humusformen","article_modified_time":"2022-01-17T11:02:44+00:00","twitter_card":"summary_large_image","schema":{"@context":"https:\/\/schema.org","@graph":[{"@type":"WebPage","@id":"https:\/\/www.humusformen.de\/?page_id=480","url":"https:\/\/www.humusformen.de\/?page_id=480","name":"Feucht-F-Mull - Humusformen","isPartOf":{"@id":"https:\/\/www.humusformen.de\/#website"},"datePublished":"2021-11-24T13:04:54+00:00","dateModified":"2022-01-17T11:02:44+00:00","breadcrumb":{"@id":"https:\/\/www.humusformen.de\/?page_id=480#breadcrumb"},"inLanguage":"de-DE","potentialAction":[{"@type":"ReadAction","target":["https:\/\/www.humusformen.de\/?page_id=480"]}]},{"@type":"BreadcrumbList","@id":"https:\/\/www.humusformen.de\/?page_id=480#breadcrumb","itemListElement":[{"@type":"ListItem","position":1,"name":"Startseite","item":"https:\/\/www.humusformen.de\/"},{"@type":"ListItem","position":2,"name":"Humusformen","item":"https:\/\/www.humusformen.de\/?page_id=113"},{"@type":"ListItem","position":3,"name":"Mull-Humusformen","item":"https:\/\/www.humusformen.de\/?page_id=168"},{"@type":"ListItem","position":4,"name":"F-Mull","item":"https:\/\/www.humusformen.de\/?page_id=244"},{"@type":"ListItem","position":5,"name":"Feucht-F-Mull"}]},{"@type":"WebSite","@id":"https:\/\/www.humusformen.de\/#website","url":"https:\/\/www.humusformen.de\/","name":"Humusformen","description":"AG Humusformen der Deutschen Bodenkundlichen Gesellschaft","potentialAction":[{"@type":"SearchAction","target":{"@type":"EntryPoint","urlTemplate":"https:\/\/www.humusformen.de\/?s={search_term_string}"},"query-input":"required name=search_term_string"}],"inLanguage":"de-DE"}]}},"_links":{"self":[{"href":"https:\/\/www.humusformen.de\/index.php?rest_route=\/wp\/v2\/pages\/480"}],"collection":[{"href":"https:\/\/www.humusformen.de\/index.php?rest_route=\/wp\/v2\/pages"}],"about":[{"href":"https:\/\/www.humusformen.de\/index.php?rest_route=\/wp\/v2\/types\/page"}],"author":[{"embeddable":true,"href":"https:\/\/www.humusformen.de\/index.php?rest_route=\/wp\/v2\/users\/1"}],"replies":[{"embeddable":true,"href":"https:\/\/www.humusformen.de\/index.php?rest_route=%2Fwp%2Fv2%2Fcomments&post=480"}],"version-history":[{"count":3,"href":"https:\/\/www.humusformen.de\/index.php?rest_route=\/wp\/v2\/pages\/480\/revisions"}],"predecessor-version":[{"id":891,"href":"https:\/\/www.humusformen.de\/index.php?rest_route=\/wp\/v2\/pages\/480\/revisions\/891"}],"up":[{"embeddable":true,"href":"https:\/\/www.humusformen.de\/index.php?rest_route=\/wp\/v2\/pages\/244"}],"wp:attachment":[{"href":"https:\/\/www.humusformen.de\/index.php?rest_route=%2Fwp%2Fv2%2Fmedia&parent=480"}],"curies":[{"name":"wp","href":"https:\/\/api.w.org\/{rel}","templated":true}]}}