{"id":476,"date":"2021-11-24T14:02:15","date_gmt":"2021-11-24T13:02:15","guid":{"rendered":"https:\/\/www.humusformen.de\/?page_id=476"},"modified":"2023-09-13T16:13:35","modified_gmt":"2023-09-13T14:13:35","slug":"rhizo-f-mull","status":"publish","type":"page","link":"https:\/\/www.humusformen.de\/?page_id=476","title":{"rendered":"Rhizo-F-Mull"},"content":{"rendered":"<p>In Waldbest\u00e4nden mit dichtem Grasbewuchs und unter Gr\u00fcnland kann der A-Horizont Wurzelfilz mit &gt;\u00a050\u00a0Vol.-% lebenden Wurzeln aufweisen. Die A-Horizonte mit Wurzelfilz sind meist &lt; 3 \u2013 5 cm m\u00e4chtig, darunter folgen weitere A-Horizonte.<\/p>\n<ul>\n<li>Ol-Horizont ganzj\u00e4hrig vorhanden und<\/li>\n<li>Of-Horizont ganzj\u00e4hrig und fl\u00e4chenhaft vorhanden und<\/li>\n<li>Adx-, Adu- oder Adh-Horizont vorhanden.<\/li>\n<\/ul>\n<div id=\"attachment_83\" style=\"width: 310px\" class=\"wp-caption aligncenter\"><a href=\"https:\/\/www.humusformen.de\/wp-content\/uploads\/2021\/11\/cropped-Wurzelfilz.jpg\"><img loading=\"lazy\" decoding=\"async\" aria-describedby=\"caption-attachment-83\" class=\"wp-image-83 size-medium\" src=\"https:\/\/www.humusformen.de\/wp-content\/uploads\/2021\/11\/cropped-Wurzelfilz-300x200.jpg\" alt=\"\" width=\"300\" height=\"200\" srcset=\"https:\/\/www.humusformen.de\/wp-content\/uploads\/2021\/11\/cropped-Wurzelfilz-300x200.jpg 300w, https:\/\/www.humusformen.de\/wp-content\/uploads\/2021\/11\/cropped-Wurzelfilz-768x512.jpg 768w, https:\/\/www.humusformen.de\/wp-content\/uploads\/2021\/11\/cropped-Wurzelfilz-450x300.jpg 450w, https:\/\/www.humusformen.de\/wp-content\/uploads\/2021\/11\/cropped-Wurzelfilz.jpg 1024w\" sizes=\"(max-width: 300px) 100vw, 300px\" \/><\/a><p id=\"caption-attachment-83\" class=\"wp-caption-text\"><em>Wurzelfilz eines Rhizo-Feucht-Mulls mit &gt; 50 Volumen-% lebender Feinwurzeln im nHv-Horizont eines Niedermoors mit schwacher Vererdung, Foto: Gerhard Milbert<br \/><\/em><\/p><\/div>\n<p>&nbsp;<\/p>\n","protected":false},"excerpt":{"rendered":"<p>In Waldbest\u00e4nden mit dichtem Grasbewuchs und unter Gr\u00fcnland kann der A-Horizont Wurzelfilz mit &gt;\u00a050\u00a0Vol.-% lebenden Wurzeln aufweisen. Die A-Horizonte mit Wurzelfilz sind meist &lt; 3 \u2013 5 cm m\u00e4chtig, darunter folgen weitere A-Horizonte. Ol-Horizont ganzj\u00e4hrig vorhanden und Of-Horizont ganzj\u00e4hrig und &hellip; <a href=\"https:\/\/www.humusformen.de\/?page_id=476\">Weiterlesen <span class=\"meta-nav\">&rarr;<\/span><\/a><\/p>\n","protected":false},"author":1,"featured_media":0,"parent":244,"menu_order":3,"comment_status":"closed","ping_status":"closed","template":"","meta":{"footnotes":""},"yoast_head":"<!-- This site is optimized with the Yoast SEO plugin v21.7 - https:\/\/yoast.com\/wordpress\/plugins\/seo\/ -->\n<title>Rhizo-F-Mull - Humusformen<\/title>\n<meta name=\"robots\" content=\"index, follow, max-snippet:-1, max-image-preview:large, max-video-preview:-1\" \/>\n<link rel=\"canonical\" href=\"https:\/\/www.humusformen.de\/?page_id=476\" \/>\n<meta property=\"og:locale\" content=\"de_DE\" \/>\n<meta property=\"og:type\" content=\"article\" \/>\n<meta property=\"og:title\" content=\"Rhizo-F-Mull - Humusformen\" \/>\n<meta property=\"og:description\" content=\"In Waldbest\u00e4nden mit dichtem Grasbewuchs und unter Gr\u00fcnland kann der A-Horizont Wurzelfilz mit &gt;\u00a050\u00a0Vol.-% lebenden Wurzeln aufweisen. Die A-Horizonte mit Wurzelfilz sind meist &lt; 3 \u2013 5 cm m\u00e4chtig, darunter folgen weitere A-Horizonte. Ol-Horizont ganzj\u00e4hrig vorhanden und Of-Horizont ganzj\u00e4hrig und &hellip; Weiterlesen &rarr;\" \/>\n<meta property=\"og:url\" content=\"https:\/\/www.humusformen.de\/?page_id=476\" \/>\n<meta property=\"og:site_name\" content=\"Humusformen\" \/>\n<meta property=\"article:modified_time\" content=\"2023-09-13T14:13:35+00:00\" \/>\n<meta property=\"og:image\" content=\"https:\/\/www.humusformen.de\/wp-content\/uploads\/2021\/11\/cropped-Wurzelfilz-300x200.jpg\" \/>\n<meta name=\"twitter:card\" content=\"summary_large_image\" \/>\n<meta name=\"twitter:label1\" content=\"Gesch\u00e4tzte Lesezeit\" \/>\n\t<meta name=\"twitter:data1\" content=\"1 Minute\" \/>\n<script type=\"application\/ld+json\" class=\"yoast-schema-graph\">{\"@context\":\"https:\/\/schema.org\",\"@graph\":[{\"@type\":\"WebPage\",\"@id\":\"https:\/\/www.humusformen.de\/?page_id=476\",\"url\":\"https:\/\/www.humusformen.de\/?page_id=476\",\"name\":\"Rhizo-F-Mull - Humusformen\",\"isPartOf\":{\"@id\":\"https:\/\/www.humusformen.de\/#website\"},\"datePublished\":\"2021-11-24T13:02:15+00:00\",\"dateModified\":\"2023-09-13T14:13:35+00:00\",\"breadcrumb\":{\"@id\":\"https:\/\/www.humusformen.de\/?page_id=476#breadcrumb\"},\"inLanguage\":\"de-DE\",\"potentialAction\":[{\"@type\":\"ReadAction\",\"target\":[\"https:\/\/www.humusformen.de\/?page_id=476\"]}]},{\"@type\":\"BreadcrumbList\",\"@id\":\"https:\/\/www.humusformen.de\/?page_id=476#breadcrumb\",\"itemListElement\":[{\"@type\":\"ListItem\",\"position\":1,\"name\":\"Startseite\",\"item\":\"https:\/\/www.humusformen.de\/\"},{\"@type\":\"ListItem\",\"position\":2,\"name\":\"Humusformen\",\"item\":\"https:\/\/www.humusformen.de\/?page_id=113\"},{\"@type\":\"ListItem\",\"position\":3,\"name\":\"Mull-Humusformen\",\"item\":\"https:\/\/www.humusformen.de\/?page_id=168\"},{\"@type\":\"ListItem\",\"position\":4,\"name\":\"F-Mull\",\"item\":\"https:\/\/www.humusformen.de\/?page_id=244\"},{\"@type\":\"ListItem\",\"position\":5,\"name\":\"Rhizo-F-Mull\"}]},{\"@type\":\"WebSite\",\"@id\":\"https:\/\/www.humusformen.de\/#website\",\"url\":\"https:\/\/www.humusformen.de\/\",\"name\":\"Humusformen\",\"description\":\"AG Humusformen der Deutschen Bodenkundlichen Gesellschaft\",\"potentialAction\":[{\"@type\":\"SearchAction\",\"target\":{\"@type\":\"EntryPoint\",\"urlTemplate\":\"https:\/\/www.humusformen.de\/?s={search_term_string}\"},\"query-input\":\"required name=search_term_string\"}],\"inLanguage\":\"de-DE\"}]}<\/script>\n<!-- \/ Yoast SEO plugin. -->","yoast_head_json":{"title":"Rhizo-F-Mull - Humusformen","robots":{"index":"index","follow":"follow","max-snippet":"max-snippet:-1","max-image-preview":"max-image-preview:large","max-video-preview":"max-video-preview:-1"},"canonical":"https:\/\/www.humusformen.de\/?page_id=476","og_locale":"de_DE","og_type":"article","og_title":"Rhizo-F-Mull - Humusformen","og_description":"In Waldbest\u00e4nden mit dichtem Grasbewuchs und unter Gr\u00fcnland kann der A-Horizont Wurzelfilz mit &gt;\u00a050\u00a0Vol.-% lebenden Wurzeln aufweisen. Die A-Horizonte mit Wurzelfilz sind meist &lt; 3 \u2013 5 cm m\u00e4chtig, darunter folgen weitere A-Horizonte. Ol-Horizont ganzj\u00e4hrig vorhanden und Of-Horizont ganzj\u00e4hrig und &hellip; Weiterlesen &rarr;","og_url":"https:\/\/www.humusformen.de\/?page_id=476","og_site_name":"Humusformen","article_modified_time":"2023-09-13T14:13:35+00:00","og_image":[{"url":"https:\/\/www.humusformen.de\/wp-content\/uploads\/2021\/11\/cropped-Wurzelfilz-300x200.jpg"}],"twitter_card":"summary_large_image","twitter_misc":{"Gesch\u00e4tzte Lesezeit":"1 Minute"},"schema":{"@context":"https:\/\/schema.org","@graph":[{"@type":"WebPage","@id":"https:\/\/www.humusformen.de\/?page_id=476","url":"https:\/\/www.humusformen.de\/?page_id=476","name":"Rhizo-F-Mull - Humusformen","isPartOf":{"@id":"https:\/\/www.humusformen.de\/#website"},"datePublished":"2021-11-24T13:02:15+00:00","dateModified":"2023-09-13T14:13:35+00:00","breadcrumb":{"@id":"https:\/\/www.humusformen.de\/?page_id=476#breadcrumb"},"inLanguage":"de-DE","potentialAction":[{"@type":"ReadAction","target":["https:\/\/www.humusformen.de\/?page_id=476"]}]},{"@type":"BreadcrumbList","@id":"https:\/\/www.humusformen.de\/?page_id=476#breadcrumb","itemListElement":[{"@type":"ListItem","position":1,"name":"Startseite","item":"https:\/\/www.humusformen.de\/"},{"@type":"ListItem","position":2,"name":"Humusformen","item":"https:\/\/www.humusformen.de\/?page_id=113"},{"@type":"ListItem","position":3,"name":"Mull-Humusformen","item":"https:\/\/www.humusformen.de\/?page_id=168"},{"@type":"ListItem","position":4,"name":"F-Mull","item":"https:\/\/www.humusformen.de\/?page_id=244"},{"@type":"ListItem","position":5,"name":"Rhizo-F-Mull"}]},{"@type":"WebSite","@id":"https:\/\/www.humusformen.de\/#website","url":"https:\/\/www.humusformen.de\/","name":"Humusformen","description":"AG Humusformen der Deutschen Bodenkundlichen Gesellschaft","potentialAction":[{"@type":"SearchAction","target":{"@type":"EntryPoint","urlTemplate":"https:\/\/www.humusformen.de\/?s={search_term_string}"},"query-input":"required name=search_term_string"}],"inLanguage":"de-DE"}]}},"_links":{"self":[{"href":"https:\/\/www.humusformen.de\/index.php?rest_route=\/wp\/v2\/pages\/476"}],"collection":[{"href":"https:\/\/www.humusformen.de\/index.php?rest_route=\/wp\/v2\/pages"}],"about":[{"href":"https:\/\/www.humusformen.de\/index.php?rest_route=\/wp\/v2\/types\/page"}],"author":[{"embeddable":true,"href":"https:\/\/www.humusformen.de\/index.php?rest_route=\/wp\/v2\/users\/1"}],"replies":[{"embeddable":true,"href":"https:\/\/www.humusformen.de\/index.php?rest_route=%2Fwp%2Fv2%2Fcomments&post=476"}],"version-history":[{"count":10,"href":"https:\/\/www.humusformen.de\/index.php?rest_route=\/wp\/v2\/pages\/476\/revisions"}],"predecessor-version":[{"id":1063,"href":"https:\/\/www.humusformen.de\/index.php?rest_route=\/wp\/v2\/pages\/476\/revisions\/1063"}],"up":[{"embeddable":true,"href":"https:\/\/www.humusformen.de\/index.php?rest_route=\/wp\/v2\/pages\/244"}],"wp:attachment":[{"href":"https:\/\/www.humusformen.de\/index.php?rest_route=%2Fwp%2Fv2%2Fmedia&parent=476"}],"curies":[{"name":"wp","href":"https:\/\/api.w.org\/{rel}","templated":true}]}}