{"id":440,"date":"2021-11-14T16:40:03","date_gmt":"2021-11-14T15:40:03","guid":{"rendered":"https:\/\/www.humusformen.de\/?page_id=440"},"modified":"2023-09-13T16:28:36","modified_gmt":"2023-09-13T14:28:36","slug":"f-moor","status":"publish","type":"page","link":"https:\/\/www.humusformen.de\/?page_id=440","title":{"rendered":"F-Moor"},"content":{"rendered":"<p><strong>HF\u00a0\u00a0\u00a0\u00a0\u00a0\u00a0\u00a0\u00a0\u00a0\u00a0\u00a0\u00a0\u00a0\u00a0\u00a0\u00a0\u00a0 Typ F-Moor<\/strong><\/p>\n<p>Bei Streuarten mit weiten bis sehr weiten C\/N-Verh\u00e4ltnissen (oligotroph bis dystroph), saurer bis sehr stark saurer Bodenreaktion sowie <em>dauerhafter Wassers\u00e4ttigung mit weitestgehend anaeroben Abbaubedingungen <\/em>bilden sich Torfe mit deutlich erkennbaren Pflanzenstrukturen und \u00e4u\u00dferst geringem bis geringem Humifi\u00adzierungsgrad.<\/p>\n<ul>\n<li>Hfn-Horizont an der Bodenoberfl\u00e4che vorhanden und<\/li>\n<li>Hochmoor- oder \u00dcbergangsmoorvegetation vorhanden<\/li>\n<\/ul>\n<p>&nbsp;<\/p>\n<div id=\"attachment_728\" style=\"width: 310px\" class=\"wp-caption aligncenter\"><a href=\"https:\/\/www.humusformen.de\/wp-content\/uploads\/2021\/12\/Hochmoorlandschaft-Lettland.jpg\"><img loading=\"lazy\" decoding=\"async\" aria-describedby=\"caption-attachment-728\" class=\"wp-image-728 size-medium\" src=\"https:\/\/www.humusformen.de\/wp-content\/uploads\/2021\/12\/Hochmoorlandschaft-Lettland-300x199.jpg\" alt=\"\" width=\"300\" height=\"199\" srcset=\"https:\/\/www.humusformen.de\/wp-content\/uploads\/2021\/12\/Hochmoorlandschaft-Lettland-300x199.jpg 300w, https:\/\/www.humusformen.de\/wp-content\/uploads\/2021\/12\/Hochmoorlandschaft-Lettland-1024x678.jpg 1024w, https:\/\/www.humusformen.de\/wp-content\/uploads\/2021\/12\/Hochmoorlandschaft-Lettland-768x509.jpg 768w, https:\/\/www.humusformen.de\/wp-content\/uploads\/2021\/12\/Hochmoorlandschaft-Lettland-1536x1018.jpg 1536w, https:\/\/www.humusformen.de\/wp-content\/uploads\/2021\/12\/Hochmoorlandschaft-Lettland-2048x1357.jpg 2048w, https:\/\/www.humusformen.de\/wp-content\/uploads\/2021\/12\/Hochmoorlandschaft-Lettland-453x300.jpg 453w\" sizes=\"(max-width: 300px) 100vw, 300px\" \/><\/a><p id=\"caption-attachment-728\" class=\"wp-caption-text\"><em>Hochmoorlandschaft in Lettland, \u00a9 Gerhard Milbert<\/em><\/p><\/div>\n<div id=\"attachment_766\" style=\"width: 310px\" class=\"wp-caption aligncenter\"><a href=\"https:\/\/www.humusformen.de\/wp-content\/uploads\/2021\/12\/Hochmoorvegetation.jpg\"><img loading=\"lazy\" decoding=\"async\" aria-describedby=\"caption-attachment-766\" class=\"wp-image-766 size-medium\" src=\"https:\/\/www.humusformen.de\/wp-content\/uploads\/2021\/12\/Hochmoorvegetation-300x199.jpg\" alt=\"\" width=\"300\" height=\"199\" srcset=\"https:\/\/www.humusformen.de\/wp-content\/uploads\/2021\/12\/Hochmoorvegetation-300x199.jpg 300w, https:\/\/www.humusformen.de\/wp-content\/uploads\/2021\/12\/Hochmoorvegetation-1024x678.jpg 1024w, https:\/\/www.humusformen.de\/wp-content\/uploads\/2021\/12\/Hochmoorvegetation-768x509.jpg 768w, https:\/\/www.humusformen.de\/wp-content\/uploads\/2021\/12\/Hochmoorvegetation-1536x1018.jpg 1536w, https:\/\/www.humusformen.de\/wp-content\/uploads\/2021\/12\/Hochmoorvegetation-2048x1357.jpg 2048w, https:\/\/www.humusformen.de\/wp-content\/uploads\/2021\/12\/Hochmoorvegetation-453x300.jpg 453w\" sizes=\"(max-width: 300px) 100vw, 300px\" \/><\/a><p id=\"caption-attachment-766\" class=\"wp-caption-text\"><em>Vegetation eines Hochmoores mit Torfmoosen, Sonnentau und Moosbeere, Humusform Oligotrophes F-Moor,<\/em><br \/><em>\u00a9 Gerhard Milbert<\/em><\/p><\/div>\n<blockquote><p>&nbsp;<\/p><\/blockquote>\n<p>&nbsp;<\/p>\n<p><strong><em>Subtypen<\/em><\/strong><\/p>\n<p><strong>HFD<\/strong>\u00a0\u00a0\u00a0\u00a0\u00a0\u00a0\u00a0\u00a0\u00a0\u00a0\u00a0\u00a0\u00a0\u00a0\u00a0 \u2013 Dystrophes F-Moor<\/p>\n<p>Bodenreaktion sehr stark sauer.<\/p>\n<ul>\n<li>C\/N des Hfn-Horizonts \u2265\u00a040 und<\/li>\n<li>ausschlie\u00dflich Hochmoorvegetation vorhanden<\/li>\n<\/ul>\n<p><strong>HFO<\/strong>\u00a0\u00a0\u00a0\u00a0\u00a0\u00a0\u00a0\u00a0\u00a0\u00a0\u00a0\u00a0\u00a0\u00a0\u00a0 \u2013 Oligotrophes F-Moor<\/p>\n<p>Bodenreaktion sauer bis stark sauer.<\/p>\n<ul>\n<li>C\/N des Hfn-Horizonts 33\u00a0\u2013\u00a0&lt;\u00a040 und<\/li>\n<li>Hochmoor- oder \u00dcbergangsmoorvegetation vorhanden<\/li>\n<\/ul>\n<p style=\"text-align: center;\"><a href=\"https:\/\/www.humusformen.de\/wp-content\/uploads\/2021\/12\/DBG03_24_Hochmoor_schwach-zersetzter-Sphagnumtorf.jpg\"><img loading=\"lazy\" decoding=\"async\" class=\"alignnone wp-image-724\" src=\"https:\/\/www.humusformen.de\/wp-content\/uploads\/2021\/12\/DBG03_24_Hochmoor_schwach-zersetzter-Sphagnumtorf-195x300.jpg\" alt=\"\" width=\"269\" height=\"405\" \/><\/a><\/p>\n<blockquote>\n<p style=\"text-align: center;\">Humusform: Oligotrophes F-Moor auf Hochmoorgley,<br \/>\n\u00a9 Gerhard Milbert, AG-Humusformen<\/p>\n<\/blockquote>\n<p><strong>HFM<\/strong>\u00a0\u00a0\u00a0\u00a0\u00a0\u00a0\u00a0\u00a0\u00a0\u00a0\u00a0\u00a0\u00a0\u00a0 \u2013 Mesotrophes F-Moor<\/p>\n<p>Bodenreaktion sauer bis schwach sauer.<\/p>\n<ul>\n<li>C\/N des Hfn-Horizonts 20\u00a0\u2013\u00a0&lt;\u00a033 und<\/li>\n<li>\u00dcbergangsmoor- oder Niedermoorvegetation vorhanden<\/li>\n<\/ul>\n<blockquote>\n<div id=\"attachment_762\" style=\"width: 296px\" class=\"wp-caption aligncenter\"><a href=\"https:\/\/www.humusformen.de\/wp-content\/uploads\/2021\/12\/oligotrophes-M-Moor-1-scaled.jpg\"><img loading=\"lazy\" decoding=\"async\" aria-describedby=\"caption-attachment-762\" class=\"wp-image-762 \" src=\"https:\/\/www.humusformen.de\/wp-content\/uploads\/2021\/12\/oligotrophes-M-Moor-1-225x300.jpg\" alt=\"\" width=\"286\" height=\"377\" \/><\/a><p id=\"caption-attachment-762\" class=\"wp-caption-text\">Spatenausstich im Niedermoor, <br \/>NSG Heiliges Meer bei Hopsten,\u00a0 Humusform: Mesotrophes F-Moor, \u00a9 Gerhard Milbert, AG-Humusformen<\/p><\/div><\/blockquote>\n","protected":false},"excerpt":{"rendered":"<p>HF\u00a0\u00a0\u00a0\u00a0\u00a0\u00a0\u00a0\u00a0\u00a0\u00a0\u00a0\u00a0\u00a0\u00a0\u00a0\u00a0\u00a0 Typ F-Moor Bei Streuarten mit weiten bis sehr weiten C\/N-Verh\u00e4ltnissen (oligotroph bis dystroph), saurer bis sehr stark saurer Bodenreaktion sowie dauerhafter Wassers\u00e4ttigung mit weitestgehend anaeroben Abbaubedingungen bilden sich Torfe mit deutlich erkennbaren Pflanzenstrukturen und \u00e4u\u00dferst geringem bis geringem Humifi\u00adzierungsgrad. &hellip; <a href=\"https:\/\/www.humusformen.de\/?page_id=440\">Weiterlesen <span class=\"meta-nav\">&rarr;<\/span><\/a><\/p>\n","protected":false},"author":1,"featured_media":0,"parent":260,"menu_order":1,"comment_status":"closed","ping_status":"closed","template":"","meta":{"footnotes":""},"yoast_head":"<!-- This site is optimized with the Yoast SEO plugin v21.7 - https:\/\/yoast.com\/wordpress\/plugins\/seo\/ -->\n<title>F-Moor - Humusformen<\/title>\n<meta name=\"robots\" content=\"index, follow, max-snippet:-1, max-image-preview:large, max-video-preview:-1\" \/>\n<link rel=\"canonical\" href=\"https:\/\/www.humusformen.de\/?page_id=440\" \/>\n<meta property=\"og:locale\" content=\"de_DE\" \/>\n<meta property=\"og:type\" content=\"article\" \/>\n<meta property=\"og:title\" content=\"F-Moor - Humusformen\" \/>\n<meta property=\"og:description\" content=\"HF\u00a0\u00a0\u00a0\u00a0\u00a0\u00a0\u00a0\u00a0\u00a0\u00a0\u00a0\u00a0\u00a0\u00a0\u00a0\u00a0\u00a0 Typ F-Moor Bei Streuarten mit weiten bis sehr weiten C\/N-Verh\u00e4ltnissen (oligotroph bis dystroph), saurer bis sehr stark saurer Bodenreaktion sowie dauerhafter Wassers\u00e4ttigung mit weitestgehend anaeroben Abbaubedingungen bilden sich Torfe mit deutlich erkennbaren Pflanzenstrukturen und \u00e4u\u00dferst geringem bis geringem Humifi\u00adzierungsgrad. &hellip; Weiterlesen &rarr;\" \/>\n<meta property=\"og:url\" content=\"https:\/\/www.humusformen.de\/?page_id=440\" \/>\n<meta property=\"og:site_name\" content=\"Humusformen\" \/>\n<meta property=\"article:modified_time\" content=\"2023-09-13T14:28:36+00:00\" \/>\n<meta property=\"og:image\" content=\"https:\/\/www.humusformen.de\/wp-content\/uploads\/2021\/12\/Hochmoorlandschaft-Lettland-300x199.jpg\" \/>\n<meta name=\"twitter:card\" content=\"summary_large_image\" \/>\n<meta name=\"twitter:label1\" content=\"Gesch\u00e4tzte Lesezeit\" \/>\n\t<meta name=\"twitter:data1\" content=\"2 Minuten\" \/>\n<script type=\"application\/ld+json\" class=\"yoast-schema-graph\">{\"@context\":\"https:\/\/schema.org\",\"@graph\":[{\"@type\":\"WebPage\",\"@id\":\"https:\/\/www.humusformen.de\/?page_id=440\",\"url\":\"https:\/\/www.humusformen.de\/?page_id=440\",\"name\":\"F-Moor - Humusformen\",\"isPartOf\":{\"@id\":\"https:\/\/www.humusformen.de\/#website\"},\"datePublished\":\"2021-11-14T15:40:03+00:00\",\"dateModified\":\"2023-09-13T14:28:36+00:00\",\"breadcrumb\":{\"@id\":\"https:\/\/www.humusformen.de\/?page_id=440#breadcrumb\"},\"inLanguage\":\"de-DE\",\"potentialAction\":[{\"@type\":\"ReadAction\",\"target\":[\"https:\/\/www.humusformen.de\/?page_id=440\"]}]},{\"@type\":\"BreadcrumbList\",\"@id\":\"https:\/\/www.humusformen.de\/?page_id=440#breadcrumb\",\"itemListElement\":[{\"@type\":\"ListItem\",\"position\":1,\"name\":\"Startseite\",\"item\":\"https:\/\/www.humusformen.de\/\"},{\"@type\":\"ListItem\",\"position\":2,\"name\":\"Humusformen\",\"item\":\"https:\/\/www.humusformen.de\/?page_id=113\"},{\"@type\":\"ListItem\",\"position\":3,\"name\":\"Hydromorphe Humusformen\",\"item\":\"https:\/\/www.humusformen.de\/?page_id=176\"},{\"@type\":\"ListItem\",\"position\":4,\"name\":\"Humusformen Nat\u00fcrlicher Moore\",\"item\":\"https:\/\/www.humusformen.de\/?page_id=260\"},{\"@type\":\"ListItem\",\"position\":5,\"name\":\"F-Moor\"}]},{\"@type\":\"WebSite\",\"@id\":\"https:\/\/www.humusformen.de\/#website\",\"url\":\"https:\/\/www.humusformen.de\/\",\"name\":\"Humusformen\",\"description\":\"AG Humusformen der Deutschen Bodenkundlichen Gesellschaft\",\"potentialAction\":[{\"@type\":\"SearchAction\",\"target\":{\"@type\":\"EntryPoint\",\"urlTemplate\":\"https:\/\/www.humusformen.de\/?s={search_term_string}\"},\"query-input\":\"required name=search_term_string\"}],\"inLanguage\":\"de-DE\"}]}<\/script>\n<!-- \/ Yoast SEO plugin. -->","yoast_head_json":{"title":"F-Moor - Humusformen","robots":{"index":"index","follow":"follow","max-snippet":"max-snippet:-1","max-image-preview":"max-image-preview:large","max-video-preview":"max-video-preview:-1"},"canonical":"https:\/\/www.humusformen.de\/?page_id=440","og_locale":"de_DE","og_type":"article","og_title":"F-Moor - Humusformen","og_description":"HF\u00a0\u00a0\u00a0\u00a0\u00a0\u00a0\u00a0\u00a0\u00a0\u00a0\u00a0\u00a0\u00a0\u00a0\u00a0\u00a0\u00a0 Typ F-Moor Bei Streuarten mit weiten bis sehr weiten C\/N-Verh\u00e4ltnissen (oligotroph bis dystroph), saurer bis sehr stark saurer Bodenreaktion sowie dauerhafter Wassers\u00e4ttigung mit weitestgehend anaeroben Abbaubedingungen bilden sich Torfe mit deutlich erkennbaren Pflanzenstrukturen und \u00e4u\u00dferst geringem bis geringem Humifi\u00adzierungsgrad. &hellip; Weiterlesen &rarr;","og_url":"https:\/\/www.humusformen.de\/?page_id=440","og_site_name":"Humusformen","article_modified_time":"2023-09-13T14:28:36+00:00","og_image":[{"url":"https:\/\/www.humusformen.de\/wp-content\/uploads\/2021\/12\/Hochmoorlandschaft-Lettland-300x199.jpg"}],"twitter_card":"summary_large_image","twitter_misc":{"Gesch\u00e4tzte Lesezeit":"2 Minuten"},"schema":{"@context":"https:\/\/schema.org","@graph":[{"@type":"WebPage","@id":"https:\/\/www.humusformen.de\/?page_id=440","url":"https:\/\/www.humusformen.de\/?page_id=440","name":"F-Moor - Humusformen","isPartOf":{"@id":"https:\/\/www.humusformen.de\/#website"},"datePublished":"2021-11-14T15:40:03+00:00","dateModified":"2023-09-13T14:28:36+00:00","breadcrumb":{"@id":"https:\/\/www.humusformen.de\/?page_id=440#breadcrumb"},"inLanguage":"de-DE","potentialAction":[{"@type":"ReadAction","target":["https:\/\/www.humusformen.de\/?page_id=440"]}]},{"@type":"BreadcrumbList","@id":"https:\/\/www.humusformen.de\/?page_id=440#breadcrumb","itemListElement":[{"@type":"ListItem","position":1,"name":"Startseite","item":"https:\/\/www.humusformen.de\/"},{"@type":"ListItem","position":2,"name":"Humusformen","item":"https:\/\/www.humusformen.de\/?page_id=113"},{"@type":"ListItem","position":3,"name":"Hydromorphe Humusformen","item":"https:\/\/www.humusformen.de\/?page_id=176"},{"@type":"ListItem","position":4,"name":"Humusformen Nat\u00fcrlicher Moore","item":"https:\/\/www.humusformen.de\/?page_id=260"},{"@type":"ListItem","position":5,"name":"F-Moor"}]},{"@type":"WebSite","@id":"https:\/\/www.humusformen.de\/#website","url":"https:\/\/www.humusformen.de\/","name":"Humusformen","description":"AG Humusformen der Deutschen Bodenkundlichen Gesellschaft","potentialAction":[{"@type":"SearchAction","target":{"@type":"EntryPoint","urlTemplate":"https:\/\/www.humusformen.de\/?s={search_term_string}"},"query-input":"required name=search_term_string"}],"inLanguage":"de-DE"}]}},"_links":{"self":[{"href":"https:\/\/www.humusformen.de\/index.php?rest_route=\/wp\/v2\/pages\/440"}],"collection":[{"href":"https:\/\/www.humusformen.de\/index.php?rest_route=\/wp\/v2\/pages"}],"about":[{"href":"https:\/\/www.humusformen.de\/index.php?rest_route=\/wp\/v2\/types\/page"}],"author":[{"embeddable":true,"href":"https:\/\/www.humusformen.de\/index.php?rest_route=\/wp\/v2\/users\/1"}],"replies":[{"embeddable":true,"href":"https:\/\/www.humusformen.de\/index.php?rest_route=%2Fwp%2Fv2%2Fcomments&post=440"}],"version-history":[{"count":14,"href":"https:\/\/www.humusformen.de\/index.php?rest_route=\/wp\/v2\/pages\/440\/revisions"}],"predecessor-version":[{"id":1072,"href":"https:\/\/www.humusformen.de\/index.php?rest_route=\/wp\/v2\/pages\/440\/revisions\/1072"}],"up":[{"embeddable":true,"href":"https:\/\/www.humusformen.de\/index.php?rest_route=\/wp\/v2\/pages\/260"}],"wp:attachment":[{"href":"https:\/\/www.humusformen.de\/index.php?rest_route=%2Fwp%2Fv2%2Fmedia&parent=440"}],"curies":[{"name":"wp","href":"https:\/\/api.w.org\/{rel}","templated":true}]}}