{"id":337,"date":"2021-11-11T18:04:06","date_gmt":"2021-11-11T17:04:06","guid":{"rendered":"https:\/\/www.humusformen.de\/?page_id=337"},"modified":"2023-09-13T15:54:04","modified_gmt":"2023-09-13T13:54:04","slug":"definition-oh-horizonte","status":"publish","type":"page","link":"https:\/\/www.humusformen.de\/?page_id=337","title":{"rendered":"Oh-Horizonte"},"content":{"rendered":"<p><strong>Oxh\u00a0\u00a0\u00a0\u00a0\u00a0\u00a0\u00a0 Oh-Abweichungshorizont<\/strong><br \/>\nmit deutlich erkennbaren Exkrementen der Bodenfauna, zeitweilig sehr hohe biologische Aktivit\u00e4t, meist \u00fcber 5 cm m\u00e4chtig [x von biogen gemixt].<\/p>\n<ul>\n<li>sehr locker gelagert und<\/li>\n<li>Material \u00fcberwiegend bis ausschlie\u00dflich feinkr\u00fcmelig<\/li>\n<\/ul>\n<div id=\"attachment_343\" style=\"width: 310px\" class=\"wp-caption aligncenter\"><a href=\"https:\/\/www.humusformen.de\/wp-content\/uploads\/2021\/11\/Pechmoder-05-rotated-e1640270966230.jpg\"><img loading=\"lazy\" decoding=\"async\" aria-describedby=\"caption-attachment-343\" class=\"wp-image-343 size-medium\" src=\"https:\/\/www.humusformen.de\/wp-content\/uploads\/2021\/11\/Pechmoder-05-rotated-e1640270966230-300x290.jpg\" alt=\"\" width=\"300\" height=\"290\" srcset=\"https:\/\/www.humusformen.de\/wp-content\/uploads\/2021\/11\/Pechmoder-05-rotated-e1640270966230-300x290.jpg 300w, https:\/\/www.humusformen.de\/wp-content\/uploads\/2021\/11\/Pechmoder-05-rotated-e1640270966230-1024x990.jpg 1024w, https:\/\/www.humusformen.de\/wp-content\/uploads\/2021\/11\/Pechmoder-05-rotated-e1640270966230-768x743.jpg 768w, https:\/\/www.humusformen.de\/wp-content\/uploads\/2021\/11\/Pechmoder-05-rotated-e1640270966230-310x300.jpg 310w, https:\/\/www.humusformen.de\/wp-content\/uploads\/2021\/11\/Pechmoder-05-rotated-e1640270966230.jpg 1366w\" sizes=\"(max-width: 300px) 100vw, 300px\" \/><\/a><p id=\"caption-attachment-343\" class=\"wp-caption-text\">Peschmoder in Felskluft, sickerfeuchter Steilhang, Salzkammergut, \u00d6sterreich<\/p><\/div>\n<blockquote>\n<p style=\"text-align: center;\">\n<\/blockquote>\n<p><strong>Obh\u00a0\u00a0\u00a0\u00a0\u00a0\u00a0\u00a0 Oh-Abweichungshorizont<\/strong><br \/>\nmit Anzeichen mittlerer biologischer Aktivit\u00e4t, erkennbare Exkremente der Bodenfauna, teilweise gerundet. Obh-Material schwer vom Mineralboden zu trennen [b von br\u00f6ckelig].<\/p>\n<ul>\n<li>locker gelagert und<\/li>\n<li>Material pulvrig bis leicht in schwach gerundete Br\u00f6ckel zerfallend<\/li>\n<\/ul>\n<div id=\"attachment_844\" style=\"width: 310px\" class=\"wp-caption aligncenter\"><a href=\"https:\/\/www.humusformen.de\/wp-content\/uploads\/2021\/12\/feinhumusreicher-Typischer-Moder-1-scaled-e1640871322441.jpg\"><img loading=\"lazy\" decoding=\"async\" aria-describedby=\"caption-attachment-844\" class=\"wp-image-844 size-medium\" src=\"https:\/\/www.humusformen.de\/wp-content\/uploads\/2021\/12\/feinhumusreicher-Typischer-Moder-1-scaled-e1640871322441-300x142.jpg\" alt=\"\" width=\"300\" height=\"142\" srcset=\"https:\/\/www.humusformen.de\/wp-content\/uploads\/2021\/12\/feinhumusreicher-Typischer-Moder-1-scaled-e1640871322441-300x142.jpg 300w, https:\/\/www.humusformen.de\/wp-content\/uploads\/2021\/12\/feinhumusreicher-Typischer-Moder-1-scaled-e1640871322441-1024x486.jpg 1024w, https:\/\/www.humusformen.de\/wp-content\/uploads\/2021\/12\/feinhumusreicher-Typischer-Moder-1-scaled-e1640871322441-768x364.jpg 768w, https:\/\/www.humusformen.de\/wp-content\/uploads\/2021\/12\/feinhumusreicher-Typischer-Moder-1-scaled-e1640871322441-1536x728.jpg 1536w, https:\/\/www.humusformen.de\/wp-content\/uploads\/2021\/12\/feinhumusreicher-Typischer-Moder-1-scaled-e1640871322441-2048x971.jpg 2048w, https:\/\/www.humusformen.de\/wp-content\/uploads\/2021\/12\/feinhumusreicher-Typischer-Moder-1-scaled-e1640871322441-500x237.jpg 500w\" sizes=\"(max-width: 300px) 100vw, 300px\" \/><\/a><p id=\"caption-attachment-844\" class=\"wp-caption-text\">feinbr\u00f6ckeliger bis pulverf\u00f6rmig zerfallender Obh-Hoizont eines feinhumusreichen Typischen Moders,<br \/>\u00a9 Alexander Konopatzki<\/p><\/div>\n<blockquote>\n<p style=\"text-align: center;\">\n<\/blockquote>\n<p><strong>Owbh\u00a0\u00a0\u00a0\u00a0 Obh-Abweichungshorizont<\/strong><br \/>\nzeitweilig stau- oder grundwasserbeeinflusst. Vegetation weist auf N\u00e4sse im Oberboden hin [w von wasserbeeinflusst].<\/p>\n<ul>\n<li>zeitweilig reduzierende Bedingungen und<\/li>\n<li>in feuchtem Zustand schmierige Konsistenz der schwarzen organischen Feinsubstanz und<\/li>\n<li>\u00fcber hydromorphem Oberboden<\/li>\n<li>Odh\u00a0\u00a0\u00a0\u00a0\u00a0\u00a0\u00a0 Oh-Abweichungshorizont<br \/>\nmit Wurzelfilz [d von starker Durchwurzelung].<\/li>\n<li>Anteil an lebenden Feinwurzeln \u2265 50 Vol.-%<\/li>\n<\/ul>\n<p><strong>Oih\u00a0\u00a0\u00a0\u00a0\u00a0\u00a0\u00a0\u00a0 Oh-Abweichungshorizont<\/strong><br \/>\nsehr geringm\u00e4chtig, filmartig der Mineralbodenoberfl\u00e4che aufliegend oder geringm\u00e4chtig und nur stellenweise vorhanden [i von filmartig].<\/p>\n<ul>\n<li>filmartig, M\u00e4chtigkeit &lt; 5 mm oder<\/li>\n<li>geringm\u00e4chtig (\u2265 5\u00a0mm) und l\u00fcckig (in taschenartigen Vertiefungen der Mineralbodenoberfl\u00e4che)<\/li>\n<\/ul>\n<blockquote>\n<div id=\"attachment_41\" style=\"width: 310px\" class=\"wp-caption alignnone\"><img loading=\"lazy\" decoding=\"async\" aria-describedby=\"caption-attachment-41\" class=\"size-medium wp-image-41\" src=\"https:\/\/www.humusformen.de\/wp-content\/uploads\/2021\/11\/Beprobung-04-300x224.jpg\" alt=\"\" width=\"300\" height=\"224\" srcset=\"https:\/\/www.humusformen.de\/wp-content\/uploads\/2021\/11\/Beprobung-04-300x224.jpg 300w, https:\/\/www.humusformen.de\/wp-content\/uploads\/2021\/11\/Beprobung-04-1024x766.jpg 1024w, https:\/\/www.humusformen.de\/wp-content\/uploads\/2021\/11\/Beprobung-04-768x575.jpg 768w, https:\/\/www.humusformen.de\/wp-content\/uploads\/2021\/11\/Beprobung-04-1536x1149.jpg 1536w, https:\/\/www.humusformen.de\/wp-content\/uploads\/2021\/11\/Beprobung-04-2048x1532.jpg 2048w, https:\/\/www.humusformen.de\/wp-content\/uploads\/2021\/11\/Beprobung-04-401x300.jpg 401w\" sizes=\"(max-width: 300px) 100vw, 300px\" \/><p id=\"caption-attachment-41\" class=\"wp-caption-text\">Oih aus Fichtennadelstreu, Mullartiger Moder auf basenreicher Braunerde, \u00a9 Gerhard Milbert<\/p><\/div>\n<p>&nbsp;<\/p><\/blockquote>\n<p><strong>Ovh\u00a0\u00a0\u00a0\u00a0\u00a0\u00a0\u00a0 Oh-Abweichungshorizont<\/strong><br \/>\nim Kontaktbereich zu festem Gestein oder Grobskelett, pH-Wert und Basens\u00e4ttigungsgrad \u00fcber Kalkgestein im Vergleich zu \u00fcberlagernden Oh-Horizonten erh\u00f6ht, h\u00e4ufig Splitter des unterliegenden Gesteins enthaltend, hohe biologische Aktivit\u00e4t, meist geringm\u00e4chtig (1 \u2013 3 cm).<\/p>\n<ul>\n<li>Material in feuchtem Zustand fein br\u00f6ckelig, belebt und<\/li>\n<li>\u00fcber Carbonatgestein tiefschwarz, \u00fcber Silikatgestein schwarz bis intensiv braun<\/li>\n<\/ul>\n<p><strong>Okh\u00a0\u00a0\u00a0\u00a0\u00a0\u00a0\u00a0 Oh-Abweichungshorizont<\/strong><br \/>\nsehr stark sauer bis extrem sauer, aus biologisch inaktiver organischer Feinsubstanz, meist entstanden aus Heide- oder Nadelholzstreu. Okh-Horizont meist sehr gut vom Mineralboden zu trennen, kompakt, unscharf brechend, meist stark bis sehr stark durchwurzelt [k von kompakt gelagert].<\/p>\n<ul>\n<li>kompakt gelagert und<\/li>\n<li>Material bricht unscharf in grobe, meist nicht vollst\u00e4ndige getrennte Aggregate und<\/li>\n<li>Aggregate passen nach dem Aufbrechen nicht wieder l\u00fcckenlos aneinander<\/li>\n<\/ul>\n<div id=\"attachment_65\" style=\"width: 310px\" class=\"wp-caption aligncenter\"><a href=\"https:\/\/www.humusformen.de\/wp-content\/uploads\/2021\/11\/moro.jpg\"><img loading=\"lazy\" decoding=\"async\" aria-describedby=\"caption-attachment-65\" class=\"wp-image-65 size-medium\" src=\"https:\/\/www.humusformen.de\/wp-content\/uploads\/2021\/11\/moro-300x166.jpg\" alt=\"\" width=\"300\" height=\"166\" srcset=\"https:\/\/www.humusformen.de\/wp-content\/uploads\/2021\/11\/moro-300x166.jpg 300w, https:\/\/www.humusformen.de\/wp-content\/uploads\/2021\/11\/moro-1024x568.jpg 1024w, https:\/\/www.humusformen.de\/wp-content\/uploads\/2021\/11\/moro-768x426.jpg 768w, https:\/\/www.humusformen.de\/wp-content\/uploads\/2021\/11\/moro-500x277.jpg 500w, https:\/\/www.humusformen.de\/wp-content\/uploads\/2021\/11\/moro.jpg 1032w\" sizes=\"(max-width: 300px) 100vw, 300px\" \/><\/a><p id=\"caption-attachment-65\" class=\"wp-caption-text\"><em>unscharf brechbarer Okh-Horizont aus Fichtennadelstreu, \u00a9 Gerhard Milbert<\/em><\/p><\/div>\n<blockquote><p>unscharf brechbarer Okh-Horizont aus Fichtennadelstreu, \u00a9 Gerhard Milbert<\/p><\/blockquote>\n<p><strong>Osh\u00a0\u00a0\u00a0\u00a0\u00a0\u00a0\u00a0\u00a0 Oh-Abweichungshorizont<\/strong><br \/>\nsehr stark sauer bis extrem sauer, aus biologisch inaktiver organischer Feinsubstanz, meist entstanden aus Heide- oder Nadelholzstreu. Die Trennbarkeit zwischen dem scharfkantig brechbaren Osh und Mineralboden ist meist sehr gut [s von scharfkantig brechbar].<\/p>\n<ul>\n<li>kompakt gelagert und<\/li>\n<li>Material bricht in Aggregate mit scharfen Trennfl\u00e4chen, die sich wieder l\u00fcckenlos aneinander passen lassen<\/li>\n<\/ul>\n<div id=\"attachment_74\" style=\"width: 310px\" class=\"wp-caption aligncenter\"><a href=\"https:\/\/www.humusformen.de\/wp-content\/uploads\/2021\/11\/rot.jpg\"><img loading=\"lazy\" decoding=\"async\" aria-describedby=\"caption-attachment-74\" class=\"wp-image-74 size-medium\" src=\"https:\/\/www.humusformen.de\/wp-content\/uploads\/2021\/11\/rot-300x234.jpg\" alt=\"\" width=\"300\" height=\"234\" srcset=\"https:\/\/www.humusformen.de\/wp-content\/uploads\/2021\/11\/rot-300x234.jpg 300w, https:\/\/www.humusformen.de\/wp-content\/uploads\/2021\/11\/rot-1024x800.jpg 1024w, https:\/\/www.humusformen.de\/wp-content\/uploads\/2021\/11\/rot-768x600.jpg 768w, https:\/\/www.humusformen.de\/wp-content\/uploads\/2021\/11\/rot-1536x1200.jpg 1536w, https:\/\/www.humusformen.de\/wp-content\/uploads\/2021\/11\/rot-384x300.jpg 384w, https:\/\/www.humusformen.de\/wp-content\/uploads\/2021\/11\/rot.jpg 1680w\" sizes=\"(max-width: 300px) 100vw, 300px\" \/><\/a><p id=\"caption-attachment-74\" class=\"wp-caption-text\"><em>Osh, scharfkantig brechbarer Oh-Horizont eines Typischen Rohhumus, Foito: Ecke von Zezschwitz<\/em><\/p><\/div>\n<p>&nbsp;<\/p>\n<p><strong>Owsh\u00a0\u00a0\u00a0\u00a0\u00a0 Osh-Abweichungshorizont<\/strong><br \/>\nzeitweilig stau- oder grundwasserbeeinflusst, (Kraut-)Vegetation weist auf N\u00e4sse im Oberboden und auf geringe N\u00e4hrstoffverf\u00fcgbarkeit hin [w von wasserbeeinflusst].<\/p>\n<ul>\n<li>zeitweilig reduzierende Bedingungen und<\/li>\n<li>in feuchtem Zustand schmierige Konsistenz der organischen Feinsubstanz und<\/li>\n<li>\u00fcber hydromorphem Oberboden<\/li>\n<\/ul>\n<div id=\"attachment_721\" style=\"width: 310px\" class=\"wp-caption aligncenter\"><a href=\"https:\/\/www.humusformen.de\/wp-content\/uploads\/2021\/12\/Owbh-Horizont.jpg\"><img loading=\"lazy\" decoding=\"async\" aria-describedby=\"caption-attachment-721\" class=\"wp-image-721 size-medium\" src=\"https:\/\/www.humusformen.de\/wp-content\/uploads\/2021\/12\/Owbh-Horizont-300x200.jpg\" alt=\"\" width=\"300\" height=\"200\" srcset=\"https:\/\/www.humusformen.de\/wp-content\/uploads\/2021\/12\/Owbh-Horizont-300x200.jpg 300w, https:\/\/www.humusformen.de\/wp-content\/uploads\/2021\/12\/Owbh-Horizont-1024x684.jpg 1024w, https:\/\/www.humusformen.de\/wp-content\/uploads\/2021\/12\/Owbh-Horizont-768x513.jpg 768w, https:\/\/www.humusformen.de\/wp-content\/uploads\/2021\/12\/Owbh-Horizont-1536x1026.jpg 1536w, https:\/\/www.humusformen.de\/wp-content\/uploads\/2021\/12\/Owbh-Horizont-2048x1367.jpg 2048w, https:\/\/www.humusformen.de\/wp-content\/uploads\/2021\/12\/Owbh-Horizont-449x300.jpg 449w\" sizes=\"(max-width: 300px) 100vw, 300px\" \/><\/a><p id=\"caption-attachment-721\" class=\"wp-caption-text\"><em>Owsh, brechbarer wasserbeeinflusster Oh-Horizont eines Feuchtrohhumus (Jan Evers)<\/em><\/p><\/div>\n","protected":false},"excerpt":{"rendered":"<p>Oxh\u00a0\u00a0\u00a0\u00a0\u00a0\u00a0\u00a0 Oh-Abweichungshorizont mit deutlich erkennbaren Exkrementen der Bodenfauna, zeitweilig sehr hohe biologische Aktivit\u00e4t, meist \u00fcber 5 cm m\u00e4chtig [x von biogen gemixt]. sehr locker gelagert und Material \u00fcberwiegend bis ausschlie\u00dflich feinkr\u00fcmelig Obh\u00a0\u00a0\u00a0\u00a0\u00a0\u00a0\u00a0 Oh-Abweichungshorizont mit Anzeichen mittlerer biologischer Aktivit\u00e4t, erkennbare Exkremente &hellip; <a href=\"https:\/\/www.humusformen.de\/?page_id=337\">Weiterlesen <span class=\"meta-nav\">&rarr;<\/span><\/a><\/p>\n","protected":false},"author":1,"featured_media":0,"parent":148,"menu_order":3,"comment_status":"closed","ping_status":"closed","template":"","meta":{"footnotes":""},"yoast_head":"<!-- This site is optimized with the Yoast SEO plugin v21.7 - https:\/\/yoast.com\/wordpress\/plugins\/seo\/ -->\n<title>Oh-Horizonte - Humusformen<\/title>\n<meta name=\"description\" content=\"Oh, Oih, Obh, Oxh, Ovh, Owbh, Okh, Osh, Streu stark humifiziert, Anteil organischer Feinsubstanz &gt; 70 Volumen%, Lagerungsform von pulvrig bis scharfkabtig brechbar\" \/>\n<meta name=\"robots\" content=\"index, follow, max-snippet:-1, max-image-preview:large, max-video-preview:-1\" \/>\n<link rel=\"canonical\" href=\"https:\/\/www.humusformen.de\/?page_id=337\" \/>\n<meta property=\"og:locale\" content=\"de_DE\" \/>\n<meta property=\"og:type\" content=\"article\" \/>\n<meta property=\"og:title\" content=\"Oh-Horizonte - Humusformen\" \/>\n<meta property=\"og:description\" content=\"Oh, Oih, Obh, Oxh, Ovh, Owbh, Okh, Osh, Streu stark humifiziert, Anteil organischer Feinsubstanz &gt; 70 Volumen%, Lagerungsform von pulvrig bis scharfkabtig brechbar\" \/>\n<meta property=\"og:url\" content=\"https:\/\/www.humusformen.de\/?page_id=337\" \/>\n<meta property=\"og:site_name\" content=\"Humusformen\" \/>\n<meta property=\"article:modified_time\" content=\"2023-09-13T13:54:04+00:00\" \/>\n<meta property=\"og:image\" content=\"https:\/\/www.humusformen.de\/wp-content\/uploads\/2021\/11\/Pechmoder-05-rotated-e1640270966230-300x290.jpg\" \/>\n<meta name=\"twitter:card\" content=\"summary_large_image\" \/>\n<meta name=\"twitter:label1\" content=\"Gesch\u00e4tzte Lesezeit\" \/>\n\t<meta name=\"twitter:data1\" content=\"4 Minuten\" \/>\n<script type=\"application\/ld+json\" class=\"yoast-schema-graph\">{\"@context\":\"https:\/\/schema.org\",\"@graph\":[{\"@type\":\"WebPage\",\"@id\":\"https:\/\/www.humusformen.de\/?page_id=337\",\"url\":\"https:\/\/www.humusformen.de\/?page_id=337\",\"name\":\"Oh-Horizonte - Humusformen\",\"isPartOf\":{\"@id\":\"https:\/\/www.humusformen.de\/#website\"},\"datePublished\":\"2021-11-11T17:04:06+00:00\",\"dateModified\":\"2023-09-13T13:54:04+00:00\",\"description\":\"Oh, Oih, Obh, Oxh, Ovh, Owbh, Okh, Osh, Streu stark humifiziert, Anteil organischer Feinsubstanz > 70 Volumen%, Lagerungsform von pulvrig bis scharfkabtig brechbar\",\"breadcrumb\":{\"@id\":\"https:\/\/www.humusformen.de\/?page_id=337#breadcrumb\"},\"inLanguage\":\"de-DE\",\"potentialAction\":[{\"@type\":\"ReadAction\",\"target\":[\"https:\/\/www.humusformen.de\/?page_id=337\"]}]},{\"@type\":\"BreadcrumbList\",\"@id\":\"https:\/\/www.humusformen.de\/?page_id=337#breadcrumb\",\"itemListElement\":[{\"@type\":\"ListItem\",\"position\":1,\"name\":\"Startseite\",\"item\":\"https:\/\/www.humusformen.de\/\"},{\"@type\":\"ListItem\",\"position\":2,\"name\":\"Horizonte\",\"item\":\"https:\/\/www.humusformen.de\/?page_id=109\"},{\"@type\":\"ListItem\",\"position\":3,\"name\":\"O-Horizonte\",\"item\":\"https:\/\/www.humusformen.de\/?page_id=148\"},{\"@type\":\"ListItem\",\"position\":4,\"name\":\"Oh-Horizonte\"}]},{\"@type\":\"WebSite\",\"@id\":\"https:\/\/www.humusformen.de\/#website\",\"url\":\"https:\/\/www.humusformen.de\/\",\"name\":\"Humusformen\",\"description\":\"AG Humusformen der Deutschen Bodenkundlichen Gesellschaft\",\"potentialAction\":[{\"@type\":\"SearchAction\",\"target\":{\"@type\":\"EntryPoint\",\"urlTemplate\":\"https:\/\/www.humusformen.de\/?s={search_term_string}\"},\"query-input\":\"required name=search_term_string\"}],\"inLanguage\":\"de-DE\"}]}<\/script>\n<!-- \/ Yoast SEO plugin. -->","yoast_head_json":{"title":"Oh-Horizonte - Humusformen","description":"Oh, Oih, Obh, Oxh, Ovh, Owbh, Okh, Osh, Streu stark humifiziert, Anteil organischer Feinsubstanz > 70 Volumen%, Lagerungsform von pulvrig bis scharfkabtig brechbar","robots":{"index":"index","follow":"follow","max-snippet":"max-snippet:-1","max-image-preview":"max-image-preview:large","max-video-preview":"max-video-preview:-1"},"canonical":"https:\/\/www.humusformen.de\/?page_id=337","og_locale":"de_DE","og_type":"article","og_title":"Oh-Horizonte - Humusformen","og_description":"Oh, Oih, Obh, Oxh, Ovh, Owbh, Okh, Osh, Streu stark humifiziert, Anteil organischer Feinsubstanz > 70 Volumen%, Lagerungsform von pulvrig bis scharfkabtig brechbar","og_url":"https:\/\/www.humusformen.de\/?page_id=337","og_site_name":"Humusformen","article_modified_time":"2023-09-13T13:54:04+00:00","og_image":[{"url":"https:\/\/www.humusformen.de\/wp-content\/uploads\/2021\/11\/Pechmoder-05-rotated-e1640270966230-300x290.jpg"}],"twitter_card":"summary_large_image","twitter_misc":{"Gesch\u00e4tzte Lesezeit":"4 Minuten"},"schema":{"@context":"https:\/\/schema.org","@graph":[{"@type":"WebPage","@id":"https:\/\/www.humusformen.de\/?page_id=337","url":"https:\/\/www.humusformen.de\/?page_id=337","name":"Oh-Horizonte - Humusformen","isPartOf":{"@id":"https:\/\/www.humusformen.de\/#website"},"datePublished":"2021-11-11T17:04:06+00:00","dateModified":"2023-09-13T13:54:04+00:00","description":"Oh, Oih, Obh, Oxh, Ovh, Owbh, Okh, Osh, Streu stark humifiziert, Anteil organischer Feinsubstanz > 70 Volumen%, Lagerungsform von pulvrig bis scharfkabtig brechbar","breadcrumb":{"@id":"https:\/\/www.humusformen.de\/?page_id=337#breadcrumb"},"inLanguage":"de-DE","potentialAction":[{"@type":"ReadAction","target":["https:\/\/www.humusformen.de\/?page_id=337"]}]},{"@type":"BreadcrumbList","@id":"https:\/\/www.humusformen.de\/?page_id=337#breadcrumb","itemListElement":[{"@type":"ListItem","position":1,"name":"Startseite","item":"https:\/\/www.humusformen.de\/"},{"@type":"ListItem","position":2,"name":"Horizonte","item":"https:\/\/www.humusformen.de\/?page_id=109"},{"@type":"ListItem","position":3,"name":"O-Horizonte","item":"https:\/\/www.humusformen.de\/?page_id=148"},{"@type":"ListItem","position":4,"name":"Oh-Horizonte"}]},{"@type":"WebSite","@id":"https:\/\/www.humusformen.de\/#website","url":"https:\/\/www.humusformen.de\/","name":"Humusformen","description":"AG Humusformen der Deutschen Bodenkundlichen Gesellschaft","potentialAction":[{"@type":"SearchAction","target":{"@type":"EntryPoint","urlTemplate":"https:\/\/www.humusformen.de\/?s={search_term_string}"},"query-input":"required name=search_term_string"}],"inLanguage":"de-DE"}]}},"_links":{"self":[{"href":"https:\/\/www.humusformen.de\/index.php?rest_route=\/wp\/v2\/pages\/337"}],"collection":[{"href":"https:\/\/www.humusformen.de\/index.php?rest_route=\/wp\/v2\/pages"}],"about":[{"href":"https:\/\/www.humusformen.de\/index.php?rest_route=\/wp\/v2\/types\/page"}],"author":[{"embeddable":true,"href":"https:\/\/www.humusformen.de\/index.php?rest_route=\/wp\/v2\/users\/1"}],"replies":[{"embeddable":true,"href":"https:\/\/www.humusformen.de\/index.php?rest_route=%2Fwp%2Fv2%2Fcomments&post=337"}],"version-history":[{"count":20,"href":"https:\/\/www.humusformen.de\/index.php?rest_route=\/wp\/v2\/pages\/337\/revisions"}],"predecessor-version":[{"id":1052,"href":"https:\/\/www.humusformen.de\/index.php?rest_route=\/wp\/v2\/pages\/337\/revisions\/1052"}],"up":[{"embeddable":true,"href":"https:\/\/www.humusformen.de\/index.php?rest_route=\/wp\/v2\/pages\/148"}],"wp:attachment":[{"href":"https:\/\/www.humusformen.de\/index.php?rest_route=%2Fwp%2Fv2%2Fmedia&parent=337"}],"curies":[{"name":"wp","href":"https:\/\/api.w.org\/{rel}","templated":true}]}}