{"id":331,"date":"2021-11-11T17:57:27","date_gmt":"2021-11-11T16:57:27","guid":{"rendered":"https:\/\/www.humusformen.de\/?page_id=331"},"modified":"2023-09-13T15:35:16","modified_gmt":"2023-09-13T13:35:16","slug":"ol-horizont-streu-ohne-weitgehende-veraenderungen","status":"publish","type":"page","link":"https:\/\/www.humusformen.de\/?page_id=331","title":{"rendered":"Ol-Horizonte"},"content":{"rendered":"<blockquote>\n<p style=\"text-align: center;\">\n<\/blockquote>\n<p><strong>Owl\u00a0\u00a0\u00a0\u00a0\u00a0\u00a0\u00a0 Ol-Abweichungshorizont<\/strong><br \/>\nzeitweilig stau- oder grundwasserbeeinflusst. Vegetation weist auf N\u00e4sse im Oberboden hin [w von wasserbeeinflusst].<\/p>\n<ul>\n<li>zeitweilig reduzierende Bedingungen und<\/li>\n<li>deutliche Grau- bis Schwarzf\u00e4rbung und<\/li>\n<li>\u00fcber hydromorphem Oberboden<\/li>\n<\/ul>\n<blockquote>\n<div id=\"attachment_726\" style=\"width: 310px\" class=\"wp-caption aligncenter\"><a href=\"https:\/\/www.humusformen.de\/wp-content\/uploads\/2021\/12\/Feucht-F-Mull.jpg\"><img loading=\"lazy\" decoding=\"async\" aria-describedby=\"caption-attachment-726\" class=\"wp-image-726 size-medium\" src=\"https:\/\/www.humusformen.de\/wp-content\/uploads\/2021\/12\/Feucht-F-Mull-300x199.jpg\" alt=\"\" width=\"300\" height=\"199\" srcset=\"https:\/\/www.humusformen.de\/wp-content\/uploads\/2021\/12\/Feucht-F-Mull-300x199.jpg 300w, https:\/\/www.humusformen.de\/wp-content\/uploads\/2021\/12\/Feucht-F-Mull-768x509.jpg 768w, https:\/\/www.humusformen.de\/wp-content\/uploads\/2021\/12\/Feucht-F-Mull-453x300.jpg 453w, https:\/\/www.humusformen.de\/wp-content\/uploads\/2021\/12\/Feucht-F-Mull.jpg 1024w\" sizes=\"(max-width: 300px) 100vw, 300px\" \/><\/a><p id=\"caption-attachment-726\" class=\"wp-caption-text\">Owl-Horizont, Humusform: Feucht-F-Mull auf einem Boden mit starker Staun\u00e4sse,<br \/>\u00a9 Gerhard Milbert, AG Humusformen<\/p><\/div>\n<p style=\"text-align: center;\">\n<\/blockquote>\n","protected":false},"excerpt":{"rendered":"<p>Owl\u00a0\u00a0\u00a0\u00a0\u00a0\u00a0\u00a0 Ol-Abweichungshorizont zeitweilig stau- oder grundwasserbeeinflusst. Vegetation weist auf N\u00e4sse im Oberboden hin [w von wasserbeeinflusst]. zeitweilig reduzierende Bedingungen und deutliche Grau- bis Schwarzf\u00e4rbung und \u00fcber hydromorphem Oberboden<\/p>\n","protected":false},"author":1,"featured_media":0,"parent":148,"menu_order":1,"comment_status":"closed","ping_status":"closed","template":"","meta":{"footnotes":""},"yoast_head":"<!-- This site is optimized with the Yoast SEO plugin v21.7 - https:\/\/yoast.com\/wordpress\/plugins\/seo\/ -->\n<title>Ol-Horizonte - Humusformen<\/title>\n<meta name=\"description\" content=\"Streu ohne Zerkleinerung, Verf\u00e4rbung, Humifizierung, Verpilzung\" \/>\n<meta name=\"robots\" content=\"index, follow, max-snippet:-1, max-image-preview:large, max-video-preview:-1\" \/>\n<link rel=\"canonical\" href=\"https:\/\/www.humusformen.de\/?page_id=331\" \/>\n<meta property=\"og:locale\" content=\"de_DE\" \/>\n<meta property=\"og:type\" content=\"article\" \/>\n<meta property=\"og:title\" content=\"Ol-Horizonte - Humusformen\" \/>\n<meta property=\"og:description\" content=\"Streu ohne Zerkleinerung, Verf\u00e4rbung, Humifizierung, Verpilzung\" \/>\n<meta property=\"og:url\" content=\"https:\/\/www.humusformen.de\/?page_id=331\" \/>\n<meta property=\"og:site_name\" content=\"Humusformen\" \/>\n<meta property=\"article:modified_time\" content=\"2023-09-13T13:35:16+00:00\" \/>\n<meta property=\"og:image\" content=\"https:\/\/www.humusformen.de\/wp-content\/uploads\/2021\/12\/Feucht-F-Mull-300x199.jpg\" \/>\n<meta name=\"twitter:card\" content=\"summary_large_image\" \/>\n<meta name=\"twitter:label1\" content=\"Gesch\u00e4tzte Lesezeit\" \/>\n\t<meta name=\"twitter:data1\" content=\"1 Minute\" \/>\n<script type=\"application\/ld+json\" class=\"yoast-schema-graph\">{\"@context\":\"https:\/\/schema.org\",\"@graph\":[{\"@type\":\"WebPage\",\"@id\":\"https:\/\/www.humusformen.de\/?page_id=331\",\"url\":\"https:\/\/www.humusformen.de\/?page_id=331\",\"name\":\"Ol-Horizonte - Humusformen\",\"isPartOf\":{\"@id\":\"https:\/\/www.humusformen.de\/#website\"},\"datePublished\":\"2021-11-11T16:57:27+00:00\",\"dateModified\":\"2023-09-13T13:35:16+00:00\",\"description\":\"Streu ohne Zerkleinerung, Verf\u00e4rbung, Humifizierung, Verpilzung\",\"breadcrumb\":{\"@id\":\"https:\/\/www.humusformen.de\/?page_id=331#breadcrumb\"},\"inLanguage\":\"de-DE\",\"potentialAction\":[{\"@type\":\"ReadAction\",\"target\":[\"https:\/\/www.humusformen.de\/?page_id=331\"]}]},{\"@type\":\"BreadcrumbList\",\"@id\":\"https:\/\/www.humusformen.de\/?page_id=331#breadcrumb\",\"itemListElement\":[{\"@type\":\"ListItem\",\"position\":1,\"name\":\"Startseite\",\"item\":\"https:\/\/www.humusformen.de\/\"},{\"@type\":\"ListItem\",\"position\":2,\"name\":\"Horizonte\",\"item\":\"https:\/\/www.humusformen.de\/?page_id=109\"},{\"@type\":\"ListItem\",\"position\":3,\"name\":\"O-Horizonte\",\"item\":\"https:\/\/www.humusformen.de\/?page_id=148\"},{\"@type\":\"ListItem\",\"position\":4,\"name\":\"Ol-Horizonte\"}]},{\"@type\":\"WebSite\",\"@id\":\"https:\/\/www.humusformen.de\/#website\",\"url\":\"https:\/\/www.humusformen.de\/\",\"name\":\"Humusformen\",\"description\":\"AG Humusformen der Deutschen Bodenkundlichen Gesellschaft\",\"potentialAction\":[{\"@type\":\"SearchAction\",\"target\":{\"@type\":\"EntryPoint\",\"urlTemplate\":\"https:\/\/www.humusformen.de\/?s={search_term_string}\"},\"query-input\":\"required name=search_term_string\"}],\"inLanguage\":\"de-DE\"}]}<\/script>\n<!-- \/ Yoast SEO plugin. -->","yoast_head_json":{"title":"Ol-Horizonte - Humusformen","description":"Streu ohne Zerkleinerung, Verf\u00e4rbung, Humifizierung, Verpilzung","robots":{"index":"index","follow":"follow","max-snippet":"max-snippet:-1","max-image-preview":"max-image-preview:large","max-video-preview":"max-video-preview:-1"},"canonical":"https:\/\/www.humusformen.de\/?page_id=331","og_locale":"de_DE","og_type":"article","og_title":"Ol-Horizonte - Humusformen","og_description":"Streu ohne Zerkleinerung, Verf\u00e4rbung, Humifizierung, Verpilzung","og_url":"https:\/\/www.humusformen.de\/?page_id=331","og_site_name":"Humusformen","article_modified_time":"2023-09-13T13:35:16+00:00","og_image":[{"url":"https:\/\/www.humusformen.de\/wp-content\/uploads\/2021\/12\/Feucht-F-Mull-300x199.jpg"}],"twitter_card":"summary_large_image","twitter_misc":{"Gesch\u00e4tzte Lesezeit":"1 Minute"},"schema":{"@context":"https:\/\/schema.org","@graph":[{"@type":"WebPage","@id":"https:\/\/www.humusformen.de\/?page_id=331","url":"https:\/\/www.humusformen.de\/?page_id=331","name":"Ol-Horizonte - Humusformen","isPartOf":{"@id":"https:\/\/www.humusformen.de\/#website"},"datePublished":"2021-11-11T16:57:27+00:00","dateModified":"2023-09-13T13:35:16+00:00","description":"Streu ohne Zerkleinerung, Verf\u00e4rbung, Humifizierung, Verpilzung","breadcrumb":{"@id":"https:\/\/www.humusformen.de\/?page_id=331#breadcrumb"},"inLanguage":"de-DE","potentialAction":[{"@type":"ReadAction","target":["https:\/\/www.humusformen.de\/?page_id=331"]}]},{"@type":"BreadcrumbList","@id":"https:\/\/www.humusformen.de\/?page_id=331#breadcrumb","itemListElement":[{"@type":"ListItem","position":1,"name":"Startseite","item":"https:\/\/www.humusformen.de\/"},{"@type":"ListItem","position":2,"name":"Horizonte","item":"https:\/\/www.humusformen.de\/?page_id=109"},{"@type":"ListItem","position":3,"name":"O-Horizonte","item":"https:\/\/www.humusformen.de\/?page_id=148"},{"@type":"ListItem","position":4,"name":"Ol-Horizonte"}]},{"@type":"WebSite","@id":"https:\/\/www.humusformen.de\/#website","url":"https:\/\/www.humusformen.de\/","name":"Humusformen","description":"AG Humusformen der Deutschen Bodenkundlichen Gesellschaft","potentialAction":[{"@type":"SearchAction","target":{"@type":"EntryPoint","urlTemplate":"https:\/\/www.humusformen.de\/?s={search_term_string}"},"query-input":"required name=search_term_string"}],"inLanguage":"de-DE"}]}},"_links":{"self":[{"href":"https:\/\/www.humusformen.de\/index.php?rest_route=\/wp\/v2\/pages\/331"}],"collection":[{"href":"https:\/\/www.humusformen.de\/index.php?rest_route=\/wp\/v2\/pages"}],"about":[{"href":"https:\/\/www.humusformen.de\/index.php?rest_route=\/wp\/v2\/types\/page"}],"author":[{"embeddable":true,"href":"https:\/\/www.humusformen.de\/index.php?rest_route=\/wp\/v2\/users\/1"}],"replies":[{"embeddable":true,"href":"https:\/\/www.humusformen.de\/index.php?rest_route=%2Fwp%2Fv2%2Fcomments&post=331"}],"version-history":[{"count":9,"href":"https:\/\/www.humusformen.de\/index.php?rest_route=\/wp\/v2\/pages\/331\/revisions"}],"predecessor-version":[{"id":1044,"href":"https:\/\/www.humusformen.de\/index.php?rest_route=\/wp\/v2\/pages\/331\/revisions\/1044"}],"up":[{"embeddable":true,"href":"https:\/\/www.humusformen.de\/index.php?rest_route=\/wp\/v2\/pages\/148"}],"wp:attachment":[{"href":"https:\/\/www.humusformen.de\/index.php?rest_route=%2Fwp%2Fv2%2Fmedia&parent=331"}],"curies":[{"name":"wp","href":"https:\/\/api.w.org\/{rel}","templated":true}]}}