{"id":322,"date":"2021-11-11T11:23:32","date_gmt":"2021-11-11T10:23:32","guid":{"rendered":"https:\/\/www.humusformen.de\/?page_id=322"},"modified":"2022-01-17T14:12:29","modified_gmt":"2022-01-17T13:12:29","slug":"glossar","status":"publish","type":"page","link":"https:\/\/www.humusformen.de\/?page_id=322","title":{"rendered":"Glossar"},"content":{"rendered":"<p><strong>Auflagehumus<\/strong> (syn. Humusdecke):<br \/>\nGesamtheit der makroskopisch erkennbaren Pflanzenteile und der organischen Feinsubstanz, die dem Mineralboden aufliegen. Der Auflagehumus besteht je nach Humusform aus einer unterschiedlichen Anzahl von O-Horizonten.<\/p>\n<p><strong>Auflage-Humusformen<\/strong>:<br \/>\nAlle aeromorphen und aero-hydromorphen Humusformen, die einen Oh-Horizont besitzen.<\/p>\n<p><strong>Humifizierung:<\/strong><br \/>\nUnter Humifizierung wird ein kontinuierlicher Prozess verstanden, der die Ver\u00e4nderung der prim\u00e4ren abgestorbenen pflanzlichen in sekund\u00e4re mikrobielle und tierische Stoffe und deren Abbauprodukte umfasst.<\/p>\n<p><strong>Humifizierungsgrad<\/strong> (von Post 1922):<br \/>\nDer Humifizierungsgrad von Torfen, beschreibt den Mengenanteil stark umgewandelter organischer Substanz, im Verh\u00e4ltnis zu makroskopisch erkennbaren pflanzlichen Gewebestrukturen. Einteilung in die Stufen H1 (\u00e4u\u00dferst niedrig) bis H 10 (vollst\u00e4ndig) nach von Post (in Meier-Uhlherr et al. 2011). In Mineralb\u00f6den und in Auflagehorizonten terrestrischer Humusformen wird ein Nebeneinander von <strong>organischer<\/strong> Substanz mit sichtbaren Geweberesten und humifizierter organischer Substanz \u00fcber die Sch\u00e4tzung der Menge an organischer Feinsubstanz (Feinhumus) angegeben.<\/p>\n<p><strong>Humus<\/strong> (syn. organische Substanz, Soil organic matter = SOM):<br \/>\nAlle in und auf dem Boden befindlichen abgestorbenen und in Zersetzung befindlichen pflanzlichen und tierischen Stoffe sowie deren organische Umwandlungsprodukte.<\/p>\n<p><strong>Humusform:<\/strong><br \/>\nHumusprofile gleicher Horizontfolge, \u00e4hnlicher Horizontm\u00e4chtigkeit und Art der Horizontbegrenzungen werden zu Humusformen als systematische Einheiten zusammengefasst. Der Wasserhaushalt des Oberbodens ist das differenzierende Kriterium f\u00fcr die systematische Einteilung in aeromorphe, aero-hydromorphe, hydromorphe (Moorhumusformen) und subhydrische Humusformen. (Tab. AZ).<\/p>\n<p><strong>Humusprofil:<\/strong><br \/>\nSenkrechter Schnitt durch die organische Auflage und den humosen Oberboden sowie deren Untergliederung in Horizonte.<\/p>\n<p><strong>Humushorizont:<\/strong><br \/>\nAufgrund verschiedener Humustextur und verschiedener Lagerungsform makroskopisch abgrenzbarer Bereich des Humusprofils.<\/p>\n<p><strong>Humustextur:<\/strong><br \/>\nArt, Anteil und Beschaffenheit der makroskopisch erkennbaren Bestandteile des Humus (abgestorbene tierische und pflanzliche Substanz und organische Feinsubstanz).<\/p>\n<p><strong>Lagerungsform<\/strong> (Ol-, Of- und Oh-Horizonte):<br \/>\nDie Lagerungsform kennzeichnet den Zusammenhalt der Bestandteile der O-Horizonte.<\/p>\n<p><strong>Mineralbodenhumus:<\/strong><br \/>\nGesamtheit des Humus in allen mineralischen Horizonten. Im Kapitel Humusformen wird nur der Mineralbodenhumus mineralischer Oberbodenhooriznte ber\u00fccksichtigt.<\/p>\n<p><strong>Moorwasser:<br \/>\n<\/strong>Im Torfk\u00f6rper gehaltenes niederschlagsb\u00fcrtiges Wasser, oberhalb des Stau- oder Grundwassers.<\/p>\n<p><strong>Mull-Humusformen:<\/strong><br \/>\nAeromorphe und Aero-Hydromorphe Humusformen, die keinen Oh-Horizont entwickelt haben, hei\u00dfen Mull-Humusformen. Export von organischer Substanz wie Streunutzung oder Humusschwund nach St\u00f6rungen wie Windbruch oder Rodungen und Humusakkumulation auf Rekultivierungsb\u00f6den k\u00f6nnen teilweise zu einer \u00e4hnlichen Morphologie wie die Mull-Humusformen f\u00fchren, sind jedoch als Sonderhumusform oder initiale Humusformen anzusprechen.<\/p>\n<p><strong>Organische Feinsubstanz<\/strong> (Feinhumus):<br \/>\nDunkel gef\u00e4rbte, amorphe Substanz in der Humusauflage, im Torf oder im Mineralboden, die makroskopisch keine Gewebestrukturen mehr aufweist. Die organische Feinsubstanz besteht im Wesentlichen aus st\u00e4rker umgewandelten hochmolekularen Stoffen, die als Huminstoffe bezeichnet werden (Amelung et al 2018).<\/p>\n<p><strong>Torf:<br \/>\n<\/strong>Eine organische Bildung im anaeroben Milieu, die \u00fcberwiegend aus abgestorbenem Pflanzenmaterial unterschiedlicher Humifizierungsgrade besteht.<\/p>\n<p><strong>Torfbildende Pflanzen:<br \/>\n<\/strong>Pflanzenarten, die unter torfbildenden Standortbedingungen wachsen (dauernass und \u00fcberwiegend anaerob).<\/p>\n<p><strong>Torfbildung:<br \/>\n<\/strong>Der bodenbildende Prozess der Akkumulation von Pflanzenresten im \u00fcberwiegend anaeroben Milieu. Die Zersetzung ist durch das weitgehende Fehlen der Bodenfauna stark eingeschr\u00e4nkt. Die Torfbildung wird gesteuert durch die Zersetzbarkeit der Streu, den Wasserhaushalt, den Sauerstoff- und N\u00e4hrstoffgehalt des Wassers sowie die kumulative Dauer von Bel\u00fcftungsphasen.<\/p>\n","protected":false},"excerpt":{"rendered":"<p>Auflagehumus (syn. Humusdecke): Gesamtheit der makroskopisch erkennbaren Pflanzenteile und der organischen Feinsubstanz, die dem Mineralboden aufliegen. Der Auflagehumus besteht je nach Humusform aus einer unterschiedlichen Anzahl von O-Horizonten. Auflage-Humusformen: Alle aeromorphen und aero-hydromorphen Humusformen, die einen Oh-Horizont besitzen. Humifizierung: Unter &hellip; <a href=\"https:\/\/www.humusformen.de\/?page_id=322\">Weiterlesen <span class=\"meta-nav\">&rarr;<\/span><\/a><\/p>\n","protected":false},"author":1,"featured_media":0,"parent":0,"menu_order":6,"comment_status":"closed","ping_status":"closed","template":"","meta":{"footnotes":""},"yoast_head":"<!-- This site is optimized with the Yoast SEO plugin v21.7 - https:\/\/yoast.com\/wordpress\/plugins\/seo\/ -->\n<title>Glossar - Humusformen<\/title>\n<meta name=\"robots\" content=\"index, follow, max-snippet:-1, max-image-preview:large, max-video-preview:-1\" \/>\n<link rel=\"canonical\" href=\"https:\/\/www.humusformen.de\/?page_id=322\" \/>\n<meta property=\"og:locale\" content=\"de_DE\" \/>\n<meta property=\"og:type\" content=\"article\" \/>\n<meta property=\"og:title\" content=\"Glossar - Humusformen\" \/>\n<meta property=\"og:description\" content=\"Auflagehumus (syn. Humusdecke): Gesamtheit der makroskopisch erkennbaren Pflanzenteile und der organischen Feinsubstanz, die dem Mineralboden aufliegen. Der Auflagehumus besteht je nach Humusform aus einer unterschiedlichen Anzahl von O-Horizonten. Auflage-Humusformen: Alle aeromorphen und aero-hydromorphen Humusformen, die einen Oh-Horizont besitzen. Humifizierung: Unter &hellip; Weiterlesen &rarr;\" \/>\n<meta property=\"og:url\" content=\"https:\/\/www.humusformen.de\/?page_id=322\" \/>\n<meta property=\"og:site_name\" content=\"Humusformen\" \/>\n<meta property=\"article:modified_time\" content=\"2022-01-17T13:12:29+00:00\" \/>\n<meta name=\"twitter:card\" content=\"summary_large_image\" \/>\n<meta name=\"twitter:label1\" content=\"Gesch\u00e4tzte Lesezeit\" \/>\n\t<meta name=\"twitter:data1\" content=\"2 Minuten\" \/>\n<script type=\"application\/ld+json\" class=\"yoast-schema-graph\">{\"@context\":\"https:\/\/schema.org\",\"@graph\":[{\"@type\":\"WebPage\",\"@id\":\"https:\/\/www.humusformen.de\/?page_id=322\",\"url\":\"https:\/\/www.humusformen.de\/?page_id=322\",\"name\":\"Glossar - Humusformen\",\"isPartOf\":{\"@id\":\"https:\/\/www.humusformen.de\/#website\"},\"datePublished\":\"2021-11-11T10:23:32+00:00\",\"dateModified\":\"2022-01-17T13:12:29+00:00\",\"breadcrumb\":{\"@id\":\"https:\/\/www.humusformen.de\/?page_id=322#breadcrumb\"},\"inLanguage\":\"de-DE\",\"potentialAction\":[{\"@type\":\"ReadAction\",\"target\":[\"https:\/\/www.humusformen.de\/?page_id=322\"]}]},{\"@type\":\"BreadcrumbList\",\"@id\":\"https:\/\/www.humusformen.de\/?page_id=322#breadcrumb\",\"itemListElement\":[{\"@type\":\"ListItem\",\"position\":1,\"name\":\"Startseite\",\"item\":\"https:\/\/www.humusformen.de\/\"},{\"@type\":\"ListItem\",\"position\":2,\"name\":\"Glossar\"}]},{\"@type\":\"WebSite\",\"@id\":\"https:\/\/www.humusformen.de\/#website\",\"url\":\"https:\/\/www.humusformen.de\/\",\"name\":\"Humusformen\",\"description\":\"AG Humusformen der Deutschen Bodenkundlichen Gesellschaft\",\"potentialAction\":[{\"@type\":\"SearchAction\",\"target\":{\"@type\":\"EntryPoint\",\"urlTemplate\":\"https:\/\/www.humusformen.de\/?s={search_term_string}\"},\"query-input\":\"required name=search_term_string\"}],\"inLanguage\":\"de-DE\"}]}<\/script>\n<!-- \/ Yoast SEO plugin. -->","yoast_head_json":{"title":"Glossar - Humusformen","robots":{"index":"index","follow":"follow","max-snippet":"max-snippet:-1","max-image-preview":"max-image-preview:large","max-video-preview":"max-video-preview:-1"},"canonical":"https:\/\/www.humusformen.de\/?page_id=322","og_locale":"de_DE","og_type":"article","og_title":"Glossar - Humusformen","og_description":"Auflagehumus (syn. Humusdecke): Gesamtheit der makroskopisch erkennbaren Pflanzenteile und der organischen Feinsubstanz, die dem Mineralboden aufliegen. Der Auflagehumus besteht je nach Humusform aus einer unterschiedlichen Anzahl von O-Horizonten. Auflage-Humusformen: Alle aeromorphen und aero-hydromorphen Humusformen, die einen Oh-Horizont besitzen. Humifizierung: Unter &hellip; Weiterlesen &rarr;","og_url":"https:\/\/www.humusformen.de\/?page_id=322","og_site_name":"Humusformen","article_modified_time":"2022-01-17T13:12:29+00:00","twitter_card":"summary_large_image","twitter_misc":{"Gesch\u00e4tzte Lesezeit":"2 Minuten"},"schema":{"@context":"https:\/\/schema.org","@graph":[{"@type":"WebPage","@id":"https:\/\/www.humusformen.de\/?page_id=322","url":"https:\/\/www.humusformen.de\/?page_id=322","name":"Glossar - Humusformen","isPartOf":{"@id":"https:\/\/www.humusformen.de\/#website"},"datePublished":"2021-11-11T10:23:32+00:00","dateModified":"2022-01-17T13:12:29+00:00","breadcrumb":{"@id":"https:\/\/www.humusformen.de\/?page_id=322#breadcrumb"},"inLanguage":"de-DE","potentialAction":[{"@type":"ReadAction","target":["https:\/\/www.humusformen.de\/?page_id=322"]}]},{"@type":"BreadcrumbList","@id":"https:\/\/www.humusformen.de\/?page_id=322#breadcrumb","itemListElement":[{"@type":"ListItem","position":1,"name":"Startseite","item":"https:\/\/www.humusformen.de\/"},{"@type":"ListItem","position":2,"name":"Glossar"}]},{"@type":"WebSite","@id":"https:\/\/www.humusformen.de\/#website","url":"https:\/\/www.humusformen.de\/","name":"Humusformen","description":"AG Humusformen der Deutschen Bodenkundlichen Gesellschaft","potentialAction":[{"@type":"SearchAction","target":{"@type":"EntryPoint","urlTemplate":"https:\/\/www.humusformen.de\/?s={search_term_string}"},"query-input":"required name=search_term_string"}],"inLanguage":"de-DE"}]}},"_links":{"self":[{"href":"https:\/\/www.humusformen.de\/index.php?rest_route=\/wp\/v2\/pages\/322"}],"collection":[{"href":"https:\/\/www.humusformen.de\/index.php?rest_route=\/wp\/v2\/pages"}],"about":[{"href":"https:\/\/www.humusformen.de\/index.php?rest_route=\/wp\/v2\/types\/page"}],"author":[{"embeddable":true,"href":"https:\/\/www.humusformen.de\/index.php?rest_route=\/wp\/v2\/users\/1"}],"replies":[{"embeddable":true,"href":"https:\/\/www.humusformen.de\/index.php?rest_route=%2Fwp%2Fv2%2Fcomments&post=322"}],"version-history":[{"count":4,"href":"https:\/\/www.humusformen.de\/index.php?rest_route=\/wp\/v2\/pages\/322\/revisions"}],"predecessor-version":[{"id":471,"href":"https:\/\/www.humusformen.de\/index.php?rest_route=\/wp\/v2\/pages\/322\/revisions\/471"}],"wp:attachment":[{"href":"https:\/\/www.humusformen.de\/index.php?rest_route=%2Fwp%2Fv2%2Fmedia&parent=322"}],"curies":[{"name":"wp","href":"https:\/\/api.w.org\/{rel}","templated":true}]}}