{"id":295,"date":"2021-11-10T19:44:14","date_gmt":"2021-11-10T18:44:14","guid":{"rendered":"https:\/\/www.humusformen.de\/?page_id=295"},"modified":"2024-07-12T09:30:38","modified_gmt":"2024-07-12T07:30:38","slug":"impressum-ag-humusformen","status":"publish","type":"page","link":"https:\/\/www.humusformen.de\/?page_id=295","title":{"rendered":"Impressum"},"content":{"rendered":"<p><a id=\"impressum\"><\/a><strong>AG Humusformen der Deutschen Bodenkundlichen Gesellschaft<\/strong><\/p>\n<table class=\"tab_kein_rahmen\" border=\"0\" width=\"92%\" cellspacing=\"0\">\n<tbody>\n<tr>\n<td class=\"tab_kein_rahmen\" width=\"28%\">Name<\/td>\n<td class=\"tab_kein_rahmen\" width=\"35%\">Anschrift<\/td>\n<td class=\"tab_kein_rahmen\" width=\"37%\">Telefon\/Mail<\/td>\n<\/tr>\n<tr class=\"tab_kein_rahmen\" valign=\"top\">\n<td class=\"tab_kein_rahmen\" height=\"105\">Sprecherin Dr. PD Christine Wachendorf<\/td>\n<td class=\"tab_kein_rahmen\">Fachgebiet Bodenbiologie (BBP) Universit\u00e4t Kassel Fachbereich \u00d6kologische Agrarwissenschaften (11) Nordbahnhofstra\u00dfe 1a 37213 Witzenhausen<\/td>\n<td class=\"tab_kein_rahmen\">05542 98 1504 <a href=\"mailto:c.wachendorf@uni-kassel.de\">Mailkontakt<\/a><\/td>\n<\/tr>\n<\/tbody>\n<\/table>\n<p><strong>Rechtstr\u00e4ger:<\/strong> Deutsche Bodenkundliche Gesellschaft (DBG)<br \/>\n<u><\/u><\/p>\n<h2>Gesch\u00e4ftsstelle<\/h2>\n<p>F&amp;U confirm<br \/>\nAdresse: Leipziger KUBUS, Zimmer 130 | Erdgeschoss<br \/>\nPermoserstra\u00dfe 15, 04318 Leipzig<br \/>\nTel.: 0341-6025 1830<br \/>\nE-Mail: \u00a0 <a href=\"mailto:dbg@dbges.de\">e-mail\u00a0 <\/a>\/ Webseite:<a href=\"https:\/\/www.dbges.de\/de\">\u00a0 www.dbges.de<\/a><\/p>\n<p><strong>Vorstand:<\/strong><br \/>\nPr\u00e4sidentin: Prof. Dr. Daniela Sauer<br \/>\nVizepr\u00e4sidentInnen: Dr. Einar Eberhardt, Prof. Dr. S\u00f6ren Thiele-Bruhn, Prof. Dr. Doris Vetterlein<br \/>\nWissenschaftliche Gesch\u00e4ftsf\u00fchrung: Dr. Daniel Schwindt<br \/>\nAdministrative Gesch\u00e4ftsf\u00fchrung: F&amp;U confirm<\/p>\n<p><strong>Haftungshinweis:<\/strong> <strong>\u00a0<\/strong>Die Arbeitsgruppe Humusformen der Deutschen Bodenkundlichen Gesellschaft erkl\u00e4rt hiermit ausdr\u00fccklich, dass zum Zeitpunkt der Linksetzung keine illegalen Inhalte auf verlinkten Seiten erkennbar waren. Wir haben jedoch keinen Einfluss auf deren Gestaltung und Inhalt und \u00fcbernehmen trotz sorgf\u00e4ltiger inhaltlicher Kontrolle keine Haftung f\u00fcr die Inhalte externer Links. F\u00fcr den Inhalt der verlinkten Seiten sind ausschlie\u00dflich deren Betreiber verantwortlich. Inhaltlich verantwortlich f\u00fcr ver\u00f6ffentlichte Texte gem\u00e4\u00df \u00a7 6 MDStV sind die jeweiligen bei den Texten genannten Autoren. Alle Rechte an Markennamen und Markenbegriffen, der von uns auf diesen Seiten genannten Namen und Begriffe, liegen bei den jeweiligen Markeninhabern. Sollten wir vergessen haben, an einer Stelle des Textes ein \u00ae zu setzen, so bitten wir vielmals um Entschuldigung. Bitte weisen Sie uns in einer kurzen e-mail darauf hin. Die Arbeitsgruppe Humusformen \u00fcbernimmt keinerlei Gew\u00e4hr f\u00fcr die Aktualit\u00e4t, Korrektheit, Vollst\u00e4ndigkeit oder Qualit\u00e4t der bereitgestellten Informationen. Jede Verwendung der Inhalte dieser Webseiten ist an das Urheberrecht gebunden. Diese Internetseiten enthalten auch Grafiken und Texte, die dem Urheberrecht derjenigen unterliegen, die diese zur Verf\u00fcgung gestellt haben. Eine Vervielf\u00e4ltigung oder Verwendung von Grafiken und Texten in anderen elektronischen oder gedruckten Publikationen ist daher ohne ausdr\u00fcckliche vorherige Genehmigung des Urhebers nicht gestattet. Dieses umfasst auch die Darstellung einer Seite aus diesem Internetauftritt in dem Frame einer fremden Seite. Dieses Impressum gilt f\u00fcr alle Dokumente, die \u00fcber die URL http:\/\/www.humusformen.de erreichbar sind und keine eigenst\u00e4ndigen Regelungen enthalten.<\/p>\n<p>&nbsp;<\/p>\n","protected":false},"excerpt":{"rendered":"<p>AG Humusformen der Deutschen Bodenkundlichen Gesellschaft Name Anschrift Telefon\/Mail Sprecherin Dr. PD Christine Wachendorf Fachgebiet Bodenbiologie (BBP) Universit\u00e4t Kassel Fachbereich \u00d6kologische Agrarwissenschaften (11) Nordbahnhofstra\u00dfe 1a 37213 Witzenhausen 05542 98 1504 Mailkontakt Rechtstr\u00e4ger: Deutsche Bodenkundliche Gesellschaft (DBG) Gesch\u00e4ftsstelle F&amp;U confirm Adresse: &hellip; <a href=\"https:\/\/www.humusformen.de\/?page_id=295\">Weiterlesen <span class=\"meta-nav\">&rarr;<\/span><\/a><\/p>\n","protected":false},"author":1,"featured_media":0,"parent":0,"menu_order":0,"comment_status":"closed","ping_status":"closed","template":"","meta":{"footnotes":""},"yoast_head":"<!-- This site is optimized with the Yoast SEO plugin v21.7 - https:\/\/yoast.com\/wordpress\/plugins\/seo\/ -->\n<title>Impressum - Humusformen<\/title>\n<meta name=\"description\" content=\"Sprecherin AG Humusformen, Kontaktdaten AG-Humusformen, Rechtstr\u00e4ger Deutsche Bodenkundliche Gesellschaft\" \/>\n<meta name=\"robots\" content=\"index, follow, max-snippet:-1, max-image-preview:large, max-video-preview:-1\" \/>\n<link rel=\"canonical\" href=\"https:\/\/www.humusformen.de\/?page_id=295\" \/>\n<meta property=\"og:locale\" content=\"de_DE\" \/>\n<meta property=\"og:type\" content=\"article\" \/>\n<meta property=\"og:title\" content=\"Impressum - Humusformen\" \/>\n<meta property=\"og:description\" content=\"Sprecherin AG Humusformen, Kontaktdaten AG-Humusformen, Rechtstr\u00e4ger Deutsche Bodenkundliche Gesellschaft\" \/>\n<meta property=\"og:url\" content=\"https:\/\/www.humusformen.de\/?page_id=295\" \/>\n<meta property=\"og:site_name\" content=\"Humusformen\" \/>\n<meta property=\"article:modified_time\" content=\"2024-07-12T07:30:38+00:00\" \/>\n<meta name=\"twitter:card\" content=\"summary_large_image\" \/>\n<meta name=\"twitter:label1\" content=\"Gesch\u00e4tzte Lesezeit\" \/>\n\t<meta name=\"twitter:data1\" content=\"2 Minuten\" \/>\n<script type=\"application\/ld+json\" class=\"yoast-schema-graph\">{\"@context\":\"https:\/\/schema.org\",\"@graph\":[{\"@type\":\"WebPage\",\"@id\":\"https:\/\/www.humusformen.de\/?page_id=295\",\"url\":\"https:\/\/www.humusformen.de\/?page_id=295\",\"name\":\"Impressum - Humusformen\",\"isPartOf\":{\"@id\":\"https:\/\/www.humusformen.de\/#website\"},\"datePublished\":\"2021-11-10T18:44:14+00:00\",\"dateModified\":\"2024-07-12T07:30:38+00:00\",\"description\":\"Sprecherin AG Humusformen, Kontaktdaten AG-Humusformen, Rechtstr\u00e4ger Deutsche Bodenkundliche Gesellschaft\",\"breadcrumb\":{\"@id\":\"https:\/\/www.humusformen.de\/?page_id=295#breadcrumb\"},\"inLanguage\":\"de-DE\",\"potentialAction\":[{\"@type\":\"ReadAction\",\"target\":[\"https:\/\/www.humusformen.de\/?page_id=295\"]}]},{\"@type\":\"BreadcrumbList\",\"@id\":\"https:\/\/www.humusformen.de\/?page_id=295#breadcrumb\",\"itemListElement\":[{\"@type\":\"ListItem\",\"position\":1,\"name\":\"Startseite\",\"item\":\"https:\/\/www.humusformen.de\/\"},{\"@type\":\"ListItem\",\"position\":2,\"name\":\"Impressum\"}]},{\"@type\":\"WebSite\",\"@id\":\"https:\/\/www.humusformen.de\/#website\",\"url\":\"https:\/\/www.humusformen.de\/\",\"name\":\"Humusformen\",\"description\":\"AG Humusformen der Deutschen Bodenkundlichen Gesellschaft\",\"potentialAction\":[{\"@type\":\"SearchAction\",\"target\":{\"@type\":\"EntryPoint\",\"urlTemplate\":\"https:\/\/www.humusformen.de\/?s={search_term_string}\"},\"query-input\":\"required name=search_term_string\"}],\"inLanguage\":\"de-DE\"}]}<\/script>\n<!-- \/ Yoast SEO plugin. -->","yoast_head_json":{"title":"Impressum - Humusformen","description":"Sprecherin AG Humusformen, Kontaktdaten AG-Humusformen, Rechtstr\u00e4ger Deutsche Bodenkundliche Gesellschaft","robots":{"index":"index","follow":"follow","max-snippet":"max-snippet:-1","max-image-preview":"max-image-preview:large","max-video-preview":"max-video-preview:-1"},"canonical":"https:\/\/www.humusformen.de\/?page_id=295","og_locale":"de_DE","og_type":"article","og_title":"Impressum - Humusformen","og_description":"Sprecherin AG Humusformen, Kontaktdaten AG-Humusformen, Rechtstr\u00e4ger Deutsche Bodenkundliche Gesellschaft","og_url":"https:\/\/www.humusformen.de\/?page_id=295","og_site_name":"Humusformen","article_modified_time":"2024-07-12T07:30:38+00:00","twitter_card":"summary_large_image","twitter_misc":{"Gesch\u00e4tzte Lesezeit":"2 Minuten"},"schema":{"@context":"https:\/\/schema.org","@graph":[{"@type":"WebPage","@id":"https:\/\/www.humusformen.de\/?page_id=295","url":"https:\/\/www.humusformen.de\/?page_id=295","name":"Impressum - Humusformen","isPartOf":{"@id":"https:\/\/www.humusformen.de\/#website"},"datePublished":"2021-11-10T18:44:14+00:00","dateModified":"2024-07-12T07:30:38+00:00","description":"Sprecherin AG Humusformen, Kontaktdaten AG-Humusformen, Rechtstr\u00e4ger Deutsche Bodenkundliche Gesellschaft","breadcrumb":{"@id":"https:\/\/www.humusformen.de\/?page_id=295#breadcrumb"},"inLanguage":"de-DE","potentialAction":[{"@type":"ReadAction","target":["https:\/\/www.humusformen.de\/?page_id=295"]}]},{"@type":"BreadcrumbList","@id":"https:\/\/www.humusformen.de\/?page_id=295#breadcrumb","itemListElement":[{"@type":"ListItem","position":1,"name":"Startseite","item":"https:\/\/www.humusformen.de\/"},{"@type":"ListItem","position":2,"name":"Impressum"}]},{"@type":"WebSite","@id":"https:\/\/www.humusformen.de\/#website","url":"https:\/\/www.humusformen.de\/","name":"Humusformen","description":"AG Humusformen der Deutschen Bodenkundlichen Gesellschaft","potentialAction":[{"@type":"SearchAction","target":{"@type":"EntryPoint","urlTemplate":"https:\/\/www.humusformen.de\/?s={search_term_string}"},"query-input":"required name=search_term_string"}],"inLanguage":"de-DE"}]}},"_links":{"self":[{"href":"https:\/\/www.humusformen.de\/index.php?rest_route=\/wp\/v2\/pages\/295"}],"collection":[{"href":"https:\/\/www.humusformen.de\/index.php?rest_route=\/wp\/v2\/pages"}],"about":[{"href":"https:\/\/www.humusformen.de\/index.php?rest_route=\/wp\/v2\/types\/page"}],"author":[{"embeddable":true,"href":"https:\/\/www.humusformen.de\/index.php?rest_route=\/wp\/v2\/users\/1"}],"replies":[{"embeddable":true,"href":"https:\/\/www.humusformen.de\/index.php?rest_route=%2Fwp%2Fv2%2Fcomments&post=295"}],"version-history":[{"count":17,"href":"https:\/\/www.humusformen.de\/index.php?rest_route=\/wp\/v2\/pages\/295\/revisions"}],"predecessor-version":[{"id":1098,"href":"https:\/\/www.humusformen.de\/index.php?rest_route=\/wp\/v2\/pages\/295\/revisions\/1098"}],"wp:attachment":[{"href":"https:\/\/www.humusformen.de\/index.php?rest_route=%2Fwp%2Fv2%2Fmedia&parent=295"}],"curies":[{"name":"wp","href":"https:\/\/api.w.org\/{rel}","templated":true}]}}