{"id":260,"date":"2021-11-10T06:57:18","date_gmt":"2021-11-10T05:57:18","guid":{"rendered":"https:\/\/www.humusformen.de\/?page_id=260"},"modified":"2023-09-13T15:20:05","modified_gmt":"2023-09-13T13:20:05","slug":"humusformen-natuerlicher-moore","status":"publish","type":"page","link":"https:\/\/www.humusformen.de\/?page_id=260","title":{"rendered":"Humusformen Nat\u00fcrlicher Moore"},"content":{"rendered":"<p>Humusformen Nat\u00fcrlicher Moore sind dann ausgebildet, wenn im anaeroben Milieu Torf durch Akkumulation von unvollst\u00e4ndig zersetztem Pflanzenmaterial entsteht. Wasser muss im langfristigen Mittel nahe an oder \u00fcber der Bodenoberfl\u00e4che stehen. Die Moor-Humusform kennzeichnet den aktuellen Prozess der Moorbildung. \u00c4nderungen in der N\u00e4hrstoffversorgung oder der Zusammensetzung der torfbildenden Vegetation und in der Wasserdynamik des Oberbodens beeinflussen die Humusformen der Moore. Moorhumusformen besitzen eine hohe zeitliche und r\u00e4umliche Dynamik.<\/p>\n<p>Die wesentlichen Steuerungsgr\u00f6\u00dfen auf Moorhumusformen sind der Wasser- und der N\u00e4hrstoffhaushalt sowie die Zersetzbarkeit der Pflanzenstreu. Sie steuern die Torfbildungsbedingungen einschlie\u00dflich des Humifizierungsgrades nach von Post. Der Grad der Humifizierung (H 1 bis H 10, Tabelle Humifizierungsgrad) wird in die Benennung der Moorhumusformen aufgenommen (Post 1922, Roeschmann et al. 1983). Moorhumusformen werden nur dann beschrieben, wenn der Wasserhaushalt als \u201adauernass\u2019 mit zeitweiligem \u00dcberstau einzustufen ist und damit den (hydromorphen) Bildungsbedingungen f\u00fcr Torfe entspricht (Grundn\u00e4ssestufe GNS6.2 oder Staun\u00e4ssestufe SNS6, Bodenkundliche Kartieranleitung, 6. Auflage). Dennoch k\u00f6nnen in wachsenden Mooren durch saisonale Wasserstandsschwankungen zum Beispiel in Mooren mit Reisertorf oder Holztorfen (Erlenbruchwald) auch Phasen mit Bel\u00fcftung des Streu\u00adzersetzungsbereiches auftreten, die zu einem h\u00f6heren Humifizierungsgrad f\u00fchren. Bezugshorizont\/diagnostischer Horizont ist stets der Torfbildungs-Horizont (Hfn, Hen, Hhn) an der Bodenoberfl\u00e4che.<\/p>\n<p>Aus der Kombination Grad der Humifizierung (Wasserhaushalt) und Kennzeichnung der Trophie ergeben sich unabh\u00e4ngig von der Torfart (Niedermoor-, \u00dcbergangsmoor- und Hochmoortorf) die Humusformen wachsender Moore, die in der Humusformengliederung (Tabelle B\u2011100) zusammengefasst sind.<\/p>\n<p>Als Grundlage f\u00fcr die Trophie-Stufen wird nach Succow &amp; Joosten (2001: 229\u2013234) das C\/N-Verh\u00e4ltnis verwendet, siehe Tabelle B\u2011102, erweitert um den Begriff dystroph, und zwar im Torfneubildungs-Horizont (Hn). Dar\u00fcber hinaus ist der S\u00e4ure-Basen-Status (pH-Wert) f\u00fcr die Einstufung der Moor-Humusform von Belang (s. Abbildung B\u201123) und kann in der Humusformen-Variet\u00e4t ausgedr\u00fcckt: Sehr stark saures Dystrophes F-Moor (Humusform eines intakten Hochmoores). Die pH-Werte wurden bislang an lufttrockenen Proben in 1\u00a0N\u00a0KCl bestimmt. Die Humusformen Nat\u00fcrlicher Moore sind damit eine \u00f6kologische Kennzeichnung der Torfbildungsprozesse (Bildungsbedingungen). Neben den unten aufgef\u00fchrten Beispielen k\u00f6nnen weitere Subtypen der Moor-Humusformen auftreten.<\/p>\n<p><a href=\"https:\/\/www.humusformen.de\/wp-content\/uploads\/2022\/01\/CN-Moore.pdf\">C\/N-Verh\u00e4ltnisse in Torfbildungshorizonten (Trophiestufen)<\/a><\/p>\n<p><a href=\"https:\/\/www.humusformen.de\/wp-content\/uploads\/2021\/12\/Humifizierungsgrad-Moore.pdf\">Humifizierungsgrad Moore<\/a><\/p>\n<p><a href=\"https:\/\/www.humusformen.de\/wp-content\/uploads\/2021\/12\/Gliederung-Moor-Humusformen.pdf\">Gliederung Moor-Humusformen<\/a><\/p>\n<p><a href=\"https:\/\/www.humusformen.de\/?page_id=440\">F-Moor<\/a><\/p>\n<p><a title=\"M-Moor\" href=\"https:\/\/www.humusformen.de\/?page_id=442\">M-Moor<\/a><\/p>\n<p><a title=\"H-Moor\" href=\"https:\/\/www.humusformen.de\/?page_id=444\">H-Moor<\/a><\/p>\n","protected":false},"excerpt":{"rendered":"<p>Humusformen Nat\u00fcrlicher Moore sind dann ausgebildet, wenn im anaeroben Milieu Torf durch Akkumulation von unvollst\u00e4ndig zersetztem Pflanzenmaterial entsteht. Wasser muss im langfristigen Mittel nahe an oder \u00fcber der Bodenoberfl\u00e4che stehen. Die Moor-Humusform kennzeichnet den aktuellen Prozess der Moorbildung. \u00c4nderungen in &hellip; <a href=\"https:\/\/www.humusformen.de\/?page_id=260\">Weiterlesen <span class=\"meta-nav\">&rarr;<\/span><\/a><\/p>\n","protected":false},"author":1,"featured_media":0,"parent":176,"menu_order":2,"comment_status":"closed","ping_status":"closed","template":"","meta":{"footnotes":""},"yoast_head":"<!-- This site is optimized with the Yoast SEO plugin v21.7 - https:\/\/yoast.com\/wordpress\/plugins\/seo\/ -->\n<title>Humusformen Nat\u00fcrlicher Moore - Humusformen<\/title>\n<meta name=\"robots\" content=\"index, follow, max-snippet:-1, max-image-preview:large, max-video-preview:-1\" \/>\n<link rel=\"canonical\" href=\"https:\/\/www.humusformen.de\/?page_id=260\" \/>\n<meta property=\"og:locale\" content=\"de_DE\" \/>\n<meta property=\"og:type\" content=\"article\" \/>\n<meta property=\"og:title\" content=\"Humusformen Nat\u00fcrlicher Moore - Humusformen\" \/>\n<meta property=\"og:description\" content=\"Humusformen Nat\u00fcrlicher Moore sind dann ausgebildet, wenn im anaeroben Milieu Torf durch Akkumulation von unvollst\u00e4ndig zersetztem Pflanzenmaterial entsteht. Wasser muss im langfristigen Mittel nahe an oder \u00fcber der Bodenoberfl\u00e4che stehen. Die Moor-Humusform kennzeichnet den aktuellen Prozess der Moorbildung. \u00c4nderungen in &hellip; Weiterlesen &rarr;\" \/>\n<meta property=\"og:url\" content=\"https:\/\/www.humusformen.de\/?page_id=260\" \/>\n<meta property=\"og:site_name\" content=\"Humusformen\" \/>\n<meta property=\"article:modified_time\" content=\"2023-09-13T13:20:05+00:00\" \/>\n<meta name=\"twitter:card\" content=\"summary_large_image\" \/>\n<meta name=\"twitter:label1\" content=\"Gesch\u00e4tzte Lesezeit\" \/>\n\t<meta name=\"twitter:data1\" content=\"2 Minuten\" \/>\n<script type=\"application\/ld+json\" class=\"yoast-schema-graph\">{\"@context\":\"https:\/\/schema.org\",\"@graph\":[{\"@type\":\"WebPage\",\"@id\":\"https:\/\/www.humusformen.de\/?page_id=260\",\"url\":\"https:\/\/www.humusformen.de\/?page_id=260\",\"name\":\"Humusformen Nat\u00fcrlicher Moore - Humusformen\",\"isPartOf\":{\"@id\":\"https:\/\/www.humusformen.de\/#website\"},\"datePublished\":\"2021-11-10T05:57:18+00:00\",\"dateModified\":\"2023-09-13T13:20:05+00:00\",\"breadcrumb\":{\"@id\":\"https:\/\/www.humusformen.de\/?page_id=260#breadcrumb\"},\"inLanguage\":\"de-DE\",\"potentialAction\":[{\"@type\":\"ReadAction\",\"target\":[\"https:\/\/www.humusformen.de\/?page_id=260\"]}]},{\"@type\":\"BreadcrumbList\",\"@id\":\"https:\/\/www.humusformen.de\/?page_id=260#breadcrumb\",\"itemListElement\":[{\"@type\":\"ListItem\",\"position\":1,\"name\":\"Startseite\",\"item\":\"https:\/\/www.humusformen.de\/\"},{\"@type\":\"ListItem\",\"position\":2,\"name\":\"Humusformen\",\"item\":\"https:\/\/www.humusformen.de\/?page_id=113\"},{\"@type\":\"ListItem\",\"position\":3,\"name\":\"Hydromorphe Humusformen\",\"item\":\"https:\/\/www.humusformen.de\/?page_id=176\"},{\"@type\":\"ListItem\",\"position\":4,\"name\":\"Humusformen Nat\u00fcrlicher Moore\"}]},{\"@type\":\"WebSite\",\"@id\":\"https:\/\/www.humusformen.de\/#website\",\"url\":\"https:\/\/www.humusformen.de\/\",\"name\":\"Humusformen\",\"description\":\"AG Humusformen der Deutschen Bodenkundlichen Gesellschaft\",\"potentialAction\":[{\"@type\":\"SearchAction\",\"target\":{\"@type\":\"EntryPoint\",\"urlTemplate\":\"https:\/\/www.humusformen.de\/?s={search_term_string}\"},\"query-input\":\"required name=search_term_string\"}],\"inLanguage\":\"de-DE\"}]}<\/script>\n<!-- \/ Yoast SEO plugin. -->","yoast_head_json":{"title":"Humusformen Nat\u00fcrlicher Moore - Humusformen","robots":{"index":"index","follow":"follow","max-snippet":"max-snippet:-1","max-image-preview":"max-image-preview:large","max-video-preview":"max-video-preview:-1"},"canonical":"https:\/\/www.humusformen.de\/?page_id=260","og_locale":"de_DE","og_type":"article","og_title":"Humusformen Nat\u00fcrlicher Moore - Humusformen","og_description":"Humusformen Nat\u00fcrlicher Moore sind dann ausgebildet, wenn im anaeroben Milieu Torf durch Akkumulation von unvollst\u00e4ndig zersetztem Pflanzenmaterial entsteht. Wasser muss im langfristigen Mittel nahe an oder \u00fcber der Bodenoberfl\u00e4che stehen. Die Moor-Humusform kennzeichnet den aktuellen Prozess der Moorbildung. \u00c4nderungen in &hellip; Weiterlesen &rarr;","og_url":"https:\/\/www.humusformen.de\/?page_id=260","og_site_name":"Humusformen","article_modified_time":"2023-09-13T13:20:05+00:00","twitter_card":"summary_large_image","twitter_misc":{"Gesch\u00e4tzte Lesezeit":"2 Minuten"},"schema":{"@context":"https:\/\/schema.org","@graph":[{"@type":"WebPage","@id":"https:\/\/www.humusformen.de\/?page_id=260","url":"https:\/\/www.humusformen.de\/?page_id=260","name":"Humusformen Nat\u00fcrlicher Moore - Humusformen","isPartOf":{"@id":"https:\/\/www.humusformen.de\/#website"},"datePublished":"2021-11-10T05:57:18+00:00","dateModified":"2023-09-13T13:20:05+00:00","breadcrumb":{"@id":"https:\/\/www.humusformen.de\/?page_id=260#breadcrumb"},"inLanguage":"de-DE","potentialAction":[{"@type":"ReadAction","target":["https:\/\/www.humusformen.de\/?page_id=260"]}]},{"@type":"BreadcrumbList","@id":"https:\/\/www.humusformen.de\/?page_id=260#breadcrumb","itemListElement":[{"@type":"ListItem","position":1,"name":"Startseite","item":"https:\/\/www.humusformen.de\/"},{"@type":"ListItem","position":2,"name":"Humusformen","item":"https:\/\/www.humusformen.de\/?page_id=113"},{"@type":"ListItem","position":3,"name":"Hydromorphe Humusformen","item":"https:\/\/www.humusformen.de\/?page_id=176"},{"@type":"ListItem","position":4,"name":"Humusformen Nat\u00fcrlicher Moore"}]},{"@type":"WebSite","@id":"https:\/\/www.humusformen.de\/#website","url":"https:\/\/www.humusformen.de\/","name":"Humusformen","description":"AG Humusformen der Deutschen Bodenkundlichen Gesellschaft","potentialAction":[{"@type":"SearchAction","target":{"@type":"EntryPoint","urlTemplate":"https:\/\/www.humusformen.de\/?s={search_term_string}"},"query-input":"required name=search_term_string"}],"inLanguage":"de-DE"}]}},"_links":{"self":[{"href":"https:\/\/www.humusformen.de\/index.php?rest_route=\/wp\/v2\/pages\/260"}],"collection":[{"href":"https:\/\/www.humusformen.de\/index.php?rest_route=\/wp\/v2\/pages"}],"about":[{"href":"https:\/\/www.humusformen.de\/index.php?rest_route=\/wp\/v2\/types\/page"}],"author":[{"embeddable":true,"href":"https:\/\/www.humusformen.de\/index.php?rest_route=\/wp\/v2\/users\/1"}],"replies":[{"embeddable":true,"href":"https:\/\/www.humusformen.de\/index.php?rest_route=%2Fwp%2Fv2%2Fcomments&post=260"}],"version-history":[{"count":14,"href":"https:\/\/www.humusformen.de\/index.php?rest_route=\/wp\/v2\/pages\/260\/revisions"}],"predecessor-version":[{"id":958,"href":"https:\/\/www.humusformen.de\/index.php?rest_route=\/wp\/v2\/pages\/260\/revisions\/958"}],"up":[{"embeddable":true,"href":"https:\/\/www.humusformen.de\/index.php?rest_route=\/wp\/v2\/pages\/176"}],"wp:attachment":[{"href":"https:\/\/www.humusformen.de\/index.php?rest_route=%2Fwp%2Fv2%2Fmedia&parent=260"}],"curies":[{"name":"wp","href":"https:\/\/api.w.org\/{rel}","templated":true}]}}