{"id":244,"date":"2021-11-09T19:10:40","date_gmt":"2021-11-09T18:10:40","guid":{"rendered":"https:\/\/www.humusformen.de\/?page_id=244"},"modified":"2023-09-13T14:53:56","modified_gmt":"2023-09-13T12:53:56","slug":"f-mull","status":"publish","type":"page","link":"https:\/\/www.humusformen.de\/?page_id=244","title":{"rendered":"F-Mull"},"content":{"rendered":"<p>F-Mull kommt auf m\u00e4\u00dfig basenreichen bis basenreichen B\u00f6den vor. Die Streuarten sind \u00fcberwiegend m\u00e4\u00dfig bis gut zersetzbar. Auf sehr basenreichen B\u00f6den kann sich F-Mull bei schlecht zersetzbarer Streu, z.\u00a0B. Buchenbl\u00e4ttern, entwickeln. Die Streu braucht zur Mineralisierung und Humifizierung mehr als 2 Jahre. Zwischen Ol- und A-Horizont ist ein fl\u00e4chenhaft aushaltender Of-Horizont ausgebildet. H\u00e4ufig kann der Of-Horizont in einen feinhumus\u00e4rmeren Olf- und einen darunter folgenden feinhumusreicheren Ohf-Horizont unterteilt werden. Der Of-Horizont ist im Allgemeinen 1\u00a0\u2013\u00a03\u00a0cm m\u00e4chtig, in Bereichen mit erh\u00f6htem Streueintrag auch deutlich m\u00e4chtiger. Das Of-Material ist locker bis stapelartig gelagert (Feld 35, Tabelle B-38). Die Bestandteile des zum Teil von Wurzeln und Pilzmyzel durchzogenen Of-Horizontes k\u00f6nnen jedoch miteinander lagig verbunden oder zu Paketen verklebt sein (Feld 40, Tabelle B-44. Bei einem h\u00f6heren Anteil an Bodenfauna mit bioturbater Aktivit\u00e4t sind h\u00e4ufig organo-mineralische Aggregate in den Of-Horizont eingemengt. Der mineralische Oberboden ist belebt und besitzt \u00fcberwiegend ein stabiles Aggregatgef\u00fcge (Kr\u00fcmel, Subpolyeder, Polyeder). Kr\u00fcmelgef\u00fcge tritt gegen\u00fcber anderen Aggregat-Gef\u00fcgeformen zur\u00fcck. Vor allem in schluffigen und lehmigen Substraten ist die Sch\u00e4rfe der Horizontuntergrenze des Ah zum n\u00e4chstfolgenden humusarmen Mineralbodenhorizont scharf (\u00dcbergangszone &lt;\u00a02\u00a0cm)<\/p>\n<ul>\n<li>Ol-Horizont vorhanden und<\/li>\n<li>Of-Horizont fl\u00e4chendeckend und ganzj\u00e4hrig vorhanden und<\/li>\n<li>A-Horizont vorhanden<\/li>\n<\/ul>\n<p><strong><em>Subtypen:<\/em><\/strong><\/p>\n<p><strong>MFL<\/strong>\u00a0\u00a0\u00a0\u00a0\u00a0\u00a0\u00a0\u00a0\u00a0\u00a0\u00a0\u00a0\u00a0\u00a0\u00a0<a title=\"Feinhumusarmer F-Mull\" href=\"https:\/\/www.humusformen.de\/?page_id=472\"><strong> Feinhumusarmer F-Mull<\/strong><\/a><\/p>\n<p><strong>MFT<\/strong>\u00a0\u00a0\u00a0\u00a0\u00a0\u00a0\u00a0\u00a0\u00a0\u00a0\u00a0\u00a0\u00a0\u00a0<strong>\u00a0 <a href=\"https:\/\/www.humusformen.de\/?page_id=474\">Typischer F-Mull<\/a><\/strong><\/p>\n<p><strong>MFR<\/strong>\u00a0\u00a0\u00a0\u00a0\u00a0\u00a0\u00a0\u00a0\u00a0\u00a0\u00a0\u00a0\u00a0<strong>\u00a0 <a href=\"https:\/\/www.humusformen.de\/?page_id=476\">Rhizo-F-Mull<\/a><\/strong><\/p>\n<p><strong>MFM<\/strong>\u00a0\u00a0\u00a0\u00a0\u00a0\u00a0\u00a0\u00a0\u00a0\u00a0\u00a0\u00a0\u00a0<strong>\u00a0 <a href=\"https:\/\/www.humusformen.de\/?page_id=478\">Moderartiger F-Mull<\/a><\/strong><\/p>\n<p><strong>MFF<\/strong>\u00a0\u00a0\u00a0\u00a0\u00a0\u00a0\u00a0\u00a0\u00a0\u00a0\u00a0\u00a0\u00a0\u00a0\u00a0 <a title=\"Feucht-F-Mull\" href=\"https:\/\/www.humusformen.de\/?page_id=480\"><strong>Feucht-F-Mull<\/strong><\/a><\/p>\n","protected":false},"excerpt":{"rendered":"<p>F-Mull kommt auf m\u00e4\u00dfig basenreichen bis basenreichen B\u00f6den vor. Die Streuarten sind \u00fcberwiegend m\u00e4\u00dfig bis gut zersetzbar. Auf sehr basenreichen B\u00f6den kann sich F-Mull bei schlecht zersetzbarer Streu, z.\u00a0B. Buchenbl\u00e4ttern, entwickeln. Die Streu braucht zur Mineralisierung und Humifizierung mehr als &hellip; <a href=\"https:\/\/www.humusformen.de\/?page_id=244\">Weiterlesen <span class=\"meta-nav\">&rarr;<\/span><\/a><\/p>\n","protected":false},"author":1,"featured_media":0,"parent":168,"menu_order":2,"comment_status":"closed","ping_status":"closed","template":"","meta":{"footnotes":""},"yoast_head":"<!-- This site is optimized with the Yoast SEO plugin v21.7 - https:\/\/yoast.com\/wordpress\/plugins\/seo\/ -->\n<title>F-Mull - Humusformen<\/title>\n<meta name=\"robots\" content=\"index, follow, max-snippet:-1, max-image-preview:large, max-video-preview:-1\" \/>\n<link rel=\"canonical\" href=\"https:\/\/www.humusformen.de\/?page_id=244\" \/>\n<meta property=\"og:locale\" content=\"de_DE\" \/>\n<meta property=\"og:type\" content=\"article\" \/>\n<meta property=\"og:title\" content=\"F-Mull - Humusformen\" \/>\n<meta property=\"og:description\" content=\"F-Mull kommt auf m\u00e4\u00dfig basenreichen bis basenreichen B\u00f6den vor. Die Streuarten sind \u00fcberwiegend m\u00e4\u00dfig bis gut zersetzbar. Auf sehr basenreichen B\u00f6den kann sich F-Mull bei schlecht zersetzbarer Streu, z.\u00a0B. Buchenbl\u00e4ttern, entwickeln. Die Streu braucht zur Mineralisierung und Humifizierung mehr als &hellip; Weiterlesen &rarr;\" \/>\n<meta property=\"og:url\" content=\"https:\/\/www.humusformen.de\/?page_id=244\" \/>\n<meta property=\"og:site_name\" content=\"Humusformen\" \/>\n<meta property=\"article:modified_time\" content=\"2023-09-13T12:53:56+00:00\" \/>\n<meta name=\"twitter:card\" content=\"summary_large_image\" \/>\n<meta name=\"twitter:label1\" content=\"Gesch\u00e4tzte Lesezeit\" \/>\n\t<meta name=\"twitter:data1\" content=\"2 Minuten\" \/>\n<script type=\"application\/ld+json\" class=\"yoast-schema-graph\">{\"@context\":\"https:\/\/schema.org\",\"@graph\":[{\"@type\":\"WebPage\",\"@id\":\"https:\/\/www.humusformen.de\/?page_id=244\",\"url\":\"https:\/\/www.humusformen.de\/?page_id=244\",\"name\":\"F-Mull - Humusformen\",\"isPartOf\":{\"@id\":\"https:\/\/www.humusformen.de\/#website\"},\"datePublished\":\"2021-11-09T18:10:40+00:00\",\"dateModified\":\"2023-09-13T12:53:56+00:00\",\"breadcrumb\":{\"@id\":\"https:\/\/www.humusformen.de\/?page_id=244#breadcrumb\"},\"inLanguage\":\"de-DE\",\"potentialAction\":[{\"@type\":\"ReadAction\",\"target\":[\"https:\/\/www.humusformen.de\/?page_id=244\"]}]},{\"@type\":\"BreadcrumbList\",\"@id\":\"https:\/\/www.humusformen.de\/?page_id=244#breadcrumb\",\"itemListElement\":[{\"@type\":\"ListItem\",\"position\":1,\"name\":\"Startseite\",\"item\":\"https:\/\/www.humusformen.de\/\"},{\"@type\":\"ListItem\",\"position\":2,\"name\":\"Humusformen\",\"item\":\"https:\/\/www.humusformen.de\/?page_id=113\"},{\"@type\":\"ListItem\",\"position\":3,\"name\":\"Mull-Humusformen\",\"item\":\"https:\/\/www.humusformen.de\/?page_id=168\"},{\"@type\":\"ListItem\",\"position\":4,\"name\":\"F-Mull\"}]},{\"@type\":\"WebSite\",\"@id\":\"https:\/\/www.humusformen.de\/#website\",\"url\":\"https:\/\/www.humusformen.de\/\",\"name\":\"Humusformen\",\"description\":\"AG Humusformen der Deutschen Bodenkundlichen Gesellschaft\",\"potentialAction\":[{\"@type\":\"SearchAction\",\"target\":{\"@type\":\"EntryPoint\",\"urlTemplate\":\"https:\/\/www.humusformen.de\/?s={search_term_string}\"},\"query-input\":\"required name=search_term_string\"}],\"inLanguage\":\"de-DE\"}]}<\/script>\n<!-- \/ Yoast SEO plugin. -->","yoast_head_json":{"title":"F-Mull - Humusformen","robots":{"index":"index","follow":"follow","max-snippet":"max-snippet:-1","max-image-preview":"max-image-preview:large","max-video-preview":"max-video-preview:-1"},"canonical":"https:\/\/www.humusformen.de\/?page_id=244","og_locale":"de_DE","og_type":"article","og_title":"F-Mull - Humusformen","og_description":"F-Mull kommt auf m\u00e4\u00dfig basenreichen bis basenreichen B\u00f6den vor. Die Streuarten sind \u00fcberwiegend m\u00e4\u00dfig bis gut zersetzbar. Auf sehr basenreichen B\u00f6den kann sich F-Mull bei schlecht zersetzbarer Streu, z.\u00a0B. Buchenbl\u00e4ttern, entwickeln. Die Streu braucht zur Mineralisierung und Humifizierung mehr als &hellip; Weiterlesen &rarr;","og_url":"https:\/\/www.humusformen.de\/?page_id=244","og_site_name":"Humusformen","article_modified_time":"2023-09-13T12:53:56+00:00","twitter_card":"summary_large_image","twitter_misc":{"Gesch\u00e4tzte Lesezeit":"2 Minuten"},"schema":{"@context":"https:\/\/schema.org","@graph":[{"@type":"WebPage","@id":"https:\/\/www.humusformen.de\/?page_id=244","url":"https:\/\/www.humusformen.de\/?page_id=244","name":"F-Mull - Humusformen","isPartOf":{"@id":"https:\/\/www.humusformen.de\/#website"},"datePublished":"2021-11-09T18:10:40+00:00","dateModified":"2023-09-13T12:53:56+00:00","breadcrumb":{"@id":"https:\/\/www.humusformen.de\/?page_id=244#breadcrumb"},"inLanguage":"de-DE","potentialAction":[{"@type":"ReadAction","target":["https:\/\/www.humusformen.de\/?page_id=244"]}]},{"@type":"BreadcrumbList","@id":"https:\/\/www.humusformen.de\/?page_id=244#breadcrumb","itemListElement":[{"@type":"ListItem","position":1,"name":"Startseite","item":"https:\/\/www.humusformen.de\/"},{"@type":"ListItem","position":2,"name":"Humusformen","item":"https:\/\/www.humusformen.de\/?page_id=113"},{"@type":"ListItem","position":3,"name":"Mull-Humusformen","item":"https:\/\/www.humusformen.de\/?page_id=168"},{"@type":"ListItem","position":4,"name":"F-Mull"}]},{"@type":"WebSite","@id":"https:\/\/www.humusformen.de\/#website","url":"https:\/\/www.humusformen.de\/","name":"Humusformen","description":"AG Humusformen der Deutschen Bodenkundlichen Gesellschaft","potentialAction":[{"@type":"SearchAction","target":{"@type":"EntryPoint","urlTemplate":"https:\/\/www.humusformen.de\/?s={search_term_string}"},"query-input":"required name=search_term_string"}],"inLanguage":"de-DE"}]}},"_links":{"self":[{"href":"https:\/\/www.humusformen.de\/index.php?rest_route=\/wp\/v2\/pages\/244"}],"collection":[{"href":"https:\/\/www.humusformen.de\/index.php?rest_route=\/wp\/v2\/pages"}],"about":[{"href":"https:\/\/www.humusformen.de\/index.php?rest_route=\/wp\/v2\/types\/page"}],"author":[{"embeddable":true,"href":"https:\/\/www.humusformen.de\/index.php?rest_route=\/wp\/v2\/users\/1"}],"replies":[{"embeddable":true,"href":"https:\/\/www.humusformen.de\/index.php?rest_route=%2Fwp%2Fv2%2Fcomments&post=244"}],"version-history":[{"count":7,"href":"https:\/\/www.humusformen.de\/index.php?rest_route=\/wp\/v2\/pages\/244\/revisions"}],"predecessor-version":[{"id":943,"href":"https:\/\/www.humusformen.de\/index.php?rest_route=\/wp\/v2\/pages\/244\/revisions\/943"}],"up":[{"embeddable":true,"href":"https:\/\/www.humusformen.de\/index.php?rest_route=\/wp\/v2\/pages\/168"}],"wp:attachment":[{"href":"https:\/\/www.humusformen.de\/index.php?rest_route=%2Fwp%2Fv2%2Fmedia&parent=244"}],"curies":[{"name":"wp","href":"https:\/\/api.w.org\/{rel}","templated":true}]}}