{"id":240,"date":"2021-11-09T19:08:35","date_gmt":"2021-11-09T18:08:35","guid":{"rendered":"https:\/\/www.humusformen.de\/?page_id=240"},"modified":"2022-01-17T11:56:08","modified_gmt":"2022-01-17T10:56:08","slug":"l-mull","status":"publish","type":"page","link":"https:\/\/www.humusformen.de\/?page_id=240","title":{"rendered":"L-Mull"},"content":{"rendered":"<p>L-Mull kommt auf m\u00e4\u00dfig basenreichen bis sehr basenreichen B\u00f6den vor. Die Streuarten sind gut bis sehr gut zersetzbar. Die Streu wird innerhalb von 6 Monaten bis 2 Jahren humifiziert und mineralisiert. Der meist &gt;\u00a010\u00a0cm m\u00e4chtige mineralische Oberboden ist hochbelebt und besitzt ein stabiles Aggregatgef\u00fcge (Kr\u00fcmel, Subpolyeder, Polyeder).<\/p>\n<ul>\n<li>Ol-Horizont vorhanden, locker bis sch\u00fctter und<\/li>\n<li>Olf-Horizont fehlend bis l\u00fcckig vorhanden oder geringm\u00e4chtig, locker bis leicht vernetzt und<\/li>\n<li>Ax-, Au- oder belebter Ah-Horizont vorhanden<\/li>\n<\/ul>\n<p><strong><em>Subtypen:<\/em><\/strong><\/p>\n<p><strong>MLA\u00a0\u00a0\u00a0\u00a0\u00a0\u00a0\u00a0\u00a0\u00a0\u00a0\u00a0\u00a0\u00a0\u00a0 <a href=\"https:\/\/www.humusformen.de\/?page_id=493\">A-Mull<\/a><\/strong><\/p>\n<p><strong>MLT<\/strong>\u00a0\u00a0\u00a0\u00a0\u00a0\u00a0\u00a0\u00a0\u00a0\u00a0\u00a0\u00a0<strong> \u00a0 <a href=\"https:\/\/www.humusformen.de\/?page_id=495\">Typischer L-Mull<\/a><\/strong><\/p>\n<p><strong>MLR<\/strong>\u00a0\u00a0\u00a0\u00a0\u00a0\u00a0\u00a0\u00a0\u00a0\u00a0\u00a0\u00a0\u00a0<strong>\u00a0<a href=\"https:\/\/www.humusformen.de\/?page_id=498\"> Rhizo-L-Mull<\/a><\/strong><\/p>\n<p><strong>MLF<\/strong>\u00a0\u00a0\u00a0\u00a0\u00a0\u00a0\u00a0\u00a0\u00a0\u00a0\u00a0\u00a0\u00a0\u00a0\u00a0<a title=\"Feucht-L-Mull\" href=\"https:\/\/www.humusformen.de\/?page_id=500\"><strong> Feucht-L-Mull<\/strong><\/a><\/p>\n","protected":false},"excerpt":{"rendered":"<p>L-Mull kommt auf m\u00e4\u00dfig basenreichen bis sehr basenreichen B\u00f6den vor. Die Streuarten sind gut bis sehr gut zersetzbar. Die Streu wird innerhalb von 6 Monaten bis 2 Jahren humifiziert und mineralisiert. Der meist &gt;\u00a010\u00a0cm m\u00e4chtige mineralische Oberboden ist hochbelebt und &hellip; <a href=\"https:\/\/www.humusformen.de\/?page_id=240\">Weiterlesen <span class=\"meta-nav\">&rarr;<\/span><\/a><\/p>\n","protected":false},"author":1,"featured_media":0,"parent":168,"menu_order":1,"comment_status":"closed","ping_status":"closed","template":"","meta":{"footnotes":""},"yoast_head":"<!-- This site is optimized with the Yoast SEO plugin v21.7 - https:\/\/yoast.com\/wordpress\/plugins\/seo\/ -->\n<title>L-Mull - Humusformen<\/title>\n<meta name=\"robots\" content=\"index, follow, max-snippet:-1, max-image-preview:large, max-video-preview:-1\" \/>\n<link rel=\"canonical\" href=\"https:\/\/www.humusformen.de\/?page_id=240\" \/>\n<meta property=\"og:locale\" content=\"de_DE\" \/>\n<meta property=\"og:type\" content=\"article\" \/>\n<meta property=\"og:title\" content=\"L-Mull - Humusformen\" \/>\n<meta property=\"og:description\" content=\"L-Mull kommt auf m\u00e4\u00dfig basenreichen bis sehr basenreichen B\u00f6den vor. Die Streuarten sind gut bis sehr gut zersetzbar. Die Streu wird innerhalb von 6 Monaten bis 2 Jahren humifiziert und mineralisiert. Der meist &gt;\u00a010\u00a0cm m\u00e4chtige mineralische Oberboden ist hochbelebt und &hellip; Weiterlesen &rarr;\" \/>\n<meta property=\"og:url\" content=\"https:\/\/www.humusformen.de\/?page_id=240\" \/>\n<meta property=\"og:site_name\" content=\"Humusformen\" \/>\n<meta property=\"article:modified_time\" content=\"2022-01-17T10:56:08+00:00\" \/>\n<meta name=\"twitter:card\" content=\"summary_large_image\" \/>\n<script type=\"application\/ld+json\" class=\"yoast-schema-graph\">{\"@context\":\"https:\/\/schema.org\",\"@graph\":[{\"@type\":\"WebPage\",\"@id\":\"https:\/\/www.humusformen.de\/?page_id=240\",\"url\":\"https:\/\/www.humusformen.de\/?page_id=240\",\"name\":\"L-Mull - Humusformen\",\"isPartOf\":{\"@id\":\"https:\/\/www.humusformen.de\/#website\"},\"datePublished\":\"2021-11-09T18:08:35+00:00\",\"dateModified\":\"2022-01-17T10:56:08+00:00\",\"breadcrumb\":{\"@id\":\"https:\/\/www.humusformen.de\/?page_id=240#breadcrumb\"},\"inLanguage\":\"de-DE\",\"potentialAction\":[{\"@type\":\"ReadAction\",\"target\":[\"https:\/\/www.humusformen.de\/?page_id=240\"]}]},{\"@type\":\"BreadcrumbList\",\"@id\":\"https:\/\/www.humusformen.de\/?page_id=240#breadcrumb\",\"itemListElement\":[{\"@type\":\"ListItem\",\"position\":1,\"name\":\"Startseite\",\"item\":\"https:\/\/www.humusformen.de\/\"},{\"@type\":\"ListItem\",\"position\":2,\"name\":\"Humusformen\",\"item\":\"https:\/\/www.humusformen.de\/?page_id=113\"},{\"@type\":\"ListItem\",\"position\":3,\"name\":\"Mull-Humusformen\",\"item\":\"https:\/\/www.humusformen.de\/?page_id=168\"},{\"@type\":\"ListItem\",\"position\":4,\"name\":\"L-Mull\"}]},{\"@type\":\"WebSite\",\"@id\":\"https:\/\/www.humusformen.de\/#website\",\"url\":\"https:\/\/www.humusformen.de\/\",\"name\":\"Humusformen\",\"description\":\"AG Humusformen der Deutschen Bodenkundlichen Gesellschaft\",\"potentialAction\":[{\"@type\":\"SearchAction\",\"target\":{\"@type\":\"EntryPoint\",\"urlTemplate\":\"https:\/\/www.humusformen.de\/?s={search_term_string}\"},\"query-input\":\"required name=search_term_string\"}],\"inLanguage\":\"de-DE\"}]}<\/script>\n<!-- \/ Yoast SEO plugin. -->","yoast_head_json":{"title":"L-Mull - Humusformen","robots":{"index":"index","follow":"follow","max-snippet":"max-snippet:-1","max-image-preview":"max-image-preview:large","max-video-preview":"max-video-preview:-1"},"canonical":"https:\/\/www.humusformen.de\/?page_id=240","og_locale":"de_DE","og_type":"article","og_title":"L-Mull - Humusformen","og_description":"L-Mull kommt auf m\u00e4\u00dfig basenreichen bis sehr basenreichen B\u00f6den vor. Die Streuarten sind gut bis sehr gut zersetzbar. Die Streu wird innerhalb von 6 Monaten bis 2 Jahren humifiziert und mineralisiert. Der meist &gt;\u00a010\u00a0cm m\u00e4chtige mineralische Oberboden ist hochbelebt und &hellip; Weiterlesen &rarr;","og_url":"https:\/\/www.humusformen.de\/?page_id=240","og_site_name":"Humusformen","article_modified_time":"2022-01-17T10:56:08+00:00","twitter_card":"summary_large_image","schema":{"@context":"https:\/\/schema.org","@graph":[{"@type":"WebPage","@id":"https:\/\/www.humusformen.de\/?page_id=240","url":"https:\/\/www.humusformen.de\/?page_id=240","name":"L-Mull - Humusformen","isPartOf":{"@id":"https:\/\/www.humusformen.de\/#website"},"datePublished":"2021-11-09T18:08:35+00:00","dateModified":"2022-01-17T10:56:08+00:00","breadcrumb":{"@id":"https:\/\/www.humusformen.de\/?page_id=240#breadcrumb"},"inLanguage":"de-DE","potentialAction":[{"@type":"ReadAction","target":["https:\/\/www.humusformen.de\/?page_id=240"]}]},{"@type":"BreadcrumbList","@id":"https:\/\/www.humusformen.de\/?page_id=240#breadcrumb","itemListElement":[{"@type":"ListItem","position":1,"name":"Startseite","item":"https:\/\/www.humusformen.de\/"},{"@type":"ListItem","position":2,"name":"Humusformen","item":"https:\/\/www.humusformen.de\/?page_id=113"},{"@type":"ListItem","position":3,"name":"Mull-Humusformen","item":"https:\/\/www.humusformen.de\/?page_id=168"},{"@type":"ListItem","position":4,"name":"L-Mull"}]},{"@type":"WebSite","@id":"https:\/\/www.humusformen.de\/#website","url":"https:\/\/www.humusformen.de\/","name":"Humusformen","description":"AG Humusformen der Deutschen Bodenkundlichen Gesellschaft","potentialAction":[{"@type":"SearchAction","target":{"@type":"EntryPoint","urlTemplate":"https:\/\/www.humusformen.de\/?s={search_term_string}"},"query-input":"required name=search_term_string"}],"inLanguage":"de-DE"}]}},"_links":{"self":[{"href":"https:\/\/www.humusformen.de\/index.php?rest_route=\/wp\/v2\/pages\/240"}],"collection":[{"href":"https:\/\/www.humusformen.de\/index.php?rest_route=\/wp\/v2\/pages"}],"about":[{"href":"https:\/\/www.humusformen.de\/index.php?rest_route=\/wp\/v2\/types\/page"}],"author":[{"embeddable":true,"href":"https:\/\/www.humusformen.de\/index.php?rest_route=\/wp\/v2\/users\/1"}],"replies":[{"embeddable":true,"href":"https:\/\/www.humusformen.de\/index.php?rest_route=%2Fwp%2Fv2%2Fcomments&post=240"}],"version-history":[{"count":7,"href":"https:\/\/www.humusformen.de\/index.php?rest_route=\/wp\/v2\/pages\/240\/revisions"}],"predecessor-version":[{"id":882,"href":"https:\/\/www.humusformen.de\/index.php?rest_route=\/wp\/v2\/pages\/240\/revisions\/882"}],"up":[{"embeddable":true,"href":"https:\/\/www.humusformen.de\/index.php?rest_route=\/wp\/v2\/pages\/168"}],"wp:attachment":[{"href":"https:\/\/www.humusformen.de\/index.php?rest_route=%2Fwp%2Fv2%2Fmedia&parent=240"}],"curies":[{"name":"wp","href":"https:\/\/api.w.org\/{rel}","templated":true}]}}