{"id":229,"date":"2021-11-09T18:54:40","date_gmt":"2021-11-09T17:54:40","guid":{"rendered":"https:\/\/www.humusformen.de\/?page_id=229"},"modified":"2023-09-13T14:57:15","modified_gmt":"2023-09-13T12:57:15","slug":"moder","status":"publish","type":"page","link":"https:\/\/www.humusformen.de\/?page_id=229","title":{"rendered":"Moder"},"content":{"rendered":"<p>Moder entwickelt sich auf basenarmen bis sehr basenarmen B\u00f6den aus sehr schlecht bis schlecht zersetzbarerer Streu. Regenw\u00fcrmer treten st\u00e4rker zur\u00fcck, Bei sehr schlecht zersetzbarer Streu (z.\u00a0B. Zwergstrauchheiden) k\u00f6nnen sich Moderhumusformen auch auf basenreicheren B\u00f6den entwickeln. Arthropoden und Kleinringelw\u00fcrmer \u00fcberwiegen. Die Streuzersetzung findet fast ausschlie\u00dflich in der organischen Auflage statt. A-Horizonte sind geringm\u00e4chtiger als in Mull-Humusformen ausgebildet. Der Anteil an biogenem Gef\u00fcge (Kr\u00fcmel) ist geringer. Wanderungsf\u00e4hige Huminstoffe werden gebildet. Stets sind Ol- und Of-Horizont vorhanden, der Of-Horizont ist meist &gt; 5 cm m\u00e4chtig. Ein Oh-Horizont ist im mullartigen Moder in der Regel filmartig oder l\u00fcckig ausgebildet (Oih) und im typischen Moder fl\u00e4chenhaft mit M\u00e4chtigkeiten &gt; 5 mm entwickelt. In der montanen bis subalpine H\u00f6henstufe der Kalkalpen kommen als Subtypen des Moders Tangel und Pechmoder vor. Sie entstehen meist unmittelbar auf Kalk- und Dolomitstein sowie auf Kalksteinskelett und besitzen belebte Oh-Horizonte (Ovh, Oxh).<\/p>\n<ul>\n<li>Ol-Horizont ganzj\u00e4hrig vorhanden und<\/li>\n<li>Of-Horizont ganzj\u00e4hrig vorhanden und<\/li>\n<li>Obh-Horizont vorhanden z.\u00a0T. filmartig bis l\u00fcckig und<\/li>\n<li>auf Mineralb\u00f6den \u00fcber geringm\u00e4chtigem Ah- oder Ee-Horizont<\/li>\n<\/ul>\n<p>Subtypen<\/p>\n<p><strong>AMM<\/strong> \u00a0\u00a0\u00a0\u00a0\u00a0\u00a0\u00a0\u00a0\u00a0\u00a0\u00a0\u00a0 <a title=\"Mullartiger Moder\" href=\"https:\/\/www.humusformen.de\/?page_id=508\"><strong>Mullartiger Moder<\/strong><\/a><\/p>\n<p><strong>AMT<\/strong> \u00a0\u00a0\u00a0\u00a0\u00a0\u00a0\u00a0\u00a0\u00a0\u00a0\u00a0\u00a0 <a title=\"Typischer Moder\" href=\"https:\/\/www.humusformen.de\/?page_id=511\"><strong>Typischer Moder<\/strong><\/a><\/p>\n<p><strong>AMR<\/strong> \u00a0\u00a0\u00a0\u00a0\u00a0\u00a0\u00a0\u00a0\u00a0\u00a0\u00a0\u00a0 <a title=\"Rhizo-Moder\" href=\"https:\/\/www.humusformen.de\/?page_id=513\"><strong>Rhizo-Moder<\/strong><\/a><\/p>\n<p><strong>AMP\u00a0\u00a0\u00a0\u00a0\u00a0\u00a0\u00a0\u00a0\u00a0\u00a0\u00a0\u00a0\u00a0 <a href=\"https:\/\/www.humusformen.de\/?page_id=618\" rel=\"noopener\">Pechmoder<\/a><\/strong><\/p>\n<p><strong>AMA<\/strong> \u00a0\u00a0\u00a0\u00a0\u00a0\u00a0\u00a0\u00a0\u00a0\u00a0\u00a0\u00a0 <a title=\"Tangel\" href=\"https:\/\/www.humusformen.de\/?page_id=519\"><strong>Tangel<\/strong><\/a><\/p>\n<p><strong>AMF<\/strong> \u00a0\u00a0\u00a0\u00a0\u00a0\u00a0\u00a0\u00a0\u00a0\u00a0\u00a0\u00a0 <a title=\"Feucht-Moder\" href=\"https:\/\/www.humusformen.de\/?page_id=521\"><strong>Feucht-Moder<\/strong><\/a><\/p>\n","protected":false},"excerpt":{"rendered":"<p>Moder entwickelt sich auf basenarmen bis sehr basenarmen B\u00f6den aus sehr schlecht bis schlecht zersetzbarerer Streu. Regenw\u00fcrmer treten st\u00e4rker zur\u00fcck, Bei sehr schlecht zersetzbarer Streu (z.\u00a0B. Zwergstrauchheiden) k\u00f6nnen sich Moderhumusformen auch auf basenreicheren B\u00f6den entwickeln. Arthropoden und Kleinringelw\u00fcrmer \u00fcberwiegen. Die &hellip; <a href=\"https:\/\/www.humusformen.de\/?page_id=229\">Weiterlesen <span class=\"meta-nav\">&rarr;<\/span><\/a><\/p>\n","protected":false},"author":1,"featured_media":0,"parent":170,"menu_order":1,"comment_status":"closed","ping_status":"closed","template":"","meta":{"footnotes":""},"yoast_head":"<!-- This site is optimized with the Yoast SEO plugin v21.7 - https:\/\/yoast.com\/wordpress\/plugins\/seo\/ -->\n<title>Moder - Humusformen<\/title>\n<meta name=\"robots\" content=\"index, follow, max-snippet:-1, max-image-preview:large, max-video-preview:-1\" \/>\n<link rel=\"canonical\" href=\"https:\/\/www.humusformen.de\/?page_id=229\" \/>\n<meta property=\"og:locale\" content=\"de_DE\" \/>\n<meta property=\"og:type\" content=\"article\" \/>\n<meta property=\"og:title\" content=\"Moder - Humusformen\" \/>\n<meta property=\"og:description\" content=\"Moder entwickelt sich auf basenarmen bis sehr basenarmen B\u00f6den aus sehr schlecht bis schlecht zersetzbarerer Streu. Regenw\u00fcrmer treten st\u00e4rker zur\u00fcck, Bei sehr schlecht zersetzbarer Streu (z.\u00a0B. Zwergstrauchheiden) k\u00f6nnen sich Moderhumusformen auch auf basenreicheren B\u00f6den entwickeln. Arthropoden und Kleinringelw\u00fcrmer \u00fcberwiegen. Die &hellip; Weiterlesen &rarr;\" \/>\n<meta property=\"og:url\" content=\"https:\/\/www.humusformen.de\/?page_id=229\" \/>\n<meta property=\"og:site_name\" content=\"Humusformen\" \/>\n<meta property=\"article:modified_time\" content=\"2023-09-13T12:57:15+00:00\" \/>\n<meta name=\"twitter:card\" content=\"summary_large_image\" \/>\n<meta name=\"twitter:label1\" content=\"Gesch\u00e4tzte Lesezeit\" \/>\n\t<meta name=\"twitter:data1\" content=\"1 Minute\" \/>\n<script type=\"application\/ld+json\" class=\"yoast-schema-graph\">{\"@context\":\"https:\/\/schema.org\",\"@graph\":[{\"@type\":\"WebPage\",\"@id\":\"https:\/\/www.humusformen.de\/?page_id=229\",\"url\":\"https:\/\/www.humusformen.de\/?page_id=229\",\"name\":\"Moder - Humusformen\",\"isPartOf\":{\"@id\":\"https:\/\/www.humusformen.de\/#website\"},\"datePublished\":\"2021-11-09T17:54:40+00:00\",\"dateModified\":\"2023-09-13T12:57:15+00:00\",\"breadcrumb\":{\"@id\":\"https:\/\/www.humusformen.de\/?page_id=229#breadcrumb\"},\"inLanguage\":\"de-DE\",\"potentialAction\":[{\"@type\":\"ReadAction\",\"target\":[\"https:\/\/www.humusformen.de\/?page_id=229\"]}]},{\"@type\":\"BreadcrumbList\",\"@id\":\"https:\/\/www.humusformen.de\/?page_id=229#breadcrumb\",\"itemListElement\":[{\"@type\":\"ListItem\",\"position\":1,\"name\":\"Startseite\",\"item\":\"https:\/\/www.humusformen.de\/\"},{\"@type\":\"ListItem\",\"position\":2,\"name\":\"Humusformen\",\"item\":\"https:\/\/www.humusformen.de\/?page_id=113\"},{\"@type\":\"ListItem\",\"position\":3,\"name\":\"Auflage-Humusformen\",\"item\":\"https:\/\/www.humusformen.de\/?page_id=170\"},{\"@type\":\"ListItem\",\"position\":4,\"name\":\"Moder\"}]},{\"@type\":\"WebSite\",\"@id\":\"https:\/\/www.humusformen.de\/#website\",\"url\":\"https:\/\/www.humusformen.de\/\",\"name\":\"Humusformen\",\"description\":\"AG Humusformen der Deutschen Bodenkundlichen Gesellschaft\",\"potentialAction\":[{\"@type\":\"SearchAction\",\"target\":{\"@type\":\"EntryPoint\",\"urlTemplate\":\"https:\/\/www.humusformen.de\/?s={search_term_string}\"},\"query-input\":\"required name=search_term_string\"}],\"inLanguage\":\"de-DE\"}]}<\/script>\n<!-- \/ Yoast SEO plugin. -->","yoast_head_json":{"title":"Moder - Humusformen","robots":{"index":"index","follow":"follow","max-snippet":"max-snippet:-1","max-image-preview":"max-image-preview:large","max-video-preview":"max-video-preview:-1"},"canonical":"https:\/\/www.humusformen.de\/?page_id=229","og_locale":"de_DE","og_type":"article","og_title":"Moder - Humusformen","og_description":"Moder entwickelt sich auf basenarmen bis sehr basenarmen B\u00f6den aus sehr schlecht bis schlecht zersetzbarerer Streu. Regenw\u00fcrmer treten st\u00e4rker zur\u00fcck, Bei sehr schlecht zersetzbarer Streu (z.\u00a0B. Zwergstrauchheiden) k\u00f6nnen sich Moderhumusformen auch auf basenreicheren B\u00f6den entwickeln. Arthropoden und Kleinringelw\u00fcrmer \u00fcberwiegen. Die &hellip; Weiterlesen &rarr;","og_url":"https:\/\/www.humusformen.de\/?page_id=229","og_site_name":"Humusformen","article_modified_time":"2023-09-13T12:57:15+00:00","twitter_card":"summary_large_image","twitter_misc":{"Gesch\u00e4tzte Lesezeit":"1 Minute"},"schema":{"@context":"https:\/\/schema.org","@graph":[{"@type":"WebPage","@id":"https:\/\/www.humusformen.de\/?page_id=229","url":"https:\/\/www.humusformen.de\/?page_id=229","name":"Moder - Humusformen","isPartOf":{"@id":"https:\/\/www.humusformen.de\/#website"},"datePublished":"2021-11-09T17:54:40+00:00","dateModified":"2023-09-13T12:57:15+00:00","breadcrumb":{"@id":"https:\/\/www.humusformen.de\/?page_id=229#breadcrumb"},"inLanguage":"de-DE","potentialAction":[{"@type":"ReadAction","target":["https:\/\/www.humusformen.de\/?page_id=229"]}]},{"@type":"BreadcrumbList","@id":"https:\/\/www.humusformen.de\/?page_id=229#breadcrumb","itemListElement":[{"@type":"ListItem","position":1,"name":"Startseite","item":"https:\/\/www.humusformen.de\/"},{"@type":"ListItem","position":2,"name":"Humusformen","item":"https:\/\/www.humusformen.de\/?page_id=113"},{"@type":"ListItem","position":3,"name":"Auflage-Humusformen","item":"https:\/\/www.humusformen.de\/?page_id=170"},{"@type":"ListItem","position":4,"name":"Moder"}]},{"@type":"WebSite","@id":"https:\/\/www.humusformen.de\/#website","url":"https:\/\/www.humusformen.de\/","name":"Humusformen","description":"AG Humusformen der Deutschen Bodenkundlichen Gesellschaft","potentialAction":[{"@type":"SearchAction","target":{"@type":"EntryPoint","urlTemplate":"https:\/\/www.humusformen.de\/?s={search_term_string}"},"query-input":"required name=search_term_string"}],"inLanguage":"de-DE"}]}},"_links":{"self":[{"href":"https:\/\/www.humusformen.de\/index.php?rest_route=\/wp\/v2\/pages\/229"}],"collection":[{"href":"https:\/\/www.humusformen.de\/index.php?rest_route=\/wp\/v2\/pages"}],"about":[{"href":"https:\/\/www.humusformen.de\/index.php?rest_route=\/wp\/v2\/types\/page"}],"author":[{"embeddable":true,"href":"https:\/\/www.humusformen.de\/index.php?rest_route=\/wp\/v2\/users\/1"}],"replies":[{"embeddable":true,"href":"https:\/\/www.humusformen.de\/index.php?rest_route=%2Fwp%2Fv2%2Fcomments&post=229"}],"version-history":[{"count":16,"href":"https:\/\/www.humusformen.de\/index.php?rest_route=\/wp\/v2\/pages\/229\/revisions"}],"predecessor-version":[{"id":1036,"href":"https:\/\/www.humusformen.de\/index.php?rest_route=\/wp\/v2\/pages\/229\/revisions\/1036"}],"up":[{"embeddable":true,"href":"https:\/\/www.humusformen.de\/index.php?rest_route=\/wp\/v2\/pages\/170"}],"wp:attachment":[{"href":"https:\/\/www.humusformen.de\/index.php?rest_route=%2Fwp%2Fv2%2Fmedia&parent=229"}],"curies":[{"name":"wp","href":"https:\/\/api.w.org\/{rel}","templated":true}]}}