{"id":176,"date":"2021-11-07T17:57:19","date_gmt":"2021-11-07T16:57:19","guid":{"rendered":"https:\/\/www.humusformen.de\/?page_id=176"},"modified":"2023-09-13T15:18:43","modified_gmt":"2023-09-13T13:18:43","slug":"hydromorphe-humusformen","status":"publish","type":"page","link":"https:\/\/www.humusformen.de\/?page_id=176","title":{"rendered":"Hydromorphe Humusformen"},"content":{"rendered":"<p><strong>Abteilung Hydromorphe Humusformen<\/strong><\/p>\n<p>Hydromorphe Humusformen entstehen unter dem Einfluss von langfristig hoch anstehendem Grund-, Stau- oder Regenwasser. Typisch sind Phasen mit Wasser\u00fcberstau. In Abh\u00e4ngigkeit von der Streuzersetzbarkeit und dem Wasserregime wird die anfallende Streu unterschiedlich stark humifiziert, so dass sich verschiedene Hydromorphe Humusformen bilden. Je l\u00e4nger und h\u00e4ufiger bel\u00fcftete Phasen zwischengeschaltet sind, desto fortgeschrittener l\u00e4uft die Humifizierung (Bildung organischer Feinsubstanz) ab. Bisher sind Humusformen\u00a0 im \u00fcberwiegend anaeroben Milieu noch nicht ausreichend beschrieben. Unterschieden werden bisher Anmoor und die Humusformen nat\u00fcrlicher Moore. F\u00fcr die Streuumsetzung auf organischen und mineralischen Mudden mit anerobem Milieu sind bisher keine Humusformen beschrieben.<\/p>\n<p><a href=\"https:\/\/www.humusformen.de\/?page_id=257\" rel=\"nofollow \">Klasse Anmoor<\/a><\/p>\n<p><a href=\"https:\/\/www.humusformen.de\/?page_id=260\" rel=\"nofollow \">Klasse Humusformen Nat\u00fcrlicher Moore (mit rezenter Torfbildung)<\/a><\/p>\n<p>&nbsp;<\/p>\n","protected":false},"excerpt":{"rendered":"<p>Abteilung Hydromorphe Humusformen Hydromorphe Humusformen entstehen unter dem Einfluss von langfristig hoch anstehendem Grund-, Stau- oder Regenwasser. Typisch sind Phasen mit Wasser\u00fcberstau. In Abh\u00e4ngigkeit von der Streuzersetzbarkeit und dem Wasserregime wird die anfallende Streu unterschiedlich stark humifiziert, so dass sich &hellip; <a href=\"https:\/\/www.humusformen.de\/?page_id=176\">Weiterlesen <span class=\"meta-nav\">&rarr;<\/span><\/a><\/p>\n","protected":false},"author":1,"featured_media":0,"parent":113,"menu_order":3,"comment_status":"closed","ping_status":"closed","template":"","meta":{"footnotes":""},"yoast_head":"<!-- This site is optimized with the Yoast SEO plugin v21.7 - https:\/\/yoast.com\/wordpress\/plugins\/seo\/ -->\n<title>Hydromorphe Humusformen - Humusformen<\/title>\n<meta name=\"robots\" content=\"index, follow, max-snippet:-1, max-image-preview:large, max-video-preview:-1\" \/>\n<link rel=\"canonical\" href=\"https:\/\/www.humusformen.de\/?page_id=176\" \/>\n<meta property=\"og:locale\" content=\"de_DE\" \/>\n<meta property=\"og:type\" content=\"article\" \/>\n<meta property=\"og:title\" content=\"Hydromorphe Humusformen - Humusformen\" \/>\n<meta property=\"og:description\" content=\"Abteilung Hydromorphe Humusformen Hydromorphe Humusformen entstehen unter dem Einfluss von langfristig hoch anstehendem Grund-, Stau- oder Regenwasser. Typisch sind Phasen mit Wasser\u00fcberstau. In Abh\u00e4ngigkeit von der Streuzersetzbarkeit und dem Wasserregime wird die anfallende Streu unterschiedlich stark humifiziert, so dass sich &hellip; Weiterlesen &rarr;\" \/>\n<meta property=\"og:url\" content=\"https:\/\/www.humusformen.de\/?page_id=176\" \/>\n<meta property=\"og:site_name\" content=\"Humusformen\" \/>\n<meta property=\"article:modified_time\" content=\"2023-09-13T13:18:43+00:00\" \/>\n<meta name=\"twitter:card\" content=\"summary_large_image\" \/>\n<meta name=\"twitter:label1\" content=\"Gesch\u00e4tzte Lesezeit\" \/>\n\t<meta name=\"twitter:data1\" content=\"1 Minute\" \/>\n<script type=\"application\/ld+json\" class=\"yoast-schema-graph\">{\"@context\":\"https:\/\/schema.org\",\"@graph\":[{\"@type\":\"WebPage\",\"@id\":\"https:\/\/www.humusformen.de\/?page_id=176\",\"url\":\"https:\/\/www.humusformen.de\/?page_id=176\",\"name\":\"Hydromorphe Humusformen - Humusformen\",\"isPartOf\":{\"@id\":\"https:\/\/www.humusformen.de\/#website\"},\"datePublished\":\"2021-11-07T16:57:19+00:00\",\"dateModified\":\"2023-09-13T13:18:43+00:00\",\"breadcrumb\":{\"@id\":\"https:\/\/www.humusformen.de\/?page_id=176#breadcrumb\"},\"inLanguage\":\"de-DE\",\"potentialAction\":[{\"@type\":\"ReadAction\",\"target\":[\"https:\/\/www.humusformen.de\/?page_id=176\"]}]},{\"@type\":\"BreadcrumbList\",\"@id\":\"https:\/\/www.humusformen.de\/?page_id=176#breadcrumb\",\"itemListElement\":[{\"@type\":\"ListItem\",\"position\":1,\"name\":\"Startseite\",\"item\":\"https:\/\/www.humusformen.de\/\"},{\"@type\":\"ListItem\",\"position\":2,\"name\":\"Humusformen\",\"item\":\"https:\/\/www.humusformen.de\/?page_id=113\"},{\"@type\":\"ListItem\",\"position\":3,\"name\":\"Hydromorphe Humusformen\"}]},{\"@type\":\"WebSite\",\"@id\":\"https:\/\/www.humusformen.de\/#website\",\"url\":\"https:\/\/www.humusformen.de\/\",\"name\":\"Humusformen\",\"description\":\"AG Humusformen der Deutschen Bodenkundlichen Gesellschaft\",\"potentialAction\":[{\"@type\":\"SearchAction\",\"target\":{\"@type\":\"EntryPoint\",\"urlTemplate\":\"https:\/\/www.humusformen.de\/?s={search_term_string}\"},\"query-input\":\"required name=search_term_string\"}],\"inLanguage\":\"de-DE\"}]}<\/script>\n<!-- \/ Yoast SEO plugin. -->","yoast_head_json":{"title":"Hydromorphe Humusformen - Humusformen","robots":{"index":"index","follow":"follow","max-snippet":"max-snippet:-1","max-image-preview":"max-image-preview:large","max-video-preview":"max-video-preview:-1"},"canonical":"https:\/\/www.humusformen.de\/?page_id=176","og_locale":"de_DE","og_type":"article","og_title":"Hydromorphe Humusformen - Humusformen","og_description":"Abteilung Hydromorphe Humusformen Hydromorphe Humusformen entstehen unter dem Einfluss von langfristig hoch anstehendem Grund-, Stau- oder Regenwasser. Typisch sind Phasen mit Wasser\u00fcberstau. In Abh\u00e4ngigkeit von der Streuzersetzbarkeit und dem Wasserregime wird die anfallende Streu unterschiedlich stark humifiziert, so dass sich &hellip; Weiterlesen &rarr;","og_url":"https:\/\/www.humusformen.de\/?page_id=176","og_site_name":"Humusformen","article_modified_time":"2023-09-13T13:18:43+00:00","twitter_card":"summary_large_image","twitter_misc":{"Gesch\u00e4tzte Lesezeit":"1 Minute"},"schema":{"@context":"https:\/\/schema.org","@graph":[{"@type":"WebPage","@id":"https:\/\/www.humusformen.de\/?page_id=176","url":"https:\/\/www.humusformen.de\/?page_id=176","name":"Hydromorphe Humusformen - Humusformen","isPartOf":{"@id":"https:\/\/www.humusformen.de\/#website"},"datePublished":"2021-11-07T16:57:19+00:00","dateModified":"2023-09-13T13:18:43+00:00","breadcrumb":{"@id":"https:\/\/www.humusformen.de\/?page_id=176#breadcrumb"},"inLanguage":"de-DE","potentialAction":[{"@type":"ReadAction","target":["https:\/\/www.humusformen.de\/?page_id=176"]}]},{"@type":"BreadcrumbList","@id":"https:\/\/www.humusformen.de\/?page_id=176#breadcrumb","itemListElement":[{"@type":"ListItem","position":1,"name":"Startseite","item":"https:\/\/www.humusformen.de\/"},{"@type":"ListItem","position":2,"name":"Humusformen","item":"https:\/\/www.humusformen.de\/?page_id=113"},{"@type":"ListItem","position":3,"name":"Hydromorphe Humusformen"}]},{"@type":"WebSite","@id":"https:\/\/www.humusformen.de\/#website","url":"https:\/\/www.humusformen.de\/","name":"Humusformen","description":"AG Humusformen der Deutschen Bodenkundlichen Gesellschaft","potentialAction":[{"@type":"SearchAction","target":{"@type":"EntryPoint","urlTemplate":"https:\/\/www.humusformen.de\/?s={search_term_string}"},"query-input":"required name=search_term_string"}],"inLanguage":"de-DE"}]}},"_links":{"self":[{"href":"https:\/\/www.humusformen.de\/index.php?rest_route=\/wp\/v2\/pages\/176"}],"collection":[{"href":"https:\/\/www.humusformen.de\/index.php?rest_route=\/wp\/v2\/pages"}],"about":[{"href":"https:\/\/www.humusformen.de\/index.php?rest_route=\/wp\/v2\/types\/page"}],"author":[{"embeddable":true,"href":"https:\/\/www.humusformen.de\/index.php?rest_route=\/wp\/v2\/users\/1"}],"replies":[{"embeddable":true,"href":"https:\/\/www.humusformen.de\/index.php?rest_route=%2Fwp%2Fv2%2Fcomments&post=176"}],"version-history":[{"count":6,"href":"https:\/\/www.humusformen.de\/index.php?rest_route=\/wp\/v2\/pages\/176\/revisions"}],"predecessor-version":[{"id":289,"href":"https:\/\/www.humusformen.de\/index.php?rest_route=\/wp\/v2\/pages\/176\/revisions\/289"}],"up":[{"embeddable":true,"href":"https:\/\/www.humusformen.de\/index.php?rest_route=\/wp\/v2\/pages\/113"}],"wp:attachment":[{"href":"https:\/\/www.humusformen.de\/index.php?rest_route=%2Fwp%2Fv2%2Fmedia&parent=176"}],"curies":[{"name":"wp","href":"https:\/\/api.w.org\/{rel}","templated":true}]}}