{"id":170,"date":"2021-11-07T17:54:47","date_gmt":"2021-11-07T16:54:47","guid":{"rendered":"https:\/\/www.humusformen.de\/?page_id=170"},"modified":"2023-09-13T14:55:45","modified_gmt":"2023-09-13T12:55:45","slug":"auflage-humusformen","status":"publish","type":"page","link":"https:\/\/www.humusformen.de\/?page_id=170","title":{"rendered":"Auflage-Humusformen"},"content":{"rendered":"<p>Zur Klasse der <strong>Auflage-Humusformen <\/strong>\u00a0geh\u00f6ren die Humusformentypen Moder und Rohhumus. Auflage-Humusformen besitzen stets Ol-, Of- und Oh-Horizonte. Je nach Intensit\u00e4t der Streuzersetzung k\u00f6nnen Oh-Horizonte unterschiedliche Lagerungsformen von pulvrig-br\u00f6ckelig bis scharfkantig brechbar aufweisen.<\/p>\n<div id=\"attachment_41\" style=\"width: 310px\" class=\"wp-caption aligncenter\"><a href=\"https:\/\/www.humusformen.de\/wp-content\/uploads\/2021\/11\/Beprobung-04.jpg\"><img loading=\"lazy\" decoding=\"async\" aria-describedby=\"caption-attachment-41\" class=\"wp-image-41 size-medium\" src=\"https:\/\/www.humusformen.de\/wp-content\/uploads\/2021\/11\/Beprobung-04-300x224.jpg\" alt=\"\" width=\"300\" height=\"224\" srcset=\"https:\/\/www.humusformen.de\/wp-content\/uploads\/2021\/11\/Beprobung-04-300x224.jpg 300w, https:\/\/www.humusformen.de\/wp-content\/uploads\/2021\/11\/Beprobung-04-1024x766.jpg 1024w, https:\/\/www.humusformen.de\/wp-content\/uploads\/2021\/11\/Beprobung-04-768x575.jpg 768w, https:\/\/www.humusformen.de\/wp-content\/uploads\/2021\/11\/Beprobung-04-1536x1149.jpg 1536w, https:\/\/www.humusformen.de\/wp-content\/uploads\/2021\/11\/Beprobung-04-2048x1532.jpg 2048w, https:\/\/www.humusformen.de\/wp-content\/uploads\/2021\/11\/Beprobung-04-401x300.jpg 401w\" sizes=\"(max-width: 300px) 100vw, 300px\" \/><\/a><p id=\"caption-attachment-41\" class=\"wp-caption-text\">filmartiger pulvriger Oih-Horizont eines Mullartigen Moders, \u00a9 Gerhard Milbert<\/p><\/div>\n<p>Humusformentyp <a href=\"https:\/\/www.humusformen.de\/?page_id=229\">Moder<\/a><\/p>\n<p>Humusformentyp <a href=\"https:\/\/www.humusformen.de\/?page_id=232\" rel=\"noopener\">Rohhumus<\/a><\/p>\n","protected":false},"excerpt":{"rendered":"<p>Zur Klasse der Auflage-Humusformen \u00a0geh\u00f6ren die Humusformentypen Moder und Rohhumus. Auflage-Humusformen besitzen stets Ol-, Of- und Oh-Horizonte. Je nach Intensit\u00e4t der Streuzersetzung k\u00f6nnen Oh-Horizonte unterschiedliche Lagerungsformen von pulvrig-br\u00f6ckelig bis scharfkantig brechbar aufweisen. Humusformentyp Moder Humusformentyp Rohhumus<\/p>\n","protected":false},"author":1,"featured_media":0,"parent":113,"menu_order":2,"comment_status":"closed","ping_status":"closed","template":"","meta":{"footnotes":""},"yoast_head":"<!-- This site is optimized with the Yoast SEO plugin v21.7 - https:\/\/yoast.com\/wordpress\/plugins\/seo\/ -->\n<title>Auflage-Humusformen - Humusformen<\/title>\n<meta name=\"robots\" content=\"index, follow, max-snippet:-1, max-image-preview:large, max-video-preview:-1\" \/>\n<link rel=\"canonical\" href=\"https:\/\/www.humusformen.de\/?page_id=170\" \/>\n<meta property=\"og:locale\" content=\"de_DE\" \/>\n<meta property=\"og:type\" content=\"article\" \/>\n<meta property=\"og:title\" content=\"Auflage-Humusformen - Humusformen\" \/>\n<meta property=\"og:description\" content=\"Zur Klasse der Auflage-Humusformen \u00a0geh\u00f6ren die Humusformentypen Moder und Rohhumus. Auflage-Humusformen besitzen stets Ol-, Of- und Oh-Horizonte. Je nach Intensit\u00e4t der Streuzersetzung k\u00f6nnen Oh-Horizonte unterschiedliche Lagerungsformen von pulvrig-br\u00f6ckelig bis scharfkantig brechbar aufweisen. Humusformentyp Moder Humusformentyp Rohhumus\" \/>\n<meta property=\"og:url\" content=\"https:\/\/www.humusformen.de\/?page_id=170\" \/>\n<meta property=\"og:site_name\" content=\"Humusformen\" \/>\n<meta property=\"article:modified_time\" content=\"2023-09-13T12:55:45+00:00\" \/>\n<meta property=\"og:image\" content=\"https:\/\/www.humusformen.de\/wp-content\/uploads\/2021\/11\/Beprobung-04-300x224.jpg\" \/>\n<meta name=\"twitter:card\" content=\"summary_large_image\" \/>\n<meta name=\"twitter:label1\" content=\"Gesch\u00e4tzte Lesezeit\" \/>\n\t<meta name=\"twitter:data1\" content=\"1 Minute\" \/>\n<script type=\"application\/ld+json\" class=\"yoast-schema-graph\">{\"@context\":\"https:\/\/schema.org\",\"@graph\":[{\"@type\":\"WebPage\",\"@id\":\"https:\/\/www.humusformen.de\/?page_id=170\",\"url\":\"https:\/\/www.humusformen.de\/?page_id=170\",\"name\":\"Auflage-Humusformen - Humusformen\",\"isPartOf\":{\"@id\":\"https:\/\/www.humusformen.de\/#website\"},\"datePublished\":\"2021-11-07T16:54:47+00:00\",\"dateModified\":\"2023-09-13T12:55:45+00:00\",\"breadcrumb\":{\"@id\":\"https:\/\/www.humusformen.de\/?page_id=170#breadcrumb\"},\"inLanguage\":\"de-DE\",\"potentialAction\":[{\"@type\":\"ReadAction\",\"target\":[\"https:\/\/www.humusformen.de\/?page_id=170\"]}]},{\"@type\":\"BreadcrumbList\",\"@id\":\"https:\/\/www.humusformen.de\/?page_id=170#breadcrumb\",\"itemListElement\":[{\"@type\":\"ListItem\",\"position\":1,\"name\":\"Startseite\",\"item\":\"https:\/\/www.humusformen.de\/\"},{\"@type\":\"ListItem\",\"position\":2,\"name\":\"Humusformen\",\"item\":\"https:\/\/www.humusformen.de\/?page_id=113\"},{\"@type\":\"ListItem\",\"position\":3,\"name\":\"Auflage-Humusformen\"}]},{\"@type\":\"WebSite\",\"@id\":\"https:\/\/www.humusformen.de\/#website\",\"url\":\"https:\/\/www.humusformen.de\/\",\"name\":\"Humusformen\",\"description\":\"AG Humusformen der Deutschen Bodenkundlichen Gesellschaft\",\"potentialAction\":[{\"@type\":\"SearchAction\",\"target\":{\"@type\":\"EntryPoint\",\"urlTemplate\":\"https:\/\/www.humusformen.de\/?s={search_term_string}\"},\"query-input\":\"required name=search_term_string\"}],\"inLanguage\":\"de-DE\"}]}<\/script>\n<!-- \/ Yoast SEO plugin. -->","yoast_head_json":{"title":"Auflage-Humusformen - Humusformen","robots":{"index":"index","follow":"follow","max-snippet":"max-snippet:-1","max-image-preview":"max-image-preview:large","max-video-preview":"max-video-preview:-1"},"canonical":"https:\/\/www.humusformen.de\/?page_id=170","og_locale":"de_DE","og_type":"article","og_title":"Auflage-Humusformen - Humusformen","og_description":"Zur Klasse der Auflage-Humusformen \u00a0geh\u00f6ren die Humusformentypen Moder und Rohhumus. Auflage-Humusformen besitzen stets Ol-, Of- und Oh-Horizonte. Je nach Intensit\u00e4t der Streuzersetzung k\u00f6nnen Oh-Horizonte unterschiedliche Lagerungsformen von pulvrig-br\u00f6ckelig bis scharfkantig brechbar aufweisen. Humusformentyp Moder Humusformentyp Rohhumus","og_url":"https:\/\/www.humusformen.de\/?page_id=170","og_site_name":"Humusformen","article_modified_time":"2023-09-13T12:55:45+00:00","og_image":[{"url":"https:\/\/www.humusformen.de\/wp-content\/uploads\/2021\/11\/Beprobung-04-300x224.jpg"}],"twitter_card":"summary_large_image","twitter_misc":{"Gesch\u00e4tzte Lesezeit":"1 Minute"},"schema":{"@context":"https:\/\/schema.org","@graph":[{"@type":"WebPage","@id":"https:\/\/www.humusformen.de\/?page_id=170","url":"https:\/\/www.humusformen.de\/?page_id=170","name":"Auflage-Humusformen - Humusformen","isPartOf":{"@id":"https:\/\/www.humusformen.de\/#website"},"datePublished":"2021-11-07T16:54:47+00:00","dateModified":"2023-09-13T12:55:45+00:00","breadcrumb":{"@id":"https:\/\/www.humusformen.de\/?page_id=170#breadcrumb"},"inLanguage":"de-DE","potentialAction":[{"@type":"ReadAction","target":["https:\/\/www.humusformen.de\/?page_id=170"]}]},{"@type":"BreadcrumbList","@id":"https:\/\/www.humusformen.de\/?page_id=170#breadcrumb","itemListElement":[{"@type":"ListItem","position":1,"name":"Startseite","item":"https:\/\/www.humusformen.de\/"},{"@type":"ListItem","position":2,"name":"Humusformen","item":"https:\/\/www.humusformen.de\/?page_id=113"},{"@type":"ListItem","position":3,"name":"Auflage-Humusformen"}]},{"@type":"WebSite","@id":"https:\/\/www.humusformen.de\/#website","url":"https:\/\/www.humusformen.de\/","name":"Humusformen","description":"AG Humusformen der Deutschen Bodenkundlichen Gesellschaft","potentialAction":[{"@type":"SearchAction","target":{"@type":"EntryPoint","urlTemplate":"https:\/\/www.humusformen.de\/?s={search_term_string}"},"query-input":"required name=search_term_string"}],"inLanguage":"de-DE"}]}},"_links":{"self":[{"href":"https:\/\/www.humusformen.de\/index.php?rest_route=\/wp\/v2\/pages\/170"}],"collection":[{"href":"https:\/\/www.humusformen.de\/index.php?rest_route=\/wp\/v2\/pages"}],"about":[{"href":"https:\/\/www.humusformen.de\/index.php?rest_route=\/wp\/v2\/types\/page"}],"author":[{"embeddable":true,"href":"https:\/\/www.humusformen.de\/index.php?rest_route=\/wp\/v2\/users\/1"}],"replies":[{"embeddable":true,"href":"https:\/\/www.humusformen.de\/index.php?rest_route=%2Fwp%2Fv2%2Fcomments&post=170"}],"version-history":[{"count":12,"href":"https:\/\/www.humusformen.de\/index.php?rest_route=\/wp\/v2\/pages\/170\/revisions"}],"predecessor-version":[{"id":1034,"href":"https:\/\/www.humusformen.de\/index.php?rest_route=\/wp\/v2\/pages\/170\/revisions\/1034"}],"up":[{"embeddable":true,"href":"https:\/\/www.humusformen.de\/index.php?rest_route=\/wp\/v2\/pages\/113"}],"wp:attachment":[{"href":"https:\/\/www.humusformen.de\/index.php?rest_route=%2Fwp%2Fv2%2Fmedia&parent=170"}],"curies":[{"name":"wp","href":"https:\/\/api.w.org\/{rel}","templated":true}]}}