{"id":168,"date":"2021-11-07T17:54:27","date_gmt":"2021-11-07T16:54:27","guid":{"rendered":"https:\/\/www.humusformen.de\/?page_id=168"},"modified":"2023-09-13T14:51:51","modified_gmt":"2023-09-13T12:51:51","slug":"mull-humusformen","status":"publish","type":"page","link":"https:\/\/www.humusformen.de\/?page_id=168","title":{"rendered":"Mull-Humusformen"},"content":{"rendered":"<p>In Mull-Humusformen \u00fcberwiegen im Edaphon Zerkleinerer der Streu und Tiere mit deutlich bioturbater Aktivit\u00e4t, besonders Regenw\u00fcrmer, Kleinringelw\u00fcrmer und bodenmischende Arthropoden wie Asseln, Tausendf\u00fc\u00dfer und Dipterenlarven. Die Zersetzbarkeit der Streu ist gut bis sehr gut. Die C\/N-Verh\u00e4ltnisse in den A-Horizonten sind eng (&lt; 15). Die Streuzersetzung und Einarbeitung in den Ax-, Au- bzw. Ah- und in tiefer liegende Horizonte verl\u00e4uft rasch. Meist besitzen die A-Horizonte ein stabiles Kr\u00fcmel- und Subpolyeder- bis Polyedergef\u00fcge. In sandigen B\u00f6den konnen die gef\u00fcgeformen im Ah-Horizont\u00a0 auch schwach ausepr\u00e4gt und labil sein. Auch bei starker Befeuchtung sind die Gef\u00fcgeelemente weitgehend stabil. Die gebildeten Humusstoffe sind hochpolymer und nicht wanderungsf\u00e4hig. Der A-Horizont ist gleichm\u00e4\u00dfig gef\u00e4rbt (z. B. 10YR 4\/1 bis 3\/1 oder 10YR 3\/2 bis 2\/2). Of-Horizonte k\u00f6nnen auftreten. Der Ol-Horizont kann schon vor Beginn des neuen Laubfalls aufgezehrt sein.<\/p>\n<p><a href=\"https:\/\/www.humusformen.de\/?page_id=240\" rel=\"nofollow \">Typ L-Mull<\/a><\/p>\n<p><a href=\"https:\/\/www.humusformen.de\/?page_id=244&amp;preview=true\" rel=\"nofollow \">Typ F-Mull<\/a><\/p>\n<p>&nbsp;<\/p>\n","protected":false},"excerpt":{"rendered":"<p>In Mull-Humusformen \u00fcberwiegen im Edaphon Zerkleinerer der Streu und Tiere mit deutlich bioturbater Aktivit\u00e4t, besonders Regenw\u00fcrmer, Kleinringelw\u00fcrmer und bodenmischende Arthropoden wie Asseln, Tausendf\u00fc\u00dfer und Dipterenlarven. Die Zersetzbarkeit der Streu ist gut bis sehr gut. Die C\/N-Verh\u00e4ltnisse in den A-Horizonten sind &hellip; <a href=\"https:\/\/www.humusformen.de\/?page_id=168\">Weiterlesen <span class=\"meta-nav\">&rarr;<\/span><\/a><\/p>\n","protected":false},"author":1,"featured_media":0,"parent":113,"menu_order":1,"comment_status":"closed","ping_status":"closed","template":"","meta":{"footnotes":""},"yoast_head":"<!-- This site is optimized with the Yoast SEO plugin v21.7 - https:\/\/yoast.com\/wordpress\/plugins\/seo\/ -->\n<title>Mull-Humusformen - Humusformen<\/title>\n<meta name=\"robots\" content=\"index, follow, max-snippet:-1, max-image-preview:large, max-video-preview:-1\" \/>\n<link rel=\"canonical\" href=\"https:\/\/www.humusformen.de\/?page_id=168\" \/>\n<meta property=\"og:locale\" content=\"de_DE\" \/>\n<meta property=\"og:type\" content=\"article\" \/>\n<meta property=\"og:title\" content=\"Mull-Humusformen - Humusformen\" \/>\n<meta property=\"og:description\" content=\"In Mull-Humusformen \u00fcberwiegen im Edaphon Zerkleinerer der Streu und Tiere mit deutlich bioturbater Aktivit\u00e4t, besonders Regenw\u00fcrmer, Kleinringelw\u00fcrmer und bodenmischende Arthropoden wie Asseln, Tausendf\u00fc\u00dfer und Dipterenlarven. Die Zersetzbarkeit der Streu ist gut bis sehr gut. Die C\/N-Verh\u00e4ltnisse in den A-Horizonten sind &hellip; Weiterlesen &rarr;\" \/>\n<meta property=\"og:url\" content=\"https:\/\/www.humusformen.de\/?page_id=168\" \/>\n<meta property=\"og:site_name\" content=\"Humusformen\" \/>\n<meta property=\"article:modified_time\" content=\"2023-09-13T12:51:51+00:00\" \/>\n<meta name=\"twitter:card\" content=\"summary_large_image\" \/>\n<meta name=\"twitter:label1\" content=\"Gesch\u00e4tzte Lesezeit\" \/>\n\t<meta name=\"twitter:data1\" content=\"1 Minute\" \/>\n<script type=\"application\/ld+json\" class=\"yoast-schema-graph\">{\"@context\":\"https:\/\/schema.org\",\"@graph\":[{\"@type\":\"WebPage\",\"@id\":\"https:\/\/www.humusformen.de\/?page_id=168\",\"url\":\"https:\/\/www.humusformen.de\/?page_id=168\",\"name\":\"Mull-Humusformen - Humusformen\",\"isPartOf\":{\"@id\":\"https:\/\/www.humusformen.de\/#website\"},\"datePublished\":\"2021-11-07T16:54:27+00:00\",\"dateModified\":\"2023-09-13T12:51:51+00:00\",\"breadcrumb\":{\"@id\":\"https:\/\/www.humusformen.de\/?page_id=168#breadcrumb\"},\"inLanguage\":\"de-DE\",\"potentialAction\":[{\"@type\":\"ReadAction\",\"target\":[\"https:\/\/www.humusformen.de\/?page_id=168\"]}]},{\"@type\":\"BreadcrumbList\",\"@id\":\"https:\/\/www.humusformen.de\/?page_id=168#breadcrumb\",\"itemListElement\":[{\"@type\":\"ListItem\",\"position\":1,\"name\":\"Startseite\",\"item\":\"https:\/\/www.humusformen.de\/\"},{\"@type\":\"ListItem\",\"position\":2,\"name\":\"Humusformen\",\"item\":\"https:\/\/www.humusformen.de\/?page_id=113\"},{\"@type\":\"ListItem\",\"position\":3,\"name\":\"Mull-Humusformen\"}]},{\"@type\":\"WebSite\",\"@id\":\"https:\/\/www.humusformen.de\/#website\",\"url\":\"https:\/\/www.humusformen.de\/\",\"name\":\"Humusformen\",\"description\":\"AG Humusformen der Deutschen Bodenkundlichen Gesellschaft\",\"potentialAction\":[{\"@type\":\"SearchAction\",\"target\":{\"@type\":\"EntryPoint\",\"urlTemplate\":\"https:\/\/www.humusformen.de\/?s={search_term_string}\"},\"query-input\":\"required name=search_term_string\"}],\"inLanguage\":\"de-DE\"}]}<\/script>\n<!-- \/ Yoast SEO plugin. -->","yoast_head_json":{"title":"Mull-Humusformen - Humusformen","robots":{"index":"index","follow":"follow","max-snippet":"max-snippet:-1","max-image-preview":"max-image-preview:large","max-video-preview":"max-video-preview:-1"},"canonical":"https:\/\/www.humusformen.de\/?page_id=168","og_locale":"de_DE","og_type":"article","og_title":"Mull-Humusformen - Humusformen","og_description":"In Mull-Humusformen \u00fcberwiegen im Edaphon Zerkleinerer der Streu und Tiere mit deutlich bioturbater Aktivit\u00e4t, besonders Regenw\u00fcrmer, Kleinringelw\u00fcrmer und bodenmischende Arthropoden wie Asseln, Tausendf\u00fc\u00dfer und Dipterenlarven. Die Zersetzbarkeit der Streu ist gut bis sehr gut. Die C\/N-Verh\u00e4ltnisse in den A-Horizonten sind &hellip; Weiterlesen &rarr;","og_url":"https:\/\/www.humusformen.de\/?page_id=168","og_site_name":"Humusformen","article_modified_time":"2023-09-13T12:51:51+00:00","twitter_card":"summary_large_image","twitter_misc":{"Gesch\u00e4tzte Lesezeit":"1 Minute"},"schema":{"@context":"https:\/\/schema.org","@graph":[{"@type":"WebPage","@id":"https:\/\/www.humusformen.de\/?page_id=168","url":"https:\/\/www.humusformen.de\/?page_id=168","name":"Mull-Humusformen - Humusformen","isPartOf":{"@id":"https:\/\/www.humusformen.de\/#website"},"datePublished":"2021-11-07T16:54:27+00:00","dateModified":"2023-09-13T12:51:51+00:00","breadcrumb":{"@id":"https:\/\/www.humusformen.de\/?page_id=168#breadcrumb"},"inLanguage":"de-DE","potentialAction":[{"@type":"ReadAction","target":["https:\/\/www.humusformen.de\/?page_id=168"]}]},{"@type":"BreadcrumbList","@id":"https:\/\/www.humusformen.de\/?page_id=168#breadcrumb","itemListElement":[{"@type":"ListItem","position":1,"name":"Startseite","item":"https:\/\/www.humusformen.de\/"},{"@type":"ListItem","position":2,"name":"Humusformen","item":"https:\/\/www.humusformen.de\/?page_id=113"},{"@type":"ListItem","position":3,"name":"Mull-Humusformen"}]},{"@type":"WebSite","@id":"https:\/\/www.humusformen.de\/#website","url":"https:\/\/www.humusformen.de\/","name":"Humusformen","description":"AG Humusformen der Deutschen Bodenkundlichen Gesellschaft","potentialAction":[{"@type":"SearchAction","target":{"@type":"EntryPoint","urlTemplate":"https:\/\/www.humusformen.de\/?s={search_term_string}"},"query-input":"required name=search_term_string"}],"inLanguage":"de-DE"}]}},"_links":{"self":[{"href":"https:\/\/www.humusformen.de\/index.php?rest_route=\/wp\/v2\/pages\/168"}],"collection":[{"href":"https:\/\/www.humusformen.de\/index.php?rest_route=\/wp\/v2\/pages"}],"about":[{"href":"https:\/\/www.humusformen.de\/index.php?rest_route=\/wp\/v2\/types\/page"}],"author":[{"embeddable":true,"href":"https:\/\/www.humusformen.de\/index.php?rest_route=\/wp\/v2\/users\/1"}],"replies":[{"embeddable":true,"href":"https:\/\/www.humusformen.de\/index.php?rest_route=%2Fwp%2Fv2%2Fcomments&post=168"}],"version-history":[{"count":6,"href":"https:\/\/www.humusformen.de\/index.php?rest_route=\/wp\/v2\/pages\/168\/revisions"}],"predecessor-version":[{"id":881,"href":"https:\/\/www.humusformen.de\/index.php?rest_route=\/wp\/v2\/pages\/168\/revisions\/881"}],"up":[{"embeddable":true,"href":"https:\/\/www.humusformen.de\/index.php?rest_route=\/wp\/v2\/pages\/113"}],"wp:attachment":[{"href":"https:\/\/www.humusformen.de\/index.php?rest_route=%2Fwp%2Fv2%2Fmedia&parent=168"}],"curies":[{"name":"wp","href":"https:\/\/api.w.org\/{rel}","templated":true}]}}