{"id":153,"date":"2021-11-07T17:49:36","date_gmt":"2021-11-07T16:49:36","guid":{"rendered":"https:\/\/www.humusformen.de\/?page_id=153"},"modified":"2023-09-13T15:57:59","modified_gmt":"2023-09-13T13:57:59","slug":"h-horizonte-durch-torfbildung-entstanden","status":"publish","type":"page","link":"https:\/\/www.humusformen.de\/?page_id=153","title":{"rendered":"H-Horizonte"},"content":{"rendered":"\r\n<div class=\"wp-block-columns is-layout-flex wp-container-core-columns-layout-1 wp-block-columns-is-layout-flex\">\r\n<div class=\"wp-block-column is-layout-flow wp-block-column-is-layout-flow\">\r\n<p><strong>Hn-Horizont<br \/><\/strong>H-Horizont des Oberbodens mit aktueller Torfbildung aus den abgestorbenen Resten torfbildender Moose und torfbildender h\u00f6herer Pflanzen. Im Schwankungsbereich von Moor-, Stau-, oder Grundwasser und zeitweiligem \u00dcberstau. Die organische Substanz besteht aus \u00e4u\u00dferst gering bis vollst\u00e4ndig humifizierten Pflanzenresten [n von neu].<\/p>\r\n\r\n\r\n\r\n<ul>\r\n<li>ganzj\u00e4hrig bis \u00fcberwiegend wasserges\u00e4ttigt oder \u00fcberstaut und<\/li>\r\n<li>unter \u00fcberwiegend anaeroben und nur sehr kurzzeitig aeroben Verh\u00e4ltnissen entstanden und<\/li>\r\n<li>Torfbildung durch unvollst\u00e4ndige Zersetzung von Pflanzenresten und<\/li>\r\n<li>dichtes elastisches Geflecht aus lebenden, luftf\u00fchrenden Pflanzenwurzeln oder basalen Abschnitten der Moossprossen und7. kein Absonderungsgef\u00fcge und<\/li>\r\n<li>aktuelle Vegetation dominant aus torfbildenden Pflanzen<\/li>\r\n<\/ul>\r\n\r\n\r\n\r\n<p>Hinweise:<\/p>\r\n\r\n\r\n\r\n<ul>\r\n<li>Die Untergrenze des Hn-Horizonts liegt dort, wo die organische Substanz \u2013 au\u00dfer ggf. einer weiteren Erh\u00f6hung des Substanzvolumens &#8211; keine weitere Ver\u00e4nderung mehr erf\u00e4hrt.<\/li>\r\n<li>F\u00fcr die folgende Untergliederung in Hfn-, Hen- oder Hhn-Horizonte zur Bildung von Moorhumusformen muss der Humifizierungsgrad im neugebildeten Material differenzierbar sein. Die Differenzierung des Hn-Horizontes wird verwendet, wenn Humusformen nat\u00fcrlicher Moore (mit rezenter Torfbildung) beschrieben werden. Handelt es sich um eine erkennbare, beginnende Torfneubildung in einem degradierten \u00e4lteren H-Horizont, wird ein rH..\u00b0Hn-Horizont beschrieben.<\/li>\r\n<\/ul>\r\n\r\n\r\n\r\n<p><strong>Bildung von Hn-Abweichungshorizonten<\/strong><\/p>\r\n\r\n\r\n\r\n<p><strong>Hfn\u00a0\u00a0\u00a0\u00a0\u00a0\u00a0\u00a0\u00a0\u00a0\u00a0\u00a0\u00a0\u00a0 <\/strong>Hn-Abweichungshorizont, Torfbildungshorizont, dauerhaft wasserges\u00e4ttigt oder \u00fcberstaut, \u00fcberwiegend anaerob mit sehr schwach aeroben Verh\u00e4ltnissen durch luftf\u00fchrende Wurzeln oder Wasserspiegelschwankungen; sehr deutlich erkennbare Pflanzenstrukturen im \u00e4u\u00dferst gering bis m\u00e4\u00dfig humifizierten Torf [f von fibrum, Faser].<br \/>Humifizierungsgrad nach von Post H1 \u2013 H4<\/p>\r\n<div id=\"attachment_724\" style=\"width: 205px\" class=\"wp-caption aligncenter\"><a href=\"https:\/\/www.humusformen.de\/wp-content\/uploads\/2021\/12\/DBG03_24_Hochmoor_schwach-zersetzter-Sphagnumtorf.jpg\"><img loading=\"lazy\" decoding=\"async\" aria-describedby=\"caption-attachment-724\" class=\"wp-image-724 size-medium\" src=\"https:\/\/www.humusformen.de\/wp-content\/uploads\/2021\/12\/DBG03_24_Hochmoor_schwach-zersetzter-Sphagnumtorf-195x300.jpg\" alt=\"\" width=\"195\" height=\"300\" srcset=\"https:\/\/www.humusformen.de\/wp-content\/uploads\/2021\/12\/DBG03_24_Hochmoor_schwach-zersetzter-Sphagnumtorf-195x300.jpg 195w, https:\/\/www.humusformen.de\/wp-content\/uploads\/2021\/12\/DBG03_24_Hochmoor_schwach-zersetzter-Sphagnumtorf-666x1024.jpg 666w, https:\/\/www.humusformen.de\/wp-content\/uploads\/2021\/12\/DBG03_24_Hochmoor_schwach-zersetzter-Sphagnumtorf-768x1181.jpg 768w, https:\/\/www.humusformen.de\/wp-content\/uploads\/2021\/12\/DBG03_24_Hochmoor_schwach-zersetzter-Sphagnumtorf-999x1536.jpg 999w, https:\/\/www.humusformen.de\/wp-content\/uploads\/2021\/12\/DBG03_24_Hochmoor_schwach-zersetzter-Sphagnumtorf.jpg 1050w\" sizes=\"(max-width: 195px) 100vw, 195px\" \/><\/a><p id=\"caption-attachment-724\" class=\"wp-caption-text\"><em>Hfn-Horizont aus abgestorbenem Torfmoos, sehr<\/em><br \/><em>gering humifiziert, Humusform:<\/em><br \/><em>stark saures Oligotrophes F-Moor, \u00a9Gerhard Milbert<\/em><\/p><\/div>\r\n<blockquote>\r\n<p style=\"text-align: center;\">\u00a0<\/p>\r\n<\/blockquote>\r\n\r\n\r\n\r\n<p><strong>Hen\u00a0\u00a0\u00a0\u00a0\u00a0\u00a0\u00a0\u00a0\u00a0\u00a0\u00a0\u00a0 <\/strong>Hn-Abweichungshorizont, Torfbildungshorizont, jahreszeitlich wasserges\u00e4ttigt oder \u00fcberstaut, \u00fcberwiegend anaerob mit saisonal schwach aeroben Verh\u00e4ltnissen durch luftf\u00fchrende Wurzeln und Wasserspiegelschwankungen; schwach deutlich bis undeutlich erkennbare Pflanzenstrukturen im mittel bis hoch humifizierten Torf [e f\u00fcr hemisys, halb].<br \/>Humifizierungsgrad nach von Post H5 \u2013 H7<\/p>\r\n\r\n\r\n\r\n<p><strong>Hhn\u00a0\u00a0\u00a0\u00a0\u00a0\u00a0\u00a0\u00a0\u00a0\u00a0\u00a0\u00a0 <\/strong>Hn-Abweichungshorizont, Torfbildungshorizont, im Jahresverlauf \u00fcberwiegend wasserges\u00e4ttigt oder \u00fcberstaut mit zeitweise aeroben Verh\u00e4ltnissen durch luftf\u00fchrende Wurzeln und Wasserspiegelschwankungen oder Bel\u00fcftung; sehr undeutlich bis nicht mehr erkennbarer Pflanzenstruktur im sehr hoch bis vollst\u00e4ndig humifizierten Torf [h von humic, humifiziert].<br \/>Humifizierungsgrad nach von Post H8 \u2013 H10<\/p>\r\n<blockquote>\r\n<div id=\"attachment_819\" style=\"width: 234px\" class=\"wp-caption aligncenter\"><a href=\"https:\/\/www.humusformen.de\/wp-content\/uploads\/2021\/12\/cropped-oligotrophes-H-Moor.jpg\"><img loading=\"lazy\" decoding=\"async\" aria-describedby=\"caption-attachment-819\" class=\"wp-image-819 size-medium\" src=\"https:\/\/www.humusformen.de\/wp-content\/uploads\/2021\/12\/cropped-oligotrophes-H-Moor-224x300.jpg\" alt=\"\" width=\"224\" height=\"300\" srcset=\"https:\/\/www.humusformen.de\/wp-content\/uploads\/2021\/12\/cropped-oligotrophes-H-Moor-224x300.jpg 224w, https:\/\/www.humusformen.de\/wp-content\/uploads\/2021\/12\/cropped-oligotrophes-H-Moor-765x1024.jpg 765w, https:\/\/www.humusformen.de\/wp-content\/uploads\/2021\/12\/cropped-oligotrophes-H-Moor-768x1028.jpg 768w, https:\/\/www.humusformen.de\/wp-content\/uploads\/2021\/12\/cropped-oligotrophes-H-Moor.jpg 1000w\" sizes=\"(max-width: 224px) 100vw, 224px\" \/><\/a><p id=\"caption-attachment-819\" class=\"wp-caption-text\"><em>Sickernasses Niedermoor mit nHhn-Horizont,<\/em><br \/><em>Quellgebiet der Eder im Sauerland,<\/em><br \/><em>\u00a9 Geologischer Dienst NRW<\/em><\/p><\/div>\r\n<p style=\"text-align: center;\">\u00a0<\/p>\r\n<\/blockquote>\r\n\r\n\r\n\r\n<p><strong>Weitere H-Horizonte<\/strong><\/p>\r\n\r\n\r\n\r\n<p><strong>Hw\u00a0\u00a0\u00a0\u00a0\u00a0\u00a0\u00a0\u00a0\u00a0\u00a0\u00a0\u00a0\u00a0\u00a0 <\/strong>H-Horizont des Ober- oder Unterbodens im Schwankungsbereich von Moor-, Stau- oder Grundwasser in dem und an dessen Obergrenze keine Torfbildung mehr stattfindet. [w von Wasser].<\/p>\r\n\r\n\r\n\r\n<ol>\r\n<li>Reste torfbildender Pflanzen bestimmbar, mit Ausnahme wiedervern\u00e4sster degradierter H-Horizonte und<\/li>\r\n<li>zeitweilig wasserges\u00e4ttigt und<\/li>\r\n<li>unter (zeitweise) oxidativen Verh\u00e4ltnissen entstanden und<\/li>\r\n<li>bei gleicher Torfart dunklere Farbe als der darunterliegende Horizont und<\/li>\r\n<li>kein Absonderungsgef\u00fcge und<\/li>\r\n<li>falls an der Bodenoberfl\u00e4che liegend, aktuelle Vegetation dominant mit nicht-torfbildenden Pflanzen<\/li>\r\n<\/ol>\r\n\r\n\r\n\r\n<p><strong>Hr\u00a0\u00a0\u00a0<\/strong>\u00a0\u00a0\u00a0\u00a0\u00a0\u00a0\u00a0\u00a0\u00a0\u00a0\u00a0\u00a0\u00a0 H-Horizont des Unterbodens im st\u00e4ndig wasserges\u00e4ttigten Bereich von Stau-, Moor- oder Grundwasser. St\u00e4ndiger Sauerstoffmangel infolge der Wassers\u00e4ttigung gestatten nur eine schwache anaerobe Zersetzung [r von reduziert].<\/p>\r\n\r\n\r\n\r\n<ol>\r\n<li>Reste torfbildender Pflanzen bestimmbar, mit Ausnahme wiedervern\u00e4sster degradierter H-Horizonte und<\/li>\r\n<li>st\u00e4ndig wasserges\u00e4ttigt und5. nach l\u00e4ngerem Luftzutritt nachdunkelnd und<\/li>\r\n<li>bei gleicher Torfart hellere Farben als der dar\u00fcberliegende Horizont und<\/li>\r\n<li>kein Absonderungsgef\u00fcge<\/li>\r\n<\/ol>\r\n<\/div>\r\n<\/div>\r\n","protected":false},"excerpt":{"rendered":"<p>Hn-HorizontH-Horizont des Oberbodens mit aktueller Torfbildung aus den abgestorbenen Resten torfbildender Moose und torfbildender h\u00f6herer Pflanzen. Im Schwankungsbereich von Moor-, Stau-, oder Grundwasser und zeitweiligem \u00dcberstau. Die organische Substanz besteht aus \u00e4u\u00dferst gering bis vollst\u00e4ndig humifizierten Pflanzenresten [n von neu]. &hellip; <a href=\"https:\/\/www.humusformen.de\/?page_id=153\">Weiterlesen <span class=\"meta-nav\">&rarr;<\/span><\/a><\/p>\n","protected":false},"author":1,"featured_media":0,"parent":109,"menu_order":2,"comment_status":"closed","ping_status":"closed","template":"","meta":{"footnotes":""},"yoast_head":"<!-- This site is optimized with the Yoast SEO plugin v21.7 - https:\/\/yoast.com\/wordpress\/plugins\/seo\/ -->\n<title>H-Horizonte - Humusformen<\/title>\n<meta name=\"description\" content=\"Definition der humusformenrelevanten Torf-Horizonte, Hn, Hw, Hv, Hm,Horizont mit rezenter Torfbildung: Hn, Differenzierung der-H-Horizonte an der Bodenoberfl\u00e4che durch Differenzierung des Humifizierungsgrades in drei Stufen: Hfn gering huumifiziertr, Hen mittel bist stark humifieziert, hhn stark bis vollst\u00e4ndig humifiziert\" \/>\n<meta name=\"robots\" content=\"index, follow, max-snippet:-1, max-image-preview:large, max-video-preview:-1\" \/>\n<link rel=\"canonical\" href=\"https:\/\/www.humusformen.de\/?page_id=153\" \/>\n<meta property=\"og:locale\" content=\"de_DE\" \/>\n<meta property=\"og:type\" content=\"article\" \/>\n<meta property=\"og:title\" content=\"H-Horizonte - Humusformen\" \/>\n<meta property=\"og:description\" content=\"Definition der humusformenrelevanten Torf-Horizonte, Hn, Hw, Hv, Hm,Horizont mit rezenter Torfbildung: Hn, Differenzierung der-H-Horizonte an der Bodenoberfl\u00e4che durch Differenzierung des Humifizierungsgrades in drei Stufen: Hfn gering huumifiziertr, Hen mittel bist stark humifieziert, hhn stark bis vollst\u00e4ndig humifiziert\" \/>\n<meta property=\"og:url\" content=\"https:\/\/www.humusformen.de\/?page_id=153\" \/>\n<meta property=\"og:site_name\" content=\"Humusformen\" \/>\n<meta property=\"article:modified_time\" content=\"2023-09-13T13:57:59+00:00\" \/>\n<meta property=\"og:image\" content=\"https:\/\/www.humusformen.de\/wp-content\/uploads\/2021\/12\/DBG03_24_Hochmoor_schwach-zersetzter-Sphagnumtorf-195x300.jpg\" \/>\n<meta name=\"twitter:card\" content=\"summary_large_image\" \/>\n<meta name=\"twitter:label1\" content=\"Gesch\u00e4tzte Lesezeit\" \/>\n\t<meta name=\"twitter:data1\" content=\"3 Minuten\" \/>\n<script type=\"application\/ld+json\" class=\"yoast-schema-graph\">{\"@context\":\"https:\/\/schema.org\",\"@graph\":[{\"@type\":\"WebPage\",\"@id\":\"https:\/\/www.humusformen.de\/?page_id=153\",\"url\":\"https:\/\/www.humusformen.de\/?page_id=153\",\"name\":\"H-Horizonte - Humusformen\",\"isPartOf\":{\"@id\":\"https:\/\/www.humusformen.de\/#website\"},\"datePublished\":\"2021-11-07T16:49:36+00:00\",\"dateModified\":\"2023-09-13T13:57:59+00:00\",\"description\":\"Definition der humusformenrelevanten Torf-Horizonte, Hn, Hw, Hv, Hm,Horizont mit rezenter Torfbildung: Hn, Differenzierung der-H-Horizonte an der Bodenoberfl\u00e4che durch Differenzierung des Humifizierungsgrades in drei Stufen: Hfn gering huumifiziertr, Hen mittel bist stark humifieziert, hhn stark bis vollst\u00e4ndig humifiziert\",\"breadcrumb\":{\"@id\":\"https:\/\/www.humusformen.de\/?page_id=153#breadcrumb\"},\"inLanguage\":\"de-DE\",\"potentialAction\":[{\"@type\":\"ReadAction\",\"target\":[\"https:\/\/www.humusformen.de\/?page_id=153\"]}]},{\"@type\":\"BreadcrumbList\",\"@id\":\"https:\/\/www.humusformen.de\/?page_id=153#breadcrumb\",\"itemListElement\":[{\"@type\":\"ListItem\",\"position\":1,\"name\":\"Startseite\",\"item\":\"https:\/\/www.humusformen.de\/\"},{\"@type\":\"ListItem\",\"position\":2,\"name\":\"Horizonte\",\"item\":\"https:\/\/www.humusformen.de\/?page_id=109\"},{\"@type\":\"ListItem\",\"position\":3,\"name\":\"H-Horizonte\"}]},{\"@type\":\"WebSite\",\"@id\":\"https:\/\/www.humusformen.de\/#website\",\"url\":\"https:\/\/www.humusformen.de\/\",\"name\":\"Humusformen\",\"description\":\"AG Humusformen der Deutschen Bodenkundlichen Gesellschaft\",\"potentialAction\":[{\"@type\":\"SearchAction\",\"target\":{\"@type\":\"EntryPoint\",\"urlTemplate\":\"https:\/\/www.humusformen.de\/?s={search_term_string}\"},\"query-input\":\"required name=search_term_string\"}],\"inLanguage\":\"de-DE\"}]}<\/script>\n<!-- \/ Yoast SEO plugin. -->","yoast_head_json":{"title":"H-Horizonte - Humusformen","description":"Definition der humusformenrelevanten Torf-Horizonte, Hn, Hw, Hv, Hm,Horizont mit rezenter Torfbildung: Hn, Differenzierung der-H-Horizonte an der Bodenoberfl\u00e4che durch Differenzierung des Humifizierungsgrades in drei Stufen: Hfn gering huumifiziertr, Hen mittel bist stark humifieziert, hhn stark bis vollst\u00e4ndig humifiziert","robots":{"index":"index","follow":"follow","max-snippet":"max-snippet:-1","max-image-preview":"max-image-preview:large","max-video-preview":"max-video-preview:-1"},"canonical":"https:\/\/www.humusformen.de\/?page_id=153","og_locale":"de_DE","og_type":"article","og_title":"H-Horizonte - Humusformen","og_description":"Definition der humusformenrelevanten Torf-Horizonte, Hn, Hw, Hv, Hm,Horizont mit rezenter Torfbildung: Hn, Differenzierung der-H-Horizonte an der Bodenoberfl\u00e4che durch Differenzierung des Humifizierungsgrades in drei Stufen: Hfn gering huumifiziertr, Hen mittel bist stark humifieziert, hhn stark bis vollst\u00e4ndig humifiziert","og_url":"https:\/\/www.humusformen.de\/?page_id=153","og_site_name":"Humusformen","article_modified_time":"2023-09-13T13:57:59+00:00","og_image":[{"url":"https:\/\/www.humusformen.de\/wp-content\/uploads\/2021\/12\/DBG03_24_Hochmoor_schwach-zersetzter-Sphagnumtorf-195x300.jpg"}],"twitter_card":"summary_large_image","twitter_misc":{"Gesch\u00e4tzte Lesezeit":"3 Minuten"},"schema":{"@context":"https:\/\/schema.org","@graph":[{"@type":"WebPage","@id":"https:\/\/www.humusformen.de\/?page_id=153","url":"https:\/\/www.humusformen.de\/?page_id=153","name":"H-Horizonte - Humusformen","isPartOf":{"@id":"https:\/\/www.humusformen.de\/#website"},"datePublished":"2021-11-07T16:49:36+00:00","dateModified":"2023-09-13T13:57:59+00:00","description":"Definition der humusformenrelevanten Torf-Horizonte, Hn, Hw, Hv, Hm,Horizont mit rezenter Torfbildung: Hn, Differenzierung der-H-Horizonte an der Bodenoberfl\u00e4che durch Differenzierung des Humifizierungsgrades in drei Stufen: Hfn gering huumifiziertr, Hen mittel bist stark humifieziert, hhn stark bis vollst\u00e4ndig humifiziert","breadcrumb":{"@id":"https:\/\/www.humusformen.de\/?page_id=153#breadcrumb"},"inLanguage":"de-DE","potentialAction":[{"@type":"ReadAction","target":["https:\/\/www.humusformen.de\/?page_id=153"]}]},{"@type":"BreadcrumbList","@id":"https:\/\/www.humusformen.de\/?page_id=153#breadcrumb","itemListElement":[{"@type":"ListItem","position":1,"name":"Startseite","item":"https:\/\/www.humusformen.de\/"},{"@type":"ListItem","position":2,"name":"Horizonte","item":"https:\/\/www.humusformen.de\/?page_id=109"},{"@type":"ListItem","position":3,"name":"H-Horizonte"}]},{"@type":"WebSite","@id":"https:\/\/www.humusformen.de\/#website","url":"https:\/\/www.humusformen.de\/","name":"Humusformen","description":"AG Humusformen der Deutschen Bodenkundlichen Gesellschaft","potentialAction":[{"@type":"SearchAction","target":{"@type":"EntryPoint","urlTemplate":"https:\/\/www.humusformen.de\/?s={search_term_string}"},"query-input":"required name=search_term_string"}],"inLanguage":"de-DE"}]}},"_links":{"self":[{"href":"https:\/\/www.humusformen.de\/index.php?rest_route=\/wp\/v2\/pages\/153"}],"collection":[{"href":"https:\/\/www.humusformen.de\/index.php?rest_route=\/wp\/v2\/pages"}],"about":[{"href":"https:\/\/www.humusformen.de\/index.php?rest_route=\/wp\/v2\/types\/page"}],"author":[{"embeddable":true,"href":"https:\/\/www.humusformen.de\/index.php?rest_route=\/wp\/v2\/users\/1"}],"replies":[{"embeddable":true,"href":"https:\/\/www.humusformen.de\/index.php?rest_route=%2Fwp%2Fv2%2Fcomments&post=153"}],"version-history":[{"count":18,"href":"https:\/\/www.humusformen.de\/index.php?rest_route=\/wp\/v2\/pages\/153\/revisions"}],"predecessor-version":[{"id":1056,"href":"https:\/\/www.humusformen.de\/index.php?rest_route=\/wp\/v2\/pages\/153\/revisions\/1056"}],"up":[{"embeddable":true,"href":"https:\/\/www.humusformen.de\/index.php?rest_route=\/wp\/v2\/pages\/109"}],"wp:attachment":[{"href":"https:\/\/www.humusformen.de\/index.php?rest_route=%2Fwp%2Fv2%2Fmedia&parent=153"}],"curies":[{"name":"wp","href":"https:\/\/api.w.org\/{rel}","templated":true}]}}