{"id":150,"date":"2021-11-07T17:49:11","date_gmt":"2021-11-07T16:49:11","guid":{"rendered":"https:\/\/www.humusformen.de\/?page_id=150"},"modified":"2023-09-13T16:00:38","modified_gmt":"2023-09-13T14:00:38","slug":"a-hoorizonte","status":"publish","type":"page","link":"https:\/\/www.humusformen.de\/?page_id=150","title":{"rendered":"A-Horizonte"},"content":{"rendered":"<p><strong>Ai-Horizont<\/strong><br \/>\nA-Horizont mit beginnender Bodenbildung und dadurch erst geringer Akkumulation von organischer Substanz [i von initial].<\/p>\n<ul>\n<li>a) Gehalt an organischem Kohlenstoff \u2265 0,6 Masse-%, Horizont l\u00fcckig entwickelt und &lt;\u00a02\u00a0cm<br \/>\nm\u00e4chtig oder<\/li>\n<li>b) Gehalt an organischem Kohlenstoff &lt;0,6 Masse-% und Horizont \u2265 2 cm m\u00e4chtig<\/li>\n<\/ul>\n<p>Ai-Horizonte bilden keine \u00dcberg\u00e4nge zu anderen Horizonten.<\/p>\n<p><strong>Ah-Horizont<\/strong><br \/>\nA-Horizont mit akkumuliertem organischem Kohlenstoff, dessen Menge in der Regel nach unten hin abnimmt [h von humos].<\/p>\n<ul>\n<li>Gehalt an organischem Kohlenstoff \u2265 0,6 Masse-% und<\/li>\n<li>die Kriterien f\u00fcr Ai-, Au-, Ab-, Ax- und Aa-Horizonte sind nicht erf\u00fcllt<\/li>\n<\/ul>\n<blockquote>\n<div id=\"attachment_1005\" style=\"width: 310px\" class=\"wp-caption alignnone\"><img loading=\"lazy\" decoding=\"async\" aria-describedby=\"caption-attachment-1005\" class=\"size-medium wp-image-1005\" src=\"https:\/\/www.humusformen.de\/wp-content\/uploads\/2023\/07\/Ah-Horizont-300x182.jpg\" alt=\"\" width=\"300\" height=\"182\" srcset=\"https:\/\/www.humusformen.de\/wp-content\/uploads\/2023\/07\/Ah-Horizont-300x182.jpg 300w, https:\/\/www.humusformen.de\/wp-content\/uploads\/2023\/07\/Ah-Horizont-1024x621.jpg 1024w, https:\/\/www.humusformen.de\/wp-content\/uploads\/2023\/07\/Ah-Horizont-768x466.jpg 768w, https:\/\/www.humusformen.de\/wp-content\/uploads\/2023\/07\/Ah-Horizont-495x300.jpg 495w, https:\/\/www.humusformen.de\/wp-content\/uploads\/2023\/07\/Ah-Horizont.jpg 1214w\" sizes=\"(max-width: 300px) 100vw, 300px\" \/><p id=\"caption-attachment-1005\" class=\"wp-caption-text\">Ah-Horizont (Gerhard Milbert)<\/p><\/div><\/blockquote>\n<p><strong>Aih-Horizont<\/strong><br \/>\nAh-\u00dcbergangshorizont, geringm\u00e4chtig, organische Substanz besteht in der Regel vorwiegend aus unzersetzten Pflanzenresten.<\/p>\n<ol start=\"4\">\n<li><strong>Gehalt an organischem Kohlenstoff \u2265 0,6 Masse-% und<\/strong><\/li>\n<li><strong>M\u00e4chtigkeit &lt; 2 cm und durchg\u00e4ngig entwickelt<\/strong><\/li>\n<\/ol>\n<p><strong>Au-Horizont<\/strong><br \/>\nA-Horizont mit geringer Basens\u00e4ttigung, durch Humus sehr dunkel gef\u00e4rbt, mit gut ausgepr\u00e4gtem und stabilem Aggregatgef\u00fcge, bei Austrocknung nicht verh\u00e4rtend, mit ausgepr\u00e4gter Bioturbation (Regenwurmt\u00e4tigkeit, meist tiefer im Profil gut erkennbar). In der Regel Bodenart lehmiger Sand (Sl3) oder feiner (i.\u00a0d.\u00a0R. lehmiger). Unter Wald in der Regel Humusform Mull [u von umbra, Schatten].<\/p>\n<ul>\n<li>Gehalt an organischem Kohlenstoff \u2265 1 Masse-% und<\/li>\n<li>a) Value \u2264 3 und Chroma \u2264 4 oder<\/li>\n<li>b) Value \u2264 4 und Chroma \u2264 3 und<\/li>\n<li>stabiles Kr\u00fcmel- oder stabiles feines Subpolyedergef\u00fcge [Gr\u00f6\u00dfe der Gef\u00fcgeelemente &lt;\u00a05\u00a0mm =gro4] in \u2265\u00a050 % des Volumens und<\/li>\n<li>Regenwurmg\u00e4nge vorhanden und<\/li>\n<li>Basens\u00e4ttigung (eff.) &lt; 50 %<\/li>\n<\/ul>\n<p><strong>Ax-Horizont<\/strong><br \/>\nA-Horizont mit hoher Basens\u00e4ttigung, durch Humus sehr dunkel gef\u00e4rbt, gut ausgepr\u00e4gtem und stabilem Aggregatgef\u00fcge, bei Austrocknung nicht verh\u00e4rtend, mit ausgepr\u00e4gter Bioturbation (Regenwurmt\u00e4tigkeit). Unter Wald in der Regel Humusform L-Mull. H\u00e4ufig durch Pflugt\u00e4tigkeit \u00fcberpr\u00e4gt [x von gemixt].<\/p>\n<ul>\n<li>A-Horizont mit Gehalt an organischem Kohlenstoff \u2265 0,6 Masse-% und<\/li>\n<li>Value \u2264 3 und Chroma \u2264 3 und<\/li>\n<li>stabiles Kr\u00fcmel- oder stabiles feines Subpolyedergef\u00fcge [Gr\u00f6\u00dfe der Gef\u00fcgeelemente &lt;\u00a05\u00a0mm = gro4] in \u2265\u00a050\u00a0% des Volumens und<\/li>\n<li>Regenwurmg\u00e4nge vorhanden und<\/li>\n<li>Basens\u00e4ttigung (eff) \u2265 50 %<\/li>\n<\/ul>\n<blockquote>\n<div id=\"attachment_753\" style=\"width: 255px\" class=\"wp-caption aligncenter\"><a href=\"https:\/\/www.humusformen.de\/wp-content\/uploads\/2021\/12\/feinhumusarmer-F-Mull-aus-Buchenstreu-auf-Kalkstein-Verwitterungslehm.jpg\"><img loading=\"lazy\" decoding=\"async\" aria-describedby=\"caption-attachment-753\" class=\"wp-image-753 size-medium\" src=\"https:\/\/www.humusformen.de\/wp-content\/uploads\/2021\/12\/feinhumusarmer-F-Mull-aus-Buchenstreu-auf-Kalkstein-Verwitterungslehm-245x300.jpg\" alt=\"\" width=\"245\" height=\"300\" srcset=\"https:\/\/www.humusformen.de\/wp-content\/uploads\/2021\/12\/feinhumusarmer-F-Mull-aus-Buchenstreu-auf-Kalkstein-Verwitterungslehm-245x300.jpg 245w, https:\/\/www.humusformen.de\/wp-content\/uploads\/2021\/12\/feinhumusarmer-F-Mull-aus-Buchenstreu-auf-Kalkstein-Verwitterungslehm-835x1024.jpg 835w, https:\/\/www.humusformen.de\/wp-content\/uploads\/2021\/12\/feinhumusarmer-F-Mull-aus-Buchenstreu-auf-Kalkstein-Verwitterungslehm-768x941.jpg 768w, https:\/\/www.humusformen.de\/wp-content\/uploads\/2021\/12\/feinhumusarmer-F-Mull-aus-Buchenstreu-auf-Kalkstein-Verwitterungslehm.jpg 1240w\" sizes=\"(max-width: 245px) 100vw, 245px\" \/><\/a><p id=\"caption-attachment-753\" class=\"wp-caption-text\">Feinhumusarmer F-Mull aus Buchenlaubstreu \u00fcber Kalksteinverwitterung mit Ax-Horizont,<br \/>\u00a9 Christine Wachendorf, AG Humusformen<\/p><\/div>\n<p style=\"text-align: center;\">\n<\/blockquote>\n<p><strong>Aa-Horizont<\/strong><br \/>\nA-Horizont, unter anhaltendem Grund- oder Stauwassereinfluss entstanden und aufgrund gehemmter Mineralisierung durch Sauerstoffmangel organische Feinsubstanz extrem angereichert [a von anmoorig].<\/p>\n<ul>\n<li>Gehalt an organischem Kohlenstoff von 8 bis &lt; 15 Masse-% und<\/li>\n<li>unter Einfluss von Grund- oder Stauwasser im Oberboden entstanden und<\/li>\n<li>in trockenem Zustand feines Subpolyeder- bis Kr\u00fcmelgef\u00fcge und<\/li>\n<li>im feuchten Zustand koh\u00e4rent und schmierig<\/li>\n<\/ul>\n<p><strong>Ab-Horizont<\/strong><br \/>\nA-Horizont, nach Entw\u00e4sserung aus einem H- oder U-Horizont entstanden, bei dem der Abbau der organischen Substanz die Akkumulation neuer organischer Substanz \u00fcberwiegt, oder durch Mischung mit mineralischen Substraten (Pflugt\u00e4tigkeit, Moormelioration) entstanden [b von Abbau].<\/p>\n<ul>\n<li>Gehalt an organischem Kohlenstoff von 8 bis &lt; 15 Masse-% und<\/li>\n<li>nach Entw\u00e4sserung aus einem H- oder U-Horizont entstanden und<\/li>\n<li>im feuchten Zustand schmierig und<\/li>\n<li>Einzelkorn- bis Subpolyeder- oder Feinpolyedergef\u00fcge und<\/li>\n<li>Farbe im feuchten Zustand schwarz, im trockenen Zustand grau bis schwarz<\/li>\n<\/ul>\n<p><em>Hinweis f\u00fcr die Kartierung: Zur Identifizierung m\u00fcssen Hinweise aus der Landschaftsgeschichte zu Hilfe genommen werden.<\/em><\/p>\n<p><strong>Ap-Horizont<\/strong><br \/>\nA-Horizont, durch regelm\u00e4\u00dfige Bodenbearbeitung gepr\u00e4gt und dadurch homogenisiert. Enth\u00e4lt oft eingemischte Anteile des unter dem A-Horizont folgenden Unterbodens. Horizontm\u00e4chtigkeit entspricht der Tiefe der Bodenbearbeitung [p von gepfl\u00fcgt].<\/p>\n<ul>\n<li>durch Bodenbearbeitung homogenisiert und<\/li>\n<li>mit deutlicher bis scharfer und ebenf\u00f6rmiger Untergrenze (bei reliktischen und fossilen Horizonten auch undeutlich)<\/li>\n<\/ul>\n<p>Hinweis: Ai-, Ah-, Ax-, Aa- und Ab-Horizonte, die die Kriterien des Ap-Horizonts erf\u00fcllen, bilden einen Abweichungshorizont mit dem Zusatzsymbol p. Bei diesen steht das Zusatzsymbol p hinten (z.\u00a0B. Axp, Ahp).<\/p>\n<blockquote>\n<div id=\"attachment_1006\" style=\"width: 235px\" class=\"wp-caption aligncenter\"><a href=\"https:\/\/www.humusformen.de\/wp-content\/uploads\/2023\/07\/Ap-Horizont.jpg\"><img loading=\"lazy\" decoding=\"async\" aria-describedby=\"caption-attachment-1006\" class=\"wp-image-1006 size-medium\" src=\"https:\/\/www.humusformen.de\/wp-content\/uploads\/2023\/07\/Ap-Horizont-225x300.jpg\" alt=\"\" width=\"225\" height=\"300\" srcset=\"https:\/\/www.humusformen.de\/wp-content\/uploads\/2023\/07\/Ap-Horizont-225x300.jpg 225w, https:\/\/www.humusformen.de\/wp-content\/uploads\/2023\/07\/Ap-Horizont-768x1024.jpg 768w, https:\/\/www.humusformen.de\/wp-content\/uploads\/2023\/07\/Ap-Horizont-1152x1536.jpg 1152w, https:\/\/www.humusformen.de\/wp-content\/uploads\/2023\/07\/Ap-Horizont.jpg 1500w\" sizes=\"(max-width: 225px) 100vw, 225px\" \/><\/a><p id=\"caption-attachment-1006\" class=\"wp-caption-text\">Ackerkrume, Ahp-Horizont, ca. 35 cm m\u00e4chtig (GD NRW)<\/p><\/div><\/blockquote>\n","protected":false},"excerpt":{"rendered":"<p>Ai-Horizont A-Horizont mit beginnender Bodenbildung und dadurch erst geringer Akkumulation von organischer Substanz [i von initial]. a) Gehalt an organischem Kohlenstoff \u2265 0,6 Masse-%, Horizont l\u00fcckig entwickelt und &lt;\u00a02\u00a0cm m\u00e4chtig oder b) Gehalt an organischem Kohlenstoff &lt;0,6 Masse-% und Horizont &hellip; <a href=\"https:\/\/www.humusformen.de\/?page_id=150\">Weiterlesen <span class=\"meta-nav\">&rarr;<\/span><\/a><\/p>\n","protected":false},"author":1,"featured_media":0,"parent":109,"menu_order":3,"comment_status":"closed","ping_status":"closed","template":"","meta":{"footnotes":""},"yoast_head":"<!-- This site is optimized with the Yoast SEO plugin v21.7 - https:\/\/yoast.com\/wordpress\/plugins\/seo\/ -->\n<title>A-Horizonte - Humusformen<\/title>\n<meta name=\"robots\" content=\"index, follow, max-snippet:-1, max-image-preview:large, max-video-preview:-1\" \/>\n<link rel=\"canonical\" href=\"https:\/\/www.humusformen.de\/?page_id=150\" \/>\n<meta property=\"og:locale\" content=\"de_DE\" \/>\n<meta property=\"og:type\" content=\"article\" \/>\n<meta property=\"og:title\" content=\"A-Horizonte - Humusformen\" \/>\n<meta property=\"og:description\" content=\"Ai-Horizont A-Horizont mit beginnender Bodenbildung und dadurch erst geringer Akkumulation von organischer Substanz [i von initial]. a) Gehalt an organischem Kohlenstoff \u2265 0,6 Masse-%, Horizont l\u00fcckig entwickelt und &lt;\u00a02\u00a0cm m\u00e4chtig oder b) Gehalt an organischem Kohlenstoff &lt;0,6 Masse-% und Horizont &hellip; Weiterlesen &rarr;\" \/>\n<meta property=\"og:url\" content=\"https:\/\/www.humusformen.de\/?page_id=150\" \/>\n<meta property=\"og:site_name\" content=\"Humusformen\" \/>\n<meta property=\"article:modified_time\" content=\"2023-09-13T14:00:38+00:00\" \/>\n<meta property=\"og:image\" content=\"https:\/\/www.humusformen.de\/wp-content\/uploads\/2023\/07\/Ah-Horizont-300x182.jpg\" \/>\n<meta name=\"twitter:card\" content=\"summary_large_image\" \/>\n<meta name=\"twitter:label1\" content=\"Gesch\u00e4tzte Lesezeit\" \/>\n\t<meta name=\"twitter:data1\" content=\"3 Minuten\" \/>\n<script type=\"application\/ld+json\" class=\"yoast-schema-graph\">{\"@context\":\"https:\/\/schema.org\",\"@graph\":[{\"@type\":\"WebPage\",\"@id\":\"https:\/\/www.humusformen.de\/?page_id=150\",\"url\":\"https:\/\/www.humusformen.de\/?page_id=150\",\"name\":\"A-Horizonte - Humusformen\",\"isPartOf\":{\"@id\":\"https:\/\/www.humusformen.de\/#website\"},\"datePublished\":\"2021-11-07T16:49:11+00:00\",\"dateModified\":\"2023-09-13T14:00:38+00:00\",\"breadcrumb\":{\"@id\":\"https:\/\/www.humusformen.de\/?page_id=150#breadcrumb\"},\"inLanguage\":\"de-DE\",\"potentialAction\":[{\"@type\":\"ReadAction\",\"target\":[\"https:\/\/www.humusformen.de\/?page_id=150\"]}]},{\"@type\":\"BreadcrumbList\",\"@id\":\"https:\/\/www.humusformen.de\/?page_id=150#breadcrumb\",\"itemListElement\":[{\"@type\":\"ListItem\",\"position\":1,\"name\":\"Startseite\",\"item\":\"https:\/\/www.humusformen.de\/\"},{\"@type\":\"ListItem\",\"position\":2,\"name\":\"Horizonte\",\"item\":\"https:\/\/www.humusformen.de\/?page_id=109\"},{\"@type\":\"ListItem\",\"position\":3,\"name\":\"A-Horizonte\"}]},{\"@type\":\"WebSite\",\"@id\":\"https:\/\/www.humusformen.de\/#website\",\"url\":\"https:\/\/www.humusformen.de\/\",\"name\":\"Humusformen\",\"description\":\"AG Humusformen der Deutschen Bodenkundlichen Gesellschaft\",\"potentialAction\":[{\"@type\":\"SearchAction\",\"target\":{\"@type\":\"EntryPoint\",\"urlTemplate\":\"https:\/\/www.humusformen.de\/?s={search_term_string}\"},\"query-input\":\"required name=search_term_string\"}],\"inLanguage\":\"de-DE\"}]}<\/script>\n<!-- \/ Yoast SEO plugin. -->","yoast_head_json":{"title":"A-Horizonte - Humusformen","robots":{"index":"index","follow":"follow","max-snippet":"max-snippet:-1","max-image-preview":"max-image-preview:large","max-video-preview":"max-video-preview:-1"},"canonical":"https:\/\/www.humusformen.de\/?page_id=150","og_locale":"de_DE","og_type":"article","og_title":"A-Horizonte - Humusformen","og_description":"Ai-Horizont A-Horizont mit beginnender Bodenbildung und dadurch erst geringer Akkumulation von organischer Substanz [i von initial]. a) Gehalt an organischem Kohlenstoff \u2265 0,6 Masse-%, Horizont l\u00fcckig entwickelt und &lt;\u00a02\u00a0cm m\u00e4chtig oder b) Gehalt an organischem Kohlenstoff &lt;0,6 Masse-% und Horizont &hellip; Weiterlesen &rarr;","og_url":"https:\/\/www.humusformen.de\/?page_id=150","og_site_name":"Humusformen","article_modified_time":"2023-09-13T14:00:38+00:00","og_image":[{"url":"https:\/\/www.humusformen.de\/wp-content\/uploads\/2023\/07\/Ah-Horizont-300x182.jpg"}],"twitter_card":"summary_large_image","twitter_misc":{"Gesch\u00e4tzte Lesezeit":"3 Minuten"},"schema":{"@context":"https:\/\/schema.org","@graph":[{"@type":"WebPage","@id":"https:\/\/www.humusformen.de\/?page_id=150","url":"https:\/\/www.humusformen.de\/?page_id=150","name":"A-Horizonte - Humusformen","isPartOf":{"@id":"https:\/\/www.humusformen.de\/#website"},"datePublished":"2021-11-07T16:49:11+00:00","dateModified":"2023-09-13T14:00:38+00:00","breadcrumb":{"@id":"https:\/\/www.humusformen.de\/?page_id=150#breadcrumb"},"inLanguage":"de-DE","potentialAction":[{"@type":"ReadAction","target":["https:\/\/www.humusformen.de\/?page_id=150"]}]},{"@type":"BreadcrumbList","@id":"https:\/\/www.humusformen.de\/?page_id=150#breadcrumb","itemListElement":[{"@type":"ListItem","position":1,"name":"Startseite","item":"https:\/\/www.humusformen.de\/"},{"@type":"ListItem","position":2,"name":"Horizonte","item":"https:\/\/www.humusformen.de\/?page_id=109"},{"@type":"ListItem","position":3,"name":"A-Horizonte"}]},{"@type":"WebSite","@id":"https:\/\/www.humusformen.de\/#website","url":"https:\/\/www.humusformen.de\/","name":"Humusformen","description":"AG Humusformen der Deutschen Bodenkundlichen Gesellschaft","potentialAction":[{"@type":"SearchAction","target":{"@type":"EntryPoint","urlTemplate":"https:\/\/www.humusformen.de\/?s={search_term_string}"},"query-input":"required name=search_term_string"}],"inLanguage":"de-DE"}]}},"_links":{"self":[{"href":"https:\/\/www.humusformen.de\/index.php?rest_route=\/wp\/v2\/pages\/150"}],"collection":[{"href":"https:\/\/www.humusformen.de\/index.php?rest_route=\/wp\/v2\/pages"}],"about":[{"href":"https:\/\/www.humusformen.de\/index.php?rest_route=\/wp\/v2\/types\/page"}],"author":[{"embeddable":true,"href":"https:\/\/www.humusformen.de\/index.php?rest_route=\/wp\/v2\/users\/1"}],"replies":[{"embeddable":true,"href":"https:\/\/www.humusformen.de\/index.php?rest_route=%2Fwp%2Fv2%2Fcomments&post=150"}],"version-history":[{"count":14,"href":"https:\/\/www.humusformen.de\/index.php?rest_route=\/wp\/v2\/pages\/150\/revisions"}],"predecessor-version":[{"id":1059,"href":"https:\/\/www.humusformen.de\/index.php?rest_route=\/wp\/v2\/pages\/150\/revisions\/1059"}],"up":[{"embeddable":true,"href":"https:\/\/www.humusformen.de\/index.php?rest_route=\/wp\/v2\/pages\/109"}],"wp:attachment":[{"href":"https:\/\/www.humusformen.de\/index.php?rest_route=%2Fwp%2Fv2%2Fmedia&parent=150"}],"curies":[{"name":"wp","href":"https:\/\/api.w.org\/{rel}","templated":true}]}}