{"id":123,"date":"2021-11-07T14:20:43","date_gmt":"2021-11-07T13:20:43","guid":{"rendered":"https:\/\/www.humusformen.de\/?page_id=123"},"modified":"2022-05-12T18:04:55","modified_gmt":"2022-05-12T16:04:55","slug":"arbeitsgruppe-humusformen-der-deutschen-bodenkundlichen-gesellschaft","status":"publish","type":"page","link":"https:\/\/www.humusformen.de\/?page_id=123","title":{"rendered":"Arbeitsgruppe"},"content":{"rendered":"\r\n<blockquote>\r\n<figure class=\"wp-block-image size-large\"><a href=\"https:\/\/www.humusformen.de\/wp-content\/uploads\/2021\/11\/DSCN4091-scaled.jpg\"><img loading=\"lazy\" decoding=\"async\" class=\"alignnone wp-image-46\" src=\"https:\/\/www.humusformen.de\/wp-content\/uploads\/2021\/11\/DSCN4091-1024x768.jpg\" alt=\"\" width=\"1024\" height=\"768\" srcset=\"https:\/\/www.humusformen.de\/wp-content\/uploads\/2021\/11\/DSCN4091-1024x768.jpg 1024w, https:\/\/www.humusformen.de\/wp-content\/uploads\/2021\/11\/DSCN4091-300x225.jpg 300w, https:\/\/www.humusformen.de\/wp-content\/uploads\/2021\/11\/DSCN4091-768x576.jpg 768w, https:\/\/www.humusformen.de\/wp-content\/uploads\/2021\/11\/DSCN4091-1536x1152.jpg 1536w, https:\/\/www.humusformen.de\/wp-content\/uploads\/2021\/11\/DSCN4091-2048x1536.jpg 2048w, https:\/\/www.humusformen.de\/wp-content\/uploads\/2021\/11\/DSCN4091-400x300.jpg 400w\" sizes=\"(max-width: 1024px) 100vw, 1024px\" \/><\/a><br \/><br \/>AG Humusformen &#8211; Workshop zu Humusformen im Wettersteingebirge bei Garmich-Partenkirchen<\/figure>\r\n<\/blockquote>\r\n<p>Die AG-Humusformen hat die Aufgabe, die Gliederung der Humusformen systematisch weiterzuentwickeln und im Rahmen von Vortr\u00e4gen und Exkursionen zur Ausbildung des bodenkundlichen Nachwuchses und zur Fortbildung der kartierenden BodenkundlerInnen beizutragen. Die Arbeitsgruppe ist seit 2008 der Kommission III &#8211; Bodenbiologie &#8211; zugeordnet.<\/p>\r\n<p>\r\n\r\n<\/p>\r\n<p>Alle am Thema &#8218;Humusformen&#8216; interessierten Mitglieder der Deutschen Bodenkundlichen Gesellschaft sind zur Mitarbeit herzlich eingeladen. Sowohl kartierende als auch forschende\u00a0 Kolleginnen und Kollegen der Bodenwissenschaften sind willkommen.<\/p>\r\n<p>\r\n\r\n<\/p>\r\n<p>Wenn Sie Fragen oder Anregungen haben, wenden Sie sich an unsere Vorsitzende Christine Wachendorf<br \/><a title=\"Mailkontakt\" href=\"mailto:c.wachendorf@uni-kassel.de\">Mailkontakt<\/a><\/p>\r\n<p>1976 gr\u00fcndete die Deutsche Bodenkundliche Gesellschaft den Arbeitskreis Humusformen. Der AK erhielt die Aufgabe, die Gliederung der Humusformen systematisch weiterzuentwickeln und im Rahmen von Vortr\u00e4gen und Exkursionen zur Ausbildung des bodenkundlichen Nachwuchses und zur Fortbildung der kartierenden Bodenkundler beizutragen. Nach einer Satzungs\u00e4nderung der DBG und Beschluss des Vorstandes wird im Januar der Arbeitskreis als Arbeitsgruppe Humusformen der Kommission III &#8211; Bodenbiologie &#8211; zugeordnet. Zur Zeit ist Christine Wachendorf Sprecherin der Arbeitsgruppe.<\/p>\r\n\r\n\r\n\r\n<p>Der Stand der Humusformengliederung wird in den jeweils aktuellen Auflagen der Bodenkundlichen Kartieranleitung und der Forstlichen Standortsaufnahme ver\u00f6ffentlicht. Inzwischen hat die AG die bisherige Gliederung wesentlich \u00fcbearbeitet. Die neue Gliederung wird in der 6. Auflage der Bodenkundlichen Kartieranleitung ver\u00f6ffentlicht.<\/p>\r\n\r\n\r\n\r\n<p>Defizite bestehen nach wie vor bei der Beschreibung und Gliederung von Humusformen auf feuchten, nassen und dauernassen Standorten sowie bei der Beschreibung und Gliederung von Offenland-Humusformen. Die Arbeitsgruppe sieht seine Hauptaufgabe im Abbau dieser Defizite in den kommenden Jahren.<\/p>\r\n\r\n\r\n","protected":false},"excerpt":{"rendered":"<p>AG Humusformen &#8211; Workshop zu Humusformen im Wettersteingebirge bei Garmich-Partenkirchen Die AG-Humusformen hat die Aufgabe, die Gliederung der Humusformen systematisch weiterzuentwickeln und im Rahmen von Vortr\u00e4gen und Exkursionen zur Ausbildung des bodenkundlichen Nachwuchses und zur Fortbildung der kartierenden BodenkundlerInnen beizutragen. &hellip; <a href=\"https:\/\/www.humusformen.de\/?page_id=123\">Weiterlesen <span class=\"meta-nav\">&rarr;<\/span><\/a><\/p>\n","protected":false},"author":1,"featured_media":0,"parent":0,"menu_order":0,"comment_status":"closed","ping_status":"closed","template":"","meta":{"footnotes":""},"yoast_head":"<!-- This site is optimized with the Yoast SEO plugin v21.7 - https:\/\/yoast.com\/wordpress\/plugins\/seo\/ -->\n<title>Arbeitsgruppe - Humusformen<\/title>\n<meta name=\"description\" content=\"Arbeitsgruppe der DBG-Kommission III \/ Bodenbiologie, Weiterentwicklung der systematischen Gliederung der Humusformen, Tagungen und Workshops zur Schulung der Studierenden und der Berufst\u00e4tigen, Definition humusformenrelevanter Horizonte, sytematische und hierarchische Definition und Gliederung der Humusformen\" \/>\n<meta name=\"robots\" content=\"index, follow, max-snippet:-1, max-image-preview:large, max-video-preview:-1\" \/>\n<link rel=\"canonical\" href=\"https:\/\/www.humusformen.de\/?page_id=123\" \/>\n<meta property=\"og:locale\" content=\"de_DE\" \/>\n<meta property=\"og:type\" content=\"article\" \/>\n<meta property=\"og:title\" content=\"Arbeitsgruppe - Humusformen\" \/>\n<meta property=\"og:description\" content=\"Arbeitsgruppe der DBG-Kommission III \/ Bodenbiologie, Weiterentwicklung der systematischen Gliederung der Humusformen, Tagungen und Workshops zur Schulung der Studierenden und der Berufst\u00e4tigen, Definition humusformenrelevanter Horizonte, sytematische und hierarchische Definition und Gliederung der Humusformen\" \/>\n<meta property=\"og:url\" content=\"https:\/\/www.humusformen.de\/?page_id=123\" \/>\n<meta property=\"og:site_name\" content=\"Humusformen\" \/>\n<meta property=\"article:modified_time\" content=\"2022-05-12T16:04:55+00:00\" \/>\n<meta property=\"og:image\" content=\"https:\/\/www.humusformen.de\/wp-content\/uploads\/2021\/11\/DSCN4091-1024x768.jpg\" \/>\n<meta name=\"twitter:card\" content=\"summary_large_image\" \/>\n<meta name=\"twitter:label1\" content=\"Gesch\u00e4tzte Lesezeit\" \/>\n\t<meta name=\"twitter:data1\" content=\"1 Minute\" \/>\n<script type=\"application\/ld+json\" class=\"yoast-schema-graph\">{\"@context\":\"https:\/\/schema.org\",\"@graph\":[{\"@type\":\"WebPage\",\"@id\":\"https:\/\/www.humusformen.de\/?page_id=123\",\"url\":\"https:\/\/www.humusformen.de\/?page_id=123\",\"name\":\"Arbeitsgruppe - Humusformen\",\"isPartOf\":{\"@id\":\"https:\/\/www.humusformen.de\/#website\"},\"datePublished\":\"2021-11-07T13:20:43+00:00\",\"dateModified\":\"2022-05-12T16:04:55+00:00\",\"description\":\"Arbeitsgruppe der DBG-Kommission III \/ Bodenbiologie, Weiterentwicklung der systematischen Gliederung der Humusformen, Tagungen und Workshops zur Schulung der Studierenden und der Berufst\u00e4tigen, Definition humusformenrelevanter Horizonte, sytematische und hierarchische Definition und Gliederung der Humusformen\",\"breadcrumb\":{\"@id\":\"https:\/\/www.humusformen.de\/?page_id=123#breadcrumb\"},\"inLanguage\":\"de-DE\",\"potentialAction\":[{\"@type\":\"ReadAction\",\"target\":[\"https:\/\/www.humusformen.de\/?page_id=123\"]}]},{\"@type\":\"BreadcrumbList\",\"@id\":\"https:\/\/www.humusformen.de\/?page_id=123#breadcrumb\",\"itemListElement\":[{\"@type\":\"ListItem\",\"position\":1,\"name\":\"Startseite\",\"item\":\"https:\/\/www.humusformen.de\/\"},{\"@type\":\"ListItem\",\"position\":2,\"name\":\"Arbeitsgruppe\"}]},{\"@type\":\"WebSite\",\"@id\":\"https:\/\/www.humusformen.de\/#website\",\"url\":\"https:\/\/www.humusformen.de\/\",\"name\":\"Humusformen\",\"description\":\"AG Humusformen der Deutschen Bodenkundlichen Gesellschaft\",\"potentialAction\":[{\"@type\":\"SearchAction\",\"target\":{\"@type\":\"EntryPoint\",\"urlTemplate\":\"https:\/\/www.humusformen.de\/?s={search_term_string}\"},\"query-input\":\"required name=search_term_string\"}],\"inLanguage\":\"de-DE\"}]}<\/script>\n<!-- \/ Yoast SEO plugin. -->","yoast_head_json":{"title":"Arbeitsgruppe - Humusformen","description":"Arbeitsgruppe der DBG-Kommission III \/ Bodenbiologie, Weiterentwicklung der systematischen Gliederung der Humusformen, Tagungen und Workshops zur Schulung der Studierenden und der Berufst\u00e4tigen, Definition humusformenrelevanter Horizonte, sytematische und hierarchische Definition und Gliederung der Humusformen","robots":{"index":"index","follow":"follow","max-snippet":"max-snippet:-1","max-image-preview":"max-image-preview:large","max-video-preview":"max-video-preview:-1"},"canonical":"https:\/\/www.humusformen.de\/?page_id=123","og_locale":"de_DE","og_type":"article","og_title":"Arbeitsgruppe - Humusformen","og_description":"Arbeitsgruppe der DBG-Kommission III \/ Bodenbiologie, Weiterentwicklung der systematischen Gliederung der Humusformen, Tagungen und Workshops zur Schulung der Studierenden und der Berufst\u00e4tigen, Definition humusformenrelevanter Horizonte, sytematische und hierarchische Definition und Gliederung der Humusformen","og_url":"https:\/\/www.humusformen.de\/?page_id=123","og_site_name":"Humusformen","article_modified_time":"2022-05-12T16:04:55+00:00","og_image":[{"url":"https:\/\/www.humusformen.de\/wp-content\/uploads\/2021\/11\/DSCN4091-1024x768.jpg"}],"twitter_card":"summary_large_image","twitter_misc":{"Gesch\u00e4tzte Lesezeit":"1 Minute"},"schema":{"@context":"https:\/\/schema.org","@graph":[{"@type":"WebPage","@id":"https:\/\/www.humusformen.de\/?page_id=123","url":"https:\/\/www.humusformen.de\/?page_id=123","name":"Arbeitsgruppe - Humusformen","isPartOf":{"@id":"https:\/\/www.humusformen.de\/#website"},"datePublished":"2021-11-07T13:20:43+00:00","dateModified":"2022-05-12T16:04:55+00:00","description":"Arbeitsgruppe der DBG-Kommission III \/ Bodenbiologie, Weiterentwicklung der systematischen Gliederung der Humusformen, Tagungen und Workshops zur Schulung der Studierenden und der Berufst\u00e4tigen, Definition humusformenrelevanter Horizonte, sytematische und hierarchische Definition und Gliederung der Humusformen","breadcrumb":{"@id":"https:\/\/www.humusformen.de\/?page_id=123#breadcrumb"},"inLanguage":"de-DE","potentialAction":[{"@type":"ReadAction","target":["https:\/\/www.humusformen.de\/?page_id=123"]}]},{"@type":"BreadcrumbList","@id":"https:\/\/www.humusformen.de\/?page_id=123#breadcrumb","itemListElement":[{"@type":"ListItem","position":1,"name":"Startseite","item":"https:\/\/www.humusformen.de\/"},{"@type":"ListItem","position":2,"name":"Arbeitsgruppe"}]},{"@type":"WebSite","@id":"https:\/\/www.humusformen.de\/#website","url":"https:\/\/www.humusformen.de\/","name":"Humusformen","description":"AG Humusformen der Deutschen Bodenkundlichen Gesellschaft","potentialAction":[{"@type":"SearchAction","target":{"@type":"EntryPoint","urlTemplate":"https:\/\/www.humusformen.de\/?s={search_term_string}"},"query-input":"required name=search_term_string"}],"inLanguage":"de-DE"}]}},"_links":{"self":[{"href":"https:\/\/www.humusformen.de\/index.php?rest_route=\/wp\/v2\/pages\/123"}],"collection":[{"href":"https:\/\/www.humusformen.de\/index.php?rest_route=\/wp\/v2\/pages"}],"about":[{"href":"https:\/\/www.humusformen.de\/index.php?rest_route=\/wp\/v2\/types\/page"}],"author":[{"embeddable":true,"href":"https:\/\/www.humusformen.de\/index.php?rest_route=\/wp\/v2\/users\/1"}],"replies":[{"embeddable":true,"href":"https:\/\/www.humusformen.de\/index.php?rest_route=%2Fwp%2Fv2%2Fcomments&post=123"}],"version-history":[{"count":7,"href":"https:\/\/www.humusformen.de\/index.php?rest_route=\/wp\/v2\/pages\/123\/revisions"}],"predecessor-version":[{"id":839,"href":"https:\/\/www.humusformen.de\/index.php?rest_route=\/wp\/v2\/pages\/123\/revisions\/839"}],"wp:attachment":[{"href":"https:\/\/www.humusformen.de\/index.php?rest_route=%2Fwp%2Fv2%2Fmedia&parent=123"}],"curies":[{"name":"wp","href":"https:\/\/api.w.org\/{rel}","templated":true}]}}