{"id":115,"date":"2021-11-07T12:57:14","date_gmt":"2021-11-07T11:57:14","guid":{"rendered":"https:\/\/www.humusformen.de\/?page_id=115"},"modified":"2023-11-29T12:18:17","modified_gmt":"2023-11-29T11:18:17","slug":"literatur","status":"publish","type":"page","link":"https:\/\/www.humusformen.de\/?page_id=115","title":{"rendered":"Literatur"},"content":{"rendered":"\r\n<p>C. Wachendorf et al (2023): A Concept for a Consolidated Humus Form Description\u2014An Updated Version of German Humus Form Systematics .- <br \/>https:\/\/www.mdpi.com\/2037-0164\/14\/3\/50<\/p>\r\n<div class=\"art-authors hypothesis_container\"><span class=\"sciprofiles-link__name\">Tina Frank,\u00a0<\/span><span class=\"sciprofiles-link__name\">Hans-J\u00f6rg Brauckmann <\/span><span class=\"inlineblock \">and <\/span><span class=\"sciprofiles-link__name\">G<\/span><span class=\"sciprofiles-link__name\"><span class=\"sciprofiles-link__name\">abriele Broll (2023):<\/span><\/span><\/div>\r\n<div class=\"art-authors hypothesis_container\"><span class=\"sciprofiles-link__name\"><span class=\"sciprofiles-link__name\">Humus Forms of Moist and wet Forest Stands. A Review<br \/><\/span><\/span>\r\n<p class=\"title hypothesis_container\">(11\/2023) https:\/\/www.mdpi.com\/2037-0164\/14\/3\/58<\/p>\r\n<\/div>\r\n<div class=\"hypothesis_container\">\r\n<div class=\"art-affiliations\">\r\n<div class=\"affiliation \">\r\n<div class=\"affiliation-name \">\u00a0<\/div>\r\n<\/div>\r\n<\/div>\r\n<\/div>\r\n<p class=\"has-normal-font-size\"><strong>A\u00a0Bodenklassifikationen, die auch Humusformen oder organische Auflagen enthalten:<\/strong><\/p>\r\n\r\n\r\n\r\n<p>AFES\u00a0(1992): R\u00e9f\u00e9rentiel p\u00e9dologique. Principaux sols d&#8217;Europe. Coll. Techniques et Practiques, INRA Editions, Paris 222 S.<\/p>\r\n\r\n\r\n\r\n<p>AG Boden 2005: Bodenkundliche Kartieranleitung.- 6. Auflage in Vorbereitung; Hannover<strong>\u00a0<\/strong><\/p>\r\n\r\n\r\n\r\n<p>AK Standortskartierung 2016: Forstliche Standortsaufnahme.- 7. Auflage;<br \/>Landwirtschaftsverlag Hiltrup<\/p>\r\n\r\n\r\n\r\n<p>Eidgen\u00f6ssische Forschungsanstalt f\u00fcr landwirtschaftlichen Pflanzenbau Z\u00fcrich-Reckenholz\u00a0(Hrsg.) (1992): Klassifikation der B\u00f6den der Schweiz.<\/p>\r\n\r\n\r\n\r\n<p>Nestroy, O. et al.\u00a0(2011): Systematische Gliederung der B\u00f6den \u00d6sterreichs (\u00d6sterreichische Bodensystematik 2011). Mitt. d. \u00d6sterr. Bodenkdl. Ges.<\/p>\r\n\r\n\r\n\r\n<p>Soil Classification Working Group\u00a0(1998): The Canadian System of Soil Classification. Agric. And Agri-Food Ca. Publ. 1646 (revised), NRC Research Press, Ottawa<\/p>\r\n\r\n\r\n\r\n<p class=\"has-normal-font-size\"><strong>B\u00a0\u00a0\u00a0Reine Humusformenklassifikationen\u00a0<\/strong><\/p>\r\n\r\n\r\n\r\n<p>Babel; U: &amp; K. Kreutzer &amp; B. Ulrich &amp; E. v. Zezschwitz\u00a0\u00a0&amp; H.W. Z\u00f6ttel 1980:\u00a0Definitionen zur Humusmorphologie der Waldb\u00f6den.-\u00a0PUB Band 143; Weinheim<\/p>\r\n\r\n\r\n\r\n<p>Baritz, Rainer 2003:\u00a0Humus forms in forests of the Northern German lowlands : with 17 tables and 25 appendices \/ Rainer Baritz . &#8211; Stuttgart : Schweizerbart<\/p>\r\n\r\n\r\n\r\n<p>Barratt, B.C.\u00a0(1964): A classification of humusforms and micro-fabrics of temperate grasslands. J. Soil Sci. 15: 342-356\u00a0\u00a0\u00a0<\/p>\r\n<p>Bernier,\u00a0B.\u00a0(1968): Descriptive outline of forest humus-form classification. Proceedings of the 7th Meeting of CSSC (Canadian Soil Survey Comm.), Edmonton, Alta 139-154<\/p>\r\n<p>Brethes, A.0.; Brun, J.J.0.; Jabiol, B.0.; Ponge, J.F. und F. Toutain\u00a0(1992): Humus form reference base.\u00a0Referentiel Pedologique, Association francaise pour l&#8217;etude du sol, INRA, Paris, 17 S.<\/p>\r\n\r\n\r\n\r\n<p>Fox, C.A.0.; Trowbridge, R. und C. Tarnocai\u00a0(1987): Classification, macromorphology and chemical characteristics of folisols from British Columbia. Journal of Soil Science 67: 765-778\u00a0\u00a0<\/p>\r\n<p>Green, R.N.0.; Trowbridge, R.L. und K. Klinka\u00a0(1993): Towards a taxonomic classification of humus forms.\u00a0Forest Science Monograph 29Strukturbeschreibungen<\/p>\r\n\r\n\r\n\r\n<p>Hoover, M.D. und H.A. Lunt\u00a0(1952): A key for the classification of forest humus types. Soil Sci. Soc. Am.\u00a0Proc. 16: 368-370<\/p>\r\n\r\n\r\n\r\n<p>Jabiol, B.0.; Brethes, A.0.; Brun, J.-J.0.; Ponge,J.-F. und F. Toutain\u00a0(1992): Une classification morpholique et fonctionnelle des formes d&#8217;humus. Proprositions du r\u00e9f\u00e9rentiel p\u00e9dologique.<\/p>\r\n<p>Klinka, K.0.; Green, R.N.0.; Trownbridge, R.L. und L.E. Lowe\u00a0(1981): Taxonomic Classification of Humus Forms in Ecosystems of British Columbia. First Approximation, Ministry of Forests, Vancouver<\/p>\r\n<p>v. Zezschwitz 1976: Ansprachemrkmale der terrestrischen Waldhumusformen des nordwestdeutschen Mittelgebirgsraumes.- Geol. Jb. Band F 3; Hannover<\/p>\r\n\r\n\r\n\r\n<p>&nbsp;<\/p>\r\n","protected":false},"excerpt":{"rendered":"<p>C. Wachendorf et al (2023): A Concept for a Consolidated Humus Form Description\u2014An Updated Version of German Humus Form Systematics .- https:\/\/www.mdpi.com\/2037-0164\/14\/3\/50 Tina Frank,\u00a0Hans-J\u00f6rg Brauckmann and Gabriele Broll (2023): Humus Forms of Moist and wet Forest Stands. A Review (11\/2023) &hellip; <a href=\"https:\/\/www.humusformen.de\/?page_id=115\">Weiterlesen <span class=\"meta-nav\">&rarr;<\/span><\/a><\/p>\n","protected":false},"author":1,"featured_media":0,"parent":0,"menu_order":5,"comment_status":"closed","ping_status":"closed","template":"","meta":{"footnotes":""},"yoast_head":"<!-- This site is optimized with the Yoast SEO plugin v21.7 - https:\/\/yoast.com\/wordpress\/plugins\/seo\/ -->\n<title>Literatur - Humusformen<\/title>\n<meta name=\"robots\" content=\"index, follow, max-snippet:-1, max-image-preview:large, max-video-preview:-1\" \/>\n<link rel=\"canonical\" href=\"https:\/\/www.humusformen.de\/?page_id=115\" \/>\n<meta property=\"og:locale\" content=\"de_DE\" \/>\n<meta property=\"og:type\" content=\"article\" \/>\n<meta property=\"og:title\" content=\"Literatur - Humusformen\" \/>\n<meta property=\"og:description\" content=\"C. Wachendorf et al (2023): A Concept for a Consolidated Humus Form Description\u2014An Updated Version of German Humus Form Systematics .- https:\/\/www.mdpi.com\/2037-0164\/14\/3\/50 Tina Frank,\u00a0Hans-J\u00f6rg Brauckmann and Gabriele Broll (2023): Humus Forms of Moist and wet Forest Stands. A Review (11\/2023) &hellip; Weiterlesen &rarr;\" \/>\n<meta property=\"og:url\" content=\"https:\/\/www.humusformen.de\/?page_id=115\" \/>\n<meta property=\"og:site_name\" content=\"Humusformen\" \/>\n<meta property=\"article:modified_time\" content=\"2023-11-29T11:18:17+00:00\" \/>\n<meta name=\"twitter:card\" content=\"summary_large_image\" \/>\n<meta name=\"twitter:label1\" content=\"Gesch\u00e4tzte Lesezeit\" \/>\n\t<meta name=\"twitter:data1\" content=\"3 Minuten\" \/>\n<script type=\"application\/ld+json\" class=\"yoast-schema-graph\">{\"@context\":\"https:\/\/schema.org\",\"@graph\":[{\"@type\":\"WebPage\",\"@id\":\"https:\/\/www.humusformen.de\/?page_id=115\",\"url\":\"https:\/\/www.humusformen.de\/?page_id=115\",\"name\":\"Literatur - Humusformen\",\"isPartOf\":{\"@id\":\"https:\/\/www.humusformen.de\/#website\"},\"datePublished\":\"2021-11-07T11:57:14+00:00\",\"dateModified\":\"2023-11-29T11:18:17+00:00\",\"breadcrumb\":{\"@id\":\"https:\/\/www.humusformen.de\/?page_id=115#breadcrumb\"},\"inLanguage\":\"de-DE\",\"potentialAction\":[{\"@type\":\"ReadAction\",\"target\":[\"https:\/\/www.humusformen.de\/?page_id=115\"]}]},{\"@type\":\"BreadcrumbList\",\"@id\":\"https:\/\/www.humusformen.de\/?page_id=115#breadcrumb\",\"itemListElement\":[{\"@type\":\"ListItem\",\"position\":1,\"name\":\"Startseite\",\"item\":\"https:\/\/www.humusformen.de\/\"},{\"@type\":\"ListItem\",\"position\":2,\"name\":\"Literatur\"}]},{\"@type\":\"WebSite\",\"@id\":\"https:\/\/www.humusformen.de\/#website\",\"url\":\"https:\/\/www.humusformen.de\/\",\"name\":\"Humusformen\",\"description\":\"AG Humusformen der Deutschen Bodenkundlichen Gesellschaft\",\"potentialAction\":[{\"@type\":\"SearchAction\",\"target\":{\"@type\":\"EntryPoint\",\"urlTemplate\":\"https:\/\/www.humusformen.de\/?s={search_term_string}\"},\"query-input\":\"required name=search_term_string\"}],\"inLanguage\":\"de-DE\"}]}<\/script>\n<!-- \/ Yoast SEO plugin. -->","yoast_head_json":{"title":"Literatur - Humusformen","robots":{"index":"index","follow":"follow","max-snippet":"max-snippet:-1","max-image-preview":"max-image-preview:large","max-video-preview":"max-video-preview:-1"},"canonical":"https:\/\/www.humusformen.de\/?page_id=115","og_locale":"de_DE","og_type":"article","og_title":"Literatur - Humusformen","og_description":"C. Wachendorf et al (2023): A Concept for a Consolidated Humus Form Description\u2014An Updated Version of German Humus Form Systematics .- https:\/\/www.mdpi.com\/2037-0164\/14\/3\/50 Tina Frank,\u00a0Hans-J\u00f6rg Brauckmann and Gabriele Broll (2023): Humus Forms of Moist and wet Forest Stands. A Review (11\/2023) &hellip; Weiterlesen &rarr;","og_url":"https:\/\/www.humusformen.de\/?page_id=115","og_site_name":"Humusformen","article_modified_time":"2023-11-29T11:18:17+00:00","twitter_card":"summary_large_image","twitter_misc":{"Gesch\u00e4tzte Lesezeit":"3 Minuten"},"schema":{"@context":"https:\/\/schema.org","@graph":[{"@type":"WebPage","@id":"https:\/\/www.humusformen.de\/?page_id=115","url":"https:\/\/www.humusformen.de\/?page_id=115","name":"Literatur - Humusformen","isPartOf":{"@id":"https:\/\/www.humusformen.de\/#website"},"datePublished":"2021-11-07T11:57:14+00:00","dateModified":"2023-11-29T11:18:17+00:00","breadcrumb":{"@id":"https:\/\/www.humusformen.de\/?page_id=115#breadcrumb"},"inLanguage":"de-DE","potentialAction":[{"@type":"ReadAction","target":["https:\/\/www.humusformen.de\/?page_id=115"]}]},{"@type":"BreadcrumbList","@id":"https:\/\/www.humusformen.de\/?page_id=115#breadcrumb","itemListElement":[{"@type":"ListItem","position":1,"name":"Startseite","item":"https:\/\/www.humusformen.de\/"},{"@type":"ListItem","position":2,"name":"Literatur"}]},{"@type":"WebSite","@id":"https:\/\/www.humusformen.de\/#website","url":"https:\/\/www.humusformen.de\/","name":"Humusformen","description":"AG Humusformen der Deutschen Bodenkundlichen Gesellschaft","potentialAction":[{"@type":"SearchAction","target":{"@type":"EntryPoint","urlTemplate":"https:\/\/www.humusformen.de\/?s={search_term_string}"},"query-input":"required name=search_term_string"}],"inLanguage":"de-DE"}]}},"_links":{"self":[{"href":"https:\/\/www.humusformen.de\/index.php?rest_route=\/wp\/v2\/pages\/115"}],"collection":[{"href":"https:\/\/www.humusformen.de\/index.php?rest_route=\/wp\/v2\/pages"}],"about":[{"href":"https:\/\/www.humusformen.de\/index.php?rest_route=\/wp\/v2\/types\/page"}],"author":[{"embeddable":true,"href":"https:\/\/www.humusformen.de\/index.php?rest_route=\/wp\/v2\/users\/1"}],"replies":[{"embeddable":true,"href":"https:\/\/www.humusformen.de\/index.php?rest_route=%2Fwp%2Fv2%2Fcomments&post=115"}],"version-history":[{"count":14,"href":"https:\/\/www.humusformen.de\/index.php?rest_route=\/wp\/v2\/pages\/115\/revisions"}],"predecessor-version":[{"id":1085,"href":"https:\/\/www.humusformen.de\/index.php?rest_route=\/wp\/v2\/pages\/115\/revisions\/1085"}],"wp:attachment":[{"href":"https:\/\/www.humusformen.de\/index.php?rest_route=%2Fwp%2Fv2%2Fmedia&parent=115"}],"curies":[{"name":"wp","href":"https:\/\/api.w.org\/{rel}","templated":true}]}}