{"id":1101,"date":"2024-07-31T17:36:38","date_gmt":"2024-07-31T15:36:38","guid":{"rendered":"https:\/\/www.humusformen.de\/?page_id=1101"},"modified":"2024-10-03T10:20:06","modified_gmt":"2024-10-03T08:20:06","slug":"veranstaltungen","status":"publish","type":"page","link":"https:\/\/www.humusformen.de\/?page_id=1101","title":{"rendered":"Veranstaltungen"},"content":{"rendered":"<p>Tagung<strong> \u201eFeuchtw\u00e4lder im M\u00fcnsterland \u2013 Humusformen als Indikatoren f\u00fcr Bodenorganismen\u201c<\/strong><\/p>\n<p><strong>08. Oktober (13.00 Uhr) bis zum 09. Oktober 2024 (13.00 Uhr) in M\u00fcnster<\/strong> (Jugendg\u00e4stehaus Aasee, Bismarckallee 31).<\/p>\n<p>Die Tagung bildet den Abschluss des Waldklimafonds-Projektes \u201eBioFeuchtHumus\u201c, einer Kooperation zwischen der Universit\u00e4t Osnabr\u00fcck, dem Landesbetrieb Wald und Holz Nordrhein-Westfalen, dem IFAB Hamburg und der NABU-Naturschutzstation M\u00fcnsterland. Sie soll Menschen aus der Forstpraxis, der Wissenschaft, dem Naturschutz sowie weitere Interessierte zusammenzubringen, um anhand der Projektergebnisse \u00fcber die Bedeutung von Feuchtw\u00e4ldern, von Waldb\u00f6den und Humusformen zu diskutieren.<\/p>\n<p>Informationen zur Tagung und zur Anmeldung folgen a in K\u00fcrze auf der Homepage: https:\/\/www.geographie.uni-osnabrueck.de\/forschung\/arbeitsgruppe_agraroekologie_und_bodenforschung\/laufende_projekte\/biofeuchthumus.html.<\/p>\n<p>Weitere Informationen zum Projekt sowie Kontaktdaten:<\/p>\n<p><a href=\"https:\/\/www.humusformen.de\/wp-content\/uploads\/2024\/07\/Flyer-BioFeuchtHumus-online.pdf\">Flyer BioFeuchtHumus online<\/a><\/p>\n<p><a href=\"https:\/\/www.humusformen.de\/wp-content\/uploads\/2024\/10\/Einladung-BioFeuchtHumus-Fachtagung-08.-09.10.2024.pdf\">Einladung BioFeuchtHumus Fachtagung 08.-09.10.2024<\/a><\/p>\n","protected":false},"excerpt":{"rendered":"<p>Tagung \u201eFeuchtw\u00e4lder im M\u00fcnsterland \u2013 Humusformen als Indikatoren f\u00fcr Bodenorganismen\u201c 08. Oktober (13.00 Uhr) bis zum 09. Oktober 2024 (13.00 Uhr) in M\u00fcnster (Jugendg\u00e4stehaus Aasee, Bismarckallee 31). Die Tagung bildet den Abschluss des Waldklimafonds-Projektes \u201eBioFeuchtHumus\u201c, einer Kooperation zwischen der Universit\u00e4t &hellip; <a href=\"https:\/\/www.humusformen.de\/?page_id=1101\">Weiterlesen <span class=\"meta-nav\">&rarr;<\/span><\/a><\/p>\n","protected":false},"author":1,"featured_media":0,"parent":0,"menu_order":0,"comment_status":"closed","ping_status":"closed","template":"","meta":{"footnotes":""},"yoast_head":"<!-- This site is optimized with the Yoast SEO plugin v21.7 - https:\/\/yoast.com\/wordpress\/plugins\/seo\/ -->\n<title>Veranstaltungen - Humusformen<\/title>\n<meta name=\"robots\" content=\"index, follow, max-snippet:-1, max-image-preview:large, max-video-preview:-1\" \/>\n<link rel=\"canonical\" href=\"https:\/\/www.humusformen.de\/?page_id=1101\" \/>\n<meta property=\"og:locale\" content=\"de_DE\" \/>\n<meta property=\"og:type\" content=\"article\" \/>\n<meta property=\"og:title\" content=\"Veranstaltungen - Humusformen\" \/>\n<meta property=\"og:description\" content=\"Tagung \u201eFeuchtw\u00e4lder im M\u00fcnsterland \u2013 Humusformen als Indikatoren f\u00fcr Bodenorganismen\u201c 08. Oktober (13.00 Uhr) bis zum 09. Oktober 2024 (13.00 Uhr) in M\u00fcnster (Jugendg\u00e4stehaus Aasee, Bismarckallee 31). Die Tagung bildet den Abschluss des Waldklimafonds-Projektes \u201eBioFeuchtHumus\u201c, einer Kooperation zwischen der Universit\u00e4t &hellip; Weiterlesen &rarr;\" \/>\n<meta property=\"og:url\" content=\"https:\/\/www.humusformen.de\/?page_id=1101\" \/>\n<meta property=\"og:site_name\" content=\"Humusformen\" \/>\n<meta property=\"article:modified_time\" content=\"2024-10-03T08:20:06+00:00\" \/>\n<meta name=\"twitter:card\" content=\"summary_large_image\" \/>\n<meta name=\"twitter:label1\" content=\"Gesch\u00e4tzte Lesezeit\" \/>\n\t<meta name=\"twitter:data1\" content=\"1 Minute\" \/>\n<script type=\"application\/ld+json\" class=\"yoast-schema-graph\">{\"@context\":\"https:\/\/schema.org\",\"@graph\":[{\"@type\":\"WebPage\",\"@id\":\"https:\/\/www.humusformen.de\/?page_id=1101\",\"url\":\"https:\/\/www.humusformen.de\/?page_id=1101\",\"name\":\"Veranstaltungen - Humusformen\",\"isPartOf\":{\"@id\":\"https:\/\/www.humusformen.de\/#website\"},\"datePublished\":\"2024-07-31T15:36:38+00:00\",\"dateModified\":\"2024-10-03T08:20:06+00:00\",\"breadcrumb\":{\"@id\":\"https:\/\/www.humusformen.de\/?page_id=1101#breadcrumb\"},\"inLanguage\":\"de-DE\",\"potentialAction\":[{\"@type\":\"ReadAction\",\"target\":[\"https:\/\/www.humusformen.de\/?page_id=1101\"]}]},{\"@type\":\"BreadcrumbList\",\"@id\":\"https:\/\/www.humusformen.de\/?page_id=1101#breadcrumb\",\"itemListElement\":[{\"@type\":\"ListItem\",\"position\":1,\"name\":\"Startseite\",\"item\":\"https:\/\/www.humusformen.de\/\"},{\"@type\":\"ListItem\",\"position\":2,\"name\":\"Veranstaltungen\"}]},{\"@type\":\"WebSite\",\"@id\":\"https:\/\/www.humusformen.de\/#website\",\"url\":\"https:\/\/www.humusformen.de\/\",\"name\":\"Humusformen\",\"description\":\"AG Humusformen der Deutschen Bodenkundlichen Gesellschaft\",\"potentialAction\":[{\"@type\":\"SearchAction\",\"target\":{\"@type\":\"EntryPoint\",\"urlTemplate\":\"https:\/\/www.humusformen.de\/?s={search_term_string}\"},\"query-input\":\"required name=search_term_string\"}],\"inLanguage\":\"de-DE\"}]}<\/script>\n<!-- \/ Yoast SEO plugin. -->","yoast_head_json":{"title":"Veranstaltungen - Humusformen","robots":{"index":"index","follow":"follow","max-snippet":"max-snippet:-1","max-image-preview":"max-image-preview:large","max-video-preview":"max-video-preview:-1"},"canonical":"https:\/\/www.humusformen.de\/?page_id=1101","og_locale":"de_DE","og_type":"article","og_title":"Veranstaltungen - Humusformen","og_description":"Tagung \u201eFeuchtw\u00e4lder im M\u00fcnsterland \u2013 Humusformen als Indikatoren f\u00fcr Bodenorganismen\u201c 08. Oktober (13.00 Uhr) bis zum 09. Oktober 2024 (13.00 Uhr) in M\u00fcnster (Jugendg\u00e4stehaus Aasee, Bismarckallee 31). Die Tagung bildet den Abschluss des Waldklimafonds-Projektes \u201eBioFeuchtHumus\u201c, einer Kooperation zwischen der Universit\u00e4t &hellip; Weiterlesen &rarr;","og_url":"https:\/\/www.humusformen.de\/?page_id=1101","og_site_name":"Humusformen","article_modified_time":"2024-10-03T08:20:06+00:00","twitter_card":"summary_large_image","twitter_misc":{"Gesch\u00e4tzte Lesezeit":"1 Minute"},"schema":{"@context":"https:\/\/schema.org","@graph":[{"@type":"WebPage","@id":"https:\/\/www.humusformen.de\/?page_id=1101","url":"https:\/\/www.humusformen.de\/?page_id=1101","name":"Veranstaltungen - Humusformen","isPartOf":{"@id":"https:\/\/www.humusformen.de\/#website"},"datePublished":"2024-07-31T15:36:38+00:00","dateModified":"2024-10-03T08:20:06+00:00","breadcrumb":{"@id":"https:\/\/www.humusformen.de\/?page_id=1101#breadcrumb"},"inLanguage":"de-DE","potentialAction":[{"@type":"ReadAction","target":["https:\/\/www.humusformen.de\/?page_id=1101"]}]},{"@type":"BreadcrumbList","@id":"https:\/\/www.humusformen.de\/?page_id=1101#breadcrumb","itemListElement":[{"@type":"ListItem","position":1,"name":"Startseite","item":"https:\/\/www.humusformen.de\/"},{"@type":"ListItem","position":2,"name":"Veranstaltungen"}]},{"@type":"WebSite","@id":"https:\/\/www.humusformen.de\/#website","url":"https:\/\/www.humusformen.de\/","name":"Humusformen","description":"AG Humusformen der Deutschen Bodenkundlichen Gesellschaft","potentialAction":[{"@type":"SearchAction","target":{"@type":"EntryPoint","urlTemplate":"https:\/\/www.humusformen.de\/?s={search_term_string}"},"query-input":"required name=search_term_string"}],"inLanguage":"de-DE"}]}},"_links":{"self":[{"href":"https:\/\/www.humusformen.de\/index.php?rest_route=\/wp\/v2\/pages\/1101"}],"collection":[{"href":"https:\/\/www.humusformen.de\/index.php?rest_route=\/wp\/v2\/pages"}],"about":[{"href":"https:\/\/www.humusformen.de\/index.php?rest_route=\/wp\/v2\/types\/page"}],"author":[{"embeddable":true,"href":"https:\/\/www.humusformen.de\/index.php?rest_route=\/wp\/v2\/users\/1"}],"replies":[{"embeddable":true,"href":"https:\/\/www.humusformen.de\/index.php?rest_route=%2Fwp%2Fv2%2Fcomments&post=1101"}],"version-history":[{"count":3,"href":"https:\/\/www.humusformen.de\/index.php?rest_route=\/wp\/v2\/pages\/1101\/revisions"}],"predecessor-version":[{"id":1111,"href":"https:\/\/www.humusformen.de\/index.php?rest_route=\/wp\/v2\/pages\/1101\/revisions\/1111"}],"wp:attachment":[{"href":"https:\/\/www.humusformen.de\/index.php?rest_route=%2Fwp%2Fv2%2Fmedia&parent=1101"}],"curies":[{"name":"wp","href":"https:\/\/api.w.org\/{rel}","templated":true}]}}